{"id":21900,"date":"2022-04-05T20:58:34","date_gmt":"2022-04-05T20:58:34","guid":{"rendered":"https:\/\/golocalmobileguide.com\/?page_id=21900"},"modified":"2022-04-05T21:03:22","modified_gmt":"2022-04-05T21:03:22","slug":"privacy-policy-2","status":"publish","type":"page","link":"https:\/\/golocalmobileguide.com\/da\/privacy-policy-2\/","title":{"rendered":"Fortrolighedspolitik"},"content":{"rendered":"<div data-elementor-type=\"wp-page\" data-elementor-id=\"21900\" class=\"elementor elementor-21900\" data-elementor-post-type=\"page\">\n\t\t\t\t\t\t<section class=\"elementor-section elementor-top-section elementor-element elementor-element-8d56770 elementor-section-boxed elementor-section-height-default elementor-section-height-default\" data-id=\"8d56770\" data-element_type=\"section\" data-settings=\"{&quot;jet_parallax_layout_list&quot;:[{&quot;jet_parallax_layout_image&quot;:{&quot;url&quot;:&quot;&quot;,&quot;id&quot;:&quot;&quot;,&quot;size&quot;:&quot;&quot;},&quot;_id&quot;:&quot;d55bf8f&quot;,&quot;jet_parallax_layout_image_tablet&quot;:{&quot;url&quot;:&quot;&quot;,&quot;id&quot;:&quot;&quot;,&quot;size&quot;:&quot;&quot;},&quot;jet_parallax_layout_image_mobile&quot;:{&quot;url&quot;:&quot;&quot;,&quot;id&quot;:&quot;&quot;,&quot;size&quot;:&quot;&quot;},&quot;jet_parallax_layout_speed&quot;:{&quot;unit&quot;:&quot;%&quot;,&quot;size&quot;:50,&quot;sizes&quot;:[]},&quot;jet_parallax_layout_type&quot;:&quot;scroll&quot;,&quot;jet_parallax_layout_direction&quot;:&quot;1&quot;,&quot;jet_parallax_layout_fx_direction&quot;:null,&quot;jet_parallax_layout_z_index&quot;:&quot;&quot;,&quot;jet_parallax_layout_bg_x&quot;:50,&quot;jet_parallax_layout_bg_x_tablet&quot;:&quot;&quot;,&quot;jet_parallax_layout_bg_x_mobile&quot;:&quot;&quot;,&quot;jet_parallax_layout_bg_y&quot;:50,&quot;jet_parallax_layout_bg_y_tablet&quot;:&quot;&quot;,&quot;jet_parallax_layout_bg_y_mobile&quot;:&quot;&quot;,&quot;jet_parallax_layout_bg_size&quot;:&quot;auto&quot;,&quot;jet_parallax_layout_bg_size_tablet&quot;:&quot;&quot;,&quot;jet_parallax_layout_bg_size_mobile&quot;:&quot;&quot;,&quot;jet_parallax_layout_animation_prop&quot;:&quot;transform&quot;,&quot;jet_parallax_layout_on&quot;:[&quot;desktop&quot;,&quot;tablet&quot;]}],&quot;background_background&quot;:&quot;classic&quot;}\">\n\t\t\t\t\t\t<div class=\"elementor-container elementor-column-gap-default\">\n\t\t\t\t\t<div class=\"elementor-column elementor-col-100 elementor-top-column elementor-element elementor-element-df93461\" data-id=\"df93461\" data-element_type=\"column\">\n\t\t\t<div class=\"elementor-widget-wrap elementor-element-populated\">\n\t\t\t\t\t\t<div class=\"elementor-element elementor-element-2384ccb elementor-widget elementor-widget-heading\" data-id=\"2384ccb\" data-element_type=\"widget\" data-widget_type=\"heading.default\">\n\t\t\t\t<div class=\"elementor-widget-container\">\n\t\t\t\t\t<h2 class=\"elementor-heading-title elementor-size-default\">Go Local Inc Privatlivspolitik<\/h2>\t\t\t\t<\/div>\n\t\t\t\t<\/div>\n\t\t\t\t\t<\/div>\n\t\t<\/div>\n\t\t\t\t\t<\/div>\n\t\t<\/section>\n\t\t\t\t<section class=\"elementor-section elementor-top-section elementor-element elementor-element-252cd51 elementor-section-boxed elementor-section-height-default elementor-section-height-default\" data-id=\"252cd51\" data-element_type=\"section\" data-settings=\"{&quot;jet_parallax_layout_list&quot;:[{&quot;jet_parallax_layout_image&quot;:{&quot;url&quot;:&quot;&quot;,&quot;id&quot;:&quot;&quot;,&quot;size&quot;:&quot;&quot;},&quot;_id&quot;:&quot;fe7630d&quot;,&quot;jet_parallax_layout_image_tablet&quot;:{&quot;url&quot;:&quot;&quot;,&quot;id&quot;:&quot;&quot;,&quot;size&quot;:&quot;&quot;},&quot;jet_parallax_layout_image_mobile&quot;:{&quot;url&quot;:&quot;&quot;,&quot;id&quot;:&quot;&quot;,&quot;size&quot;:&quot;&quot;},&quot;jet_parallax_layout_speed&quot;:{&quot;unit&quot;:&quot;%&quot;,&quot;size&quot;:50,&quot;sizes&quot;:[]},&quot;jet_parallax_layout_type&quot;:&quot;scroll&quot;,&quot;jet_parallax_layout_direction&quot;:&quot;1&quot;,&quot;jet_parallax_layout_fx_direction&quot;:null,&quot;jet_parallax_layout_z_index&quot;:&quot;&quot;,&quot;jet_parallax_layout_bg_x&quot;:50,&quot;jet_parallax_layout_bg_x_tablet&quot;:&quot;&quot;,&quot;jet_parallax_layout_bg_x_mobile&quot;:&quot;&quot;,&quot;jet_parallax_layout_bg_y&quot;:50,&quot;jet_parallax_layout_bg_y_tablet&quot;:&quot;&quot;,&quot;jet_parallax_layout_bg_y_mobile&quot;:&quot;&quot;,&quot;jet_parallax_layout_bg_size&quot;:&quot;auto&quot;,&quot;jet_parallax_layout_bg_size_tablet&quot;:&quot;&quot;,&quot;jet_parallax_layout_bg_size_mobile&quot;:&quot;&quot;,&quot;jet_parallax_layout_animation_prop&quot;:&quot;transform&quot;,&quot;jet_parallax_layout_on&quot;:[&quot;desktop&quot;,&quot;tablet&quot;]}]}\">\n\t\t\t\t\t\t<div class=\"elementor-container elementor-column-gap-default\">\n\t\t\t\t\t<div class=\"elementor-column elementor-col-100 elementor-top-column elementor-element elementor-element-9098bfc\" data-id=\"9098bfc\" data-element_type=\"column\">\n\t\t\t<div class=\"elementor-widget-wrap elementor-element-populated\">\n\t\t\t\t\t\t<div class=\"elementor-element elementor-element-c4b6ed7 elementor-widget elementor-widget-text-editor\" data-id=\"c4b6ed7\" data-element_type=\"widget\" data-widget_type=\"text-editor.default\">\n\t\t\t\t<div class=\"elementor-widget-container\">\n\t\t\t\t\t\t\t\t\t<h2>Fortrolighedspolitik<\/h2>\n<p>Go Local Inc. er forpligtet til at beskytte sine kunders privatliv, og vi lover at beskytte sikkerheden og privatlivets fred for dine personlige oplysninger. Ved at se denne hjemmeside (https:\/\/golocalmobileguide.com), Go Local Inc. mobilapplikationer, Go Local Inc. loyalitetsprogrammer eller Go Local Inc. sociale medier (samlet kaldet &quot;Digital Marketing Program&quot;), anerkender du vores oplysninger indsamling, brug, opbevaring og videregivelsespraksis (samlet &quot;Privatlivspraksis&quot;) og samtykke til vilk\u00e5rene i denne fortrolighedspolitik. Med henblik p\u00e5 denne privatlivspolitik henviser &quot;Go Local Inc.&quot;, &quot;vi&quot;, &quot;vores&quot; eller &quot;os&quot; til Go Local Inc., et Florida-selskab, og inkluderer alle vores tilknyttede virksomheder (som defineret nedenfor).<\/p>\n<p>Denne privatlivspolitik skal l\u00e6ses i sammenh\u00e6ng med Go Local Inc.s vilk\u00e5r for brug.<\/p>\n<h3><strong>Typer af information<\/strong><\/h3>\n<p>Du har ingen forpligtelse til at give personlige oplysninger til Go Local Inc.. Brug af Digital Marketing Program, k\u00f8b\/forbrug i vores butikker og deltagelse i forskellige Go Local Inc.-initiativer (herunder, uden begr\u00e6nsning, ethvert kundebel\u00f8nningsprogram, kampagner, unders\u00f8gelser, meningsm\u00e5linger og lotterier), kan dog kr\u00e6ve videregivelse af personlige oplysninger. De typer oplysninger, du m\u00e5tte give til Go Local Inc., omfatter: (i) personligt identificerbare oplysninger (&quot;PII&quot;) og (ii) andre ikke-identificerbare oplysninger (&quot;Ikke-PII&quot; og sammen med &quot;PII&quot;, &quot;Kundeoplysninger&quot;). . PII er oplysninger, der med rimelighed kan bruges til at identificere dig, herunder, uden begr\u00e6nsning, dit navn, adresse, e-mail-adresse(r), telefonnummer(e), f\u00f8dselsdato, \u00f8konomiske oplysninger (herunder kredit- og betalingskortoplysninger), husstandsoplysninger, demografiske oplysninger og fotografi. Ikke-PII er oplysninger, der ikke identificerer dig og kan omfatte statistiske oplysninger vedr\u00f8rende brugen af Digital Marketing Program.<\/p>\n<h3>Brug af information<\/h3>\n<p>Go Local Inc. kan bruge kundeoplysninger, eller enhver del deraf, til at: (i) gennemf\u00f8re og administrere k\u00f8b, ordrer, returneringer og ombytninger; (ii) sende reklame- og marketingmeddelelser til dig vedr\u00f8rende Go Local Inc. og dets produkter og tjenester; (iii) datadeling med vores tilknyttede virksomheder og forretningspartnere; (iv) sende kuponer, mobilkuponer, nyhedsbreve, e-mails og mobilbeskeder; (v) udf\u00f8re forskning og analyser; (vi) administrere konkurrencer og konkurrencer; (vii) skabe personligt tilpasset indhold, tilbud, tjenester og annoncering; (viii) forhindre svigagtige transaktioner og tyveri; og (ix) overholde g\u00e6ldende lovgivning, statslig anmodning, retskendelse eller p\u00e5 anden m\u00e5de beskytte rettighederne, ejendom eller sikkerhed tilh\u00f8rende Go Local Inc. eller andre. Go Local Inc. kan bruge ikke-PII til at analysere tendenser og spore navigation inden for Digital Marketing Program.<\/p>\n<h3>Cookies<\/h3>\n<p>Vi kan bruge cookies (en lille, unik identifikationstekstfil), web-beacons (en lille grafik) og andre teknologier til at modtage og gemme visse typer information, n\u00e5r du interagerer med Digital Marketing Program via din computer eller din internetaktiverede enhed . Form\u00e5let med denne teknologi er at identificere dig, n\u00e5r du bes\u00f8ger Digital Marketing Program, s\u00e5 vi kan forbedre og tilpasse din online oplevelse. Du kan indstille din browser, s\u00e5 den ikke accepterer cookies. Du kan ogs\u00e5 manuelt slette cookies fra din computer. For mere information om, hvordan du deaktiverer cookies, b\u00f8r du r\u00e5df\u00f8re dig med udbyderen af dine browsertjenester. Hvis du deaktiverer cookies, vil dele af det digitale markedsf\u00f8ringsprogram muligvis ikke fungere korrekt.<\/p>\n<p>Vi kan indsamle visse tekniske oplysninger fra din computer eller internetaktiverede enhed, n\u00e5r du bes\u00f8ger vores websteder og andre omr\u00e5der inden for vores Digital Marketing Program, herunder, uden begr\u00e6nsning, din Internet Protocol (IP) adresse, din computers operativsystem, browsertype og enhver henvisende webstedsadresse. Vi bruger disse oplysninger til at forbedre din oplevelse under dit bes\u00f8g p\u00e5 vores websteder og andre omr\u00e5der inden for vores Digital Marketing Program og til systemadministration, sikkerhed og fejlfindingsform\u00e5l.<\/p>\n<p>Vi kan bruge tredjepartssoftware til at levere annoncer p\u00e5 Digital Marketing Program, implementere e-mail-marketingkampagner og administrere andre interaktive marketinginitiativer.<\/p>\n<h3>Sociale medier<\/h3>\n<p>Digital Marketing Program kan omfatte sociale mediefunktioner og widgets, herunder Facebook, Pinterest, Instagram, Twitter og andre sociale netv\u00e6rk. Sociale mediefunktioner og widgets er underlagt deres egne privatlivspolitikker. Vi opfordrer dig til at l\u00e6se hver enkelt social medievirksomheds privatlivspolitik, f\u00f8r du bruger funktionerne eller widgets.<\/p>\n<h3>Mobilapplikationer<\/h3>\n<p>Mobilapplikationer kan indsamle visse oplysninger fra dig automatisk, herunder, uden begr\u00e6nsning, typen af mobilenhed, internetprotokoladressen (IP) p\u00e5 din mobilenhed, dit mobile operativsystem og placeringen af din mobilenhed (forudsat at du giver tilladelse til anvendelse af lokalitetstjenester). Du kan stoppe indsamlingen af oplysninger via din mobilenhed ved at afinstallere mobilapplikationerne (eller, for kun at afbryde placeringsoplysningerne, kan du justere dine tilladelsesindstillinger p\u00e5 din mobilenhed.<\/p>\n<h3>B\u00f8rns privatliv<\/h3>\n<p>I et fors\u00f8g p\u00e5 at overholde Children&#039;s Online Privacy Protection Act beder vi b\u00f8rn under tretten (13) \u00e5r om ikke at give nogen PII p\u00e5 Digital Marketing Program. Hvis du er for\u00e6lder eller v\u00e6rge for et barn under tretten (13) og du mener, at dit barn har givet PII til Go Local Inc., bedes du kontakte os p\u00e5 privacypolicy@greatlocations.com<\/p>\n<h3>Kameraer i butikken<\/h3>\n<p>Vi kan bruge kameraer i butikken til sikkerheds- og driftsform\u00e5l.<\/p>\n<h3>Links<\/h3>\n<p>Programmet for digital markedsf\u00f8ring kan indeholde links til andre websteder, som vi ikke kontrollerer. Vi er ikke ansvarlige for privatlivspraksis p\u00e5 nogen linket hjemmeside. Enhver kundeinformation, du giver, n\u00e5r du f\u00e5r adgang til et tredjepartswebsted, er underlagt denne tredjeparts privatlivspolitik. Vi kontrollerer ikke brugen af kundeoplysninger, som du giver til tredjeparter, og vi p\u00e5tager os intet ansvar for din deling af oplysninger med dem.<\/p>\n<h3>Opt-out<\/h3>\n<p>Hvis du ikke \u00f8nsker at modtage reklamemail, salgsfremmende telefonopkald eller salgsfremmende e-mail, bedes du kontakte os p\u00e5 privacypolicy@greatlocations.com<\/p>\n<h3>Datasikkerhed<\/h3>\n<p>Vi opretholder strenge sikkerhedsprotokoller, herunder fysiske, elektroniske og procedurem\u00e6ssige sikkerhedsforanstaltninger, for at beskytte kundeoplysninger. Disse protokoller omfatter overholdelse af f\u00f8derale love og regler og brugen af Secure Socket Layer (SSL)-kryptering for at forhindre tab, misbrug, uautoriseret adgang eller videregivelse af dine personlige oplysninger. Selvom vi str\u00e6ber efter at opretholde datasikkerhed, garanterer eller garanterer vi ikke dens sikkerhed.<\/p>\n<h3>Opdateringer til privatlivspolitik<\/h3>\n<p>Fra tid til anden kan vi \u00e6ndre denne fortrolighedspolitik for at afspejle industriinitiativer eller \u00e6ndringer i lovgivningen, teknologien, Go Local Inc.s privatlivspraksis eller funktionerne i programmet for digital markedsf\u00f8ring. Alle \u00e6ndringer og opdateringer tr\u00e6der i kraft ved opslaget. Din fortsatte brug af Digital Marketing Program, efter at vi har offentliggjort en opdateret privatlivspolitik, betyder din accept af den nye privatlivspolitik. Du b\u00f8r gennemg\u00e5 denne fortrolighedspolitik regelm\u00e6ssigt for at sikre, at du er opm\u00e6rksom p\u00e5 eventuelle \u00e6ndringer.<\/p>\n<h3>Kontakt os<\/h3>\n<p>Hvis du gerne vil kommunikere med Go Local Inc. om denne fortrolighedspolitik, er du velkommen til at kontakte os p\u00e5 privacypolicy@greatlocations.com<\/p>\n<p><b>Copyright \u00a9 Go Local Inc. Alle rettigheder forbeholdes.<\/b><\/p>\t\t\t\t\t\t\t\t<\/div>\n\t\t\t\t<\/div>\n\t\t\t\t\t<\/div>\n\t\t<\/div>\n\t\t\t\t\t<\/div>\n\t\t<\/section>\n\t\t\t\t<\/div>","protected":false},"excerpt":{"rendered":"<p>Go Local Inc. Privatlivspolitik Privatlivspolitik Go Local Inc. er forpligtet til at beskytte sine kunders privatliv, og vi lover at beskytte sikkerheden og privatlivets fred for dine personlige oplysninger. Ved at bes\u00f8ge denne hjemmeside (https:\/\/golocalmobileguide.com), Go Local Inc. mobilapplikationer, Go Local Inc. loyalitetsprogrammer eller Go Local Inc. sociale medier (samlet kaldet &quot;Digital [...]&quot;)<\/p>","protected":false},"author":6,"featured_media":0,"parent":0,"menu_order":0,"comment_status":"closed","ping_status":"closed","template":"","meta":{"footnotes":""},"class_list":["post-21900","page","type-page","status-publish","hentry"],"yoast_head":"<!-- This site is optimized with the Yoast SEO plugin v26.8 - https:\/\/yoast.com\/product\/yoast-seo-wordpress\/ -->\n<title>Privacy Policy - Go Local<\/title>\n<meta name=\"robots\" content=\"index, follow, max-snippet:-1, max-image-preview:large, max-video-preview:-1\" \/>\n<link rel=\"canonical\" href=\"https:\/\/golocalmobileguide.com\/da\/privacy-policy-2\/\" \/>\n<meta property=\"og:locale\" content=\"da_DK\" \/>\n<meta property=\"og:type\" content=\"article\" \/>\n<meta property=\"og:title\" content=\"Privacy Policy - Go Local\" \/>\n<meta property=\"og:description\" content=\"Go Local Inc&nbsp;Privacy Policy Privacy Policy Go Local Inc. is committed to protecting the privacy of its customers, and we pledge to protect the security and privacy of your personal information. By viewing this website (https:\/\/golocalmobileguide.com), Go Local Inc. &nbsp;mobile applications, Go Local Inc. &nbsp;loyalty programs, or Go Local Inc. &nbsp;social media (collectively, the \u201cDigital [&hellip;]\" \/>\n<meta property=\"og:url\" content=\"https:\/\/golocalmobileguide.com\/da\/privacy-policy-2\/\" \/>\n<meta property=\"og:site_name\" content=\"Go Local\" \/>\n<meta property=\"article:publisher\" content=\"https:\/\/www.facebook.com\/profile.php?id=100088263084418\" \/>\n<meta property=\"article:modified_time\" content=\"2022-04-05T21:03:22+00:00\" \/>\n<meta property=\"og:image\" content=\"https:\/\/golocalmobileguide.com\/wp-content\/uploads\/2021\/11\/GL_Logo_blue.png\" \/>\n\t<meta property=\"og:image:width\" content=\"551\" \/>\n\t<meta property=\"og:image:height\" content=\"95\" \/>\n\t<meta property=\"og:image:type\" content=\"image\/png\" \/>\n<meta name=\"twitter:card\" content=\"summary_large_image\" \/>\n<meta name=\"twitter:label1\" content=\"Estimeret l\u00e6setid\" \/>\n\t<meta name=\"twitter:data1\" content=\"6 minutter\" \/>\n<script type=\"application\/ld+json\" class=\"yoast-schema-graph\">{\"@context\":\"https:\/\/schema.org\",\"@graph\":[{\"@type\":\"WebPage\",\"@id\":\"https:\/\/golocalmobileguide.com\/pt_br\/privacy-policy-2\/\",\"url\":\"https:\/\/golocalmobileguide.com\/pt_br\/privacy-policy-2\/\",\"name\":\"Privacy Policy - Go Local\",\"isPartOf\":{\"@id\":\"https:\/\/golocalmobileguide.com\/#website\"},\"datePublished\":\"2022-04-05T20:58:34+00:00\",\"dateModified\":\"2022-04-05T21:03:22+00:00\",\"breadcrumb\":{\"@id\":\"https:\/\/golocalmobileguide.com\/pt_br\/privacy-policy-2\/#breadcrumb\"},\"inLanguage\":\"da-DK\",\"potentialAction\":[{\"@type\":\"ReadAction\",\"target\":[\"https:\/\/golocalmobileguide.com\/pt_br\/privacy-policy-2\/\"]}]},{\"@type\":\"BreadcrumbList\",\"@id\":\"https:\/\/golocalmobileguide.com\/pt_br\/privacy-policy-2\/#breadcrumb\",\"itemListElement\":[{\"@type\":\"ListItem\",\"position\":1,\"name\":\"Home\",\"item\":\"https:\/\/golocalmobileguide.com\/\"},{\"@type\":\"ListItem\",\"position\":2,\"name\":\"Privacy Policy\"}]},{\"@type\":\"WebSite\",\"@id\":\"https:\/\/golocalmobileguide.com\/#website\",\"url\":\"https:\/\/golocalmobileguide.com\/\",\"name\":\"Go Local\",\"description\":\"Local Area Mobile Guide\",\"publisher\":{\"@id\":\"https:\/\/golocalmobileguide.com\/#organization\"},\"potentialAction\":[{\"@type\":\"SearchAction\",\"target\":{\"@type\":\"EntryPoint\",\"urlTemplate\":\"https:\/\/golocalmobileguide.com\/?s={search_term_string}\"},\"query-input\":{\"@type\":\"PropertyValueSpecification\",\"valueRequired\":true,\"valueName\":\"search_term_string\"}}],\"inLanguage\":\"da-DK\"},{\"@type\":\"Organization\",\"@id\":\"https:\/\/golocalmobileguide.com\/#organization\",\"name\":\"Go Local Mobile Area Guide\",\"url\":\"https:\/\/golocalmobileguide.com\/\",\"logo\":{\"@type\":\"ImageObject\",\"inLanguage\":\"da-DK\",\"@id\":\"https:\/\/golocalmobileguide.com\/#\/schema\/logo\/image\/\",\"url\":\"https:\/\/golocalmobileguide.com\/wp-content\/uploads\/2021\/11\/GL_Logo_blue.png\",\"contentUrl\":\"https:\/\/golocalmobileguide.com\/wp-content\/uploads\/2021\/11\/GL_Logo_blue.png\",\"width\":551,\"height\":95,\"caption\":\"Go Local Mobile Area Guide\"},\"image\":{\"@id\":\"https:\/\/golocalmobileguide.com\/#\/schema\/logo\/image\/\"},\"sameAs\":[\"https:\/\/www.facebook.com\/profile.php?id=100088263084418\"]}]}<\/script>\n<!-- \/ Yoast SEO plugin. -->","yoast_head_json":{"title":"Privatlivspolitik - Go Local","robots":{"index":"index","follow":"follow","max-snippet":"max-snippet:-1","max-image-preview":"max-image-preview:large","max-video-preview":"max-video-preview:-1"},"canonical":"https:\/\/golocalmobileguide.com\/da\/privacy-policy-2\/","og_locale":"da_DK","og_type":"article","og_title":"Privacy Policy - Go Local","og_description":"Go Local Inc&nbsp;Privacy Policy Privacy Policy Go Local Inc. is committed to protecting the privacy of its customers, and we pledge to protect the security and privacy of your personal information. By viewing this website (https:\/\/golocalmobileguide.com), Go Local Inc. &nbsp;mobile applications, Go Local Inc. &nbsp;loyalty programs, or Go Local Inc. &nbsp;social media (collectively, the \u201cDigital [&hellip;]","og_url":"https:\/\/golocalmobileguide.com\/da\/privacy-policy-2\/","og_site_name":"Go Local","article_publisher":"https:\/\/www.facebook.com\/profile.php?id=100088263084418","article_modified_time":"2022-04-05T21:03:22+00:00","og_image":[{"width":551,"height":95,"url":"https:\/\/golocalmobileguide.com\/wp-content\/uploads\/2021\/11\/GL_Logo_blue.png","type":"image\/png"}],"twitter_card":"summary_large_image","twitter_misc":{"Estimeret l\u00e6setid":"6 minutter"},"schema":{"@context":"https:\/\/schema.org","@graph":[{"@type":"WebPage","@id":"https:\/\/golocalmobileguide.com\/pt_br\/privacy-policy-2\/","url":"https:\/\/golocalmobileguide.com\/pt_br\/privacy-policy-2\/","name":"Privatlivspolitik - Go Local","isPartOf":{"@id":"https:\/\/golocalmobileguide.com\/#website"},"datePublished":"2022-04-05T20:58:34+00:00","dateModified":"2022-04-05T21:03:22+00:00","breadcrumb":{"@id":"https:\/\/golocalmobileguide.com\/pt_br\/privacy-policy-2\/#breadcrumb"},"inLanguage":"da-DK","potentialAction":[{"@type":"ReadAction","target":["https:\/\/golocalmobileguide.com\/pt_br\/privacy-policy-2\/"]}]},{"@type":"BreadcrumbList","@id":"https:\/\/golocalmobileguide.com\/pt_br\/privacy-policy-2\/#breadcrumb","itemListElement":[{"@type":"ListItem","position":1,"name":"Home","item":"https:\/\/golocalmobileguide.com\/"},{"@type":"ListItem","position":2,"name":"Privacy Policy"}]},{"@type":"WebSite","@id":"https:\/\/golocalmobileguide.com\/#website","url":"https:\/\/golocalmobileguide.com\/","name":"Fantastiske steder","description":"Local Area Mobile Guide","publisher":{"@id":"https:\/\/golocalmobileguide.com\/#organization"},"potentialAction":[{"@type":"SearchAction","target":{"@type":"EntryPoint","urlTemplate":"https:\/\/golocalmobileguide.com\/?s={search_term_string}"},"query-input":{"@type":"PropertyValueSpecification","valueRequired":true,"valueName":"search_term_string"}}],"inLanguage":"da-DK"},{"@type":"Organization","@id":"https:\/\/golocalmobileguide.com\/#organization","name":"Guide til fantastiske steder i Mobile-omr\u00e5det","url":"https:\/\/golocalmobileguide.com\/","logo":{"@type":"ImageObject","inLanguage":"da-DK","@id":"https:\/\/golocalmobileguide.com\/#\/schema\/logo\/image\/","url":"https:\/\/golocalmobileguide.com\/wp-content\/uploads\/2021\/11\/GL_Logo_blue.png","contentUrl":"https:\/\/golocalmobileguide.com\/wp-content\/uploads\/2021\/11\/GL_Logo_blue.png","width":551,"height":95,"caption":"Go Local Mobile Area Guide"},"image":{"@id":"https:\/\/golocalmobileguide.com\/#\/schema\/logo\/image\/"},"sameAs":["https:\/\/www.facebook.com\/profile.php?id=100088263084418"]}]}},"_links":{"self":[{"href":"https:\/\/golocalmobileguide.com\/da\/wp-json\/wp\/v2\/pages\/21900","targetHints":{"allow":["GET"]}}],"collection":[{"href":"https:\/\/golocalmobileguide.com\/da\/wp-json\/wp\/v2\/pages"}],"about":[{"href":"https:\/\/golocalmobileguide.com\/da\/wp-json\/wp\/v2\/types\/page"}],"author":[{"embeddable":true,"href":"https:\/\/golocalmobileguide.com\/da\/wp-json\/wp\/v2\/users\/6"}],"replies":[{"embeddable":true,"href":"https:\/\/golocalmobileguide.com\/da\/wp-json\/wp\/v2\/comments?post=21900"}],"version-history":[{"count":0,"href":"https:\/\/golocalmobileguide.com\/da\/wp-json\/wp\/v2\/pages\/21900\/revisions"}],"wp:attachment":[{"href":"https:\/\/golocalmobileguide.com\/da\/wp-json\/wp\/v2\/media?parent=21900"}],"curies":[{"name":"wp","href":"https:\/\/api.w.org\/{rel}","templated":true}]}}