{"id":21900,"date":"2022-04-05T20:58:34","date_gmt":"2022-04-05T20:58:34","guid":{"rendered":"https:\/\/golocalmobileguide.com\/?page_id=21900"},"modified":"2022-04-05T21:03:22","modified_gmt":"2022-04-05T21:03:22","slug":"privacy-policy-2","status":"publish","type":"page","link":"https:\/\/golocalmobileguide.com\/de\/privacy-policy-2\/","title":{"rendered":"Datenschutz-Bestimmungen"},"content":{"rendered":"<div data-elementor-type=\"wp-page\" data-elementor-id=\"21900\" class=\"elementor elementor-21900\" data-elementor-post-type=\"page\">\n\t\t\t\t\t\t<section class=\"elementor-section elementor-top-section elementor-element elementor-element-8d56770 elementor-section-boxed elementor-section-height-default elementor-section-height-default\" data-id=\"8d56770\" data-element_type=\"section\" data-settings=\"{&quot;jet_parallax_layout_list&quot;:[{&quot;jet_parallax_layout_image&quot;:{&quot;url&quot;:&quot;&quot;,&quot;id&quot;:&quot;&quot;,&quot;size&quot;:&quot;&quot;},&quot;_id&quot;:&quot;d55bf8f&quot;,&quot;jet_parallax_layout_image_tablet&quot;:{&quot;url&quot;:&quot;&quot;,&quot;id&quot;:&quot;&quot;,&quot;size&quot;:&quot;&quot;},&quot;jet_parallax_layout_image_mobile&quot;:{&quot;url&quot;:&quot;&quot;,&quot;id&quot;:&quot;&quot;,&quot;size&quot;:&quot;&quot;},&quot;jet_parallax_layout_speed&quot;:{&quot;unit&quot;:&quot;%&quot;,&quot;size&quot;:50,&quot;sizes&quot;:[]},&quot;jet_parallax_layout_type&quot;:&quot;scroll&quot;,&quot;jet_parallax_layout_direction&quot;:&quot;1&quot;,&quot;jet_parallax_layout_fx_direction&quot;:null,&quot;jet_parallax_layout_z_index&quot;:&quot;&quot;,&quot;jet_parallax_layout_bg_x&quot;:50,&quot;jet_parallax_layout_bg_x_tablet&quot;:&quot;&quot;,&quot;jet_parallax_layout_bg_x_mobile&quot;:&quot;&quot;,&quot;jet_parallax_layout_bg_y&quot;:50,&quot;jet_parallax_layout_bg_y_tablet&quot;:&quot;&quot;,&quot;jet_parallax_layout_bg_y_mobile&quot;:&quot;&quot;,&quot;jet_parallax_layout_bg_size&quot;:&quot;auto&quot;,&quot;jet_parallax_layout_bg_size_tablet&quot;:&quot;&quot;,&quot;jet_parallax_layout_bg_size_mobile&quot;:&quot;&quot;,&quot;jet_parallax_layout_animation_prop&quot;:&quot;transform&quot;,&quot;jet_parallax_layout_on&quot;:[&quot;desktop&quot;,&quot;tablet&quot;]}],&quot;background_background&quot;:&quot;classic&quot;}\">\n\t\t\t\t\t\t<div class=\"elementor-container elementor-column-gap-default\">\n\t\t\t\t\t<div class=\"elementor-column elementor-col-100 elementor-top-column elementor-element elementor-element-df93461\" data-id=\"df93461\" data-element_type=\"column\">\n\t\t\t<div class=\"elementor-widget-wrap elementor-element-populated\">\n\t\t\t\t\t\t<div class=\"elementor-element elementor-element-2384ccb elementor-widget elementor-widget-heading\" data-id=\"2384ccb\" data-element_type=\"widget\" data-widget_type=\"heading.default\">\n\t\t\t\t<div class=\"elementor-widget-container\">\n\t\t\t\t\t<h2 class=\"elementor-heading-title elementor-size-default\">Datenschutzrichtlinie von Go Local Inc<\/h2>\t\t\t\t<\/div>\n\t\t\t\t<\/div>\n\t\t\t\t\t<\/div>\n\t\t<\/div>\n\t\t\t\t\t<\/div>\n\t\t<\/section>\n\t\t\t\t<section class=\"elementor-section elementor-top-section elementor-element elementor-element-252cd51 elementor-section-boxed elementor-section-height-default elementor-section-height-default\" data-id=\"252cd51\" data-element_type=\"section\" data-settings=\"{&quot;jet_parallax_layout_list&quot;:[{&quot;jet_parallax_layout_image&quot;:{&quot;url&quot;:&quot;&quot;,&quot;id&quot;:&quot;&quot;,&quot;size&quot;:&quot;&quot;},&quot;_id&quot;:&quot;fe7630d&quot;,&quot;jet_parallax_layout_image_tablet&quot;:{&quot;url&quot;:&quot;&quot;,&quot;id&quot;:&quot;&quot;,&quot;size&quot;:&quot;&quot;},&quot;jet_parallax_layout_image_mobile&quot;:{&quot;url&quot;:&quot;&quot;,&quot;id&quot;:&quot;&quot;,&quot;size&quot;:&quot;&quot;},&quot;jet_parallax_layout_speed&quot;:{&quot;unit&quot;:&quot;%&quot;,&quot;size&quot;:50,&quot;sizes&quot;:[]},&quot;jet_parallax_layout_type&quot;:&quot;scroll&quot;,&quot;jet_parallax_layout_direction&quot;:&quot;1&quot;,&quot;jet_parallax_layout_fx_direction&quot;:null,&quot;jet_parallax_layout_z_index&quot;:&quot;&quot;,&quot;jet_parallax_layout_bg_x&quot;:50,&quot;jet_parallax_layout_bg_x_tablet&quot;:&quot;&quot;,&quot;jet_parallax_layout_bg_x_mobile&quot;:&quot;&quot;,&quot;jet_parallax_layout_bg_y&quot;:50,&quot;jet_parallax_layout_bg_y_tablet&quot;:&quot;&quot;,&quot;jet_parallax_layout_bg_y_mobile&quot;:&quot;&quot;,&quot;jet_parallax_layout_bg_size&quot;:&quot;auto&quot;,&quot;jet_parallax_layout_bg_size_tablet&quot;:&quot;&quot;,&quot;jet_parallax_layout_bg_size_mobile&quot;:&quot;&quot;,&quot;jet_parallax_layout_animation_prop&quot;:&quot;transform&quot;,&quot;jet_parallax_layout_on&quot;:[&quot;desktop&quot;,&quot;tablet&quot;]}]}\">\n\t\t\t\t\t\t<div class=\"elementor-container elementor-column-gap-default\">\n\t\t\t\t\t<div class=\"elementor-column elementor-col-100 elementor-top-column elementor-element elementor-element-9098bfc\" data-id=\"9098bfc\" data-element_type=\"column\">\n\t\t\t<div class=\"elementor-widget-wrap elementor-element-populated\">\n\t\t\t\t\t\t<div class=\"elementor-element elementor-element-c4b6ed7 elementor-widget elementor-widget-text-editor\" data-id=\"c4b6ed7\" data-element_type=\"widget\" data-widget_type=\"text-editor.default\">\n\t\t\t\t<div class=\"elementor-widget-container\">\n\t\t\t\t\t\t\t\t\t<h2>Datenschutz-Bestimmungen<\/h2>\n<p>Go Local Inc. verpflichtet sich, die Privatsph\u00e4re seiner Kunden zu sch\u00fctzen, und wir verpflichten uns, die Sicherheit und Privatsph\u00e4re Ihrer pers\u00f6nlichen Daten zu sch\u00fctzen. Indem Sie diese Website (https:\/\/golocalmobileguide.com), die mobilen Anwendungen von Go Local Inc., die Treueprogramme von Go Local Inc. oder die sozialen Medien von Go Local Inc. (zusammen das \u201eDigitale Marketingprogramm\u201c) ansehen, erkennen Sie unsere Informationen an Erhebungs-, Verwendungs-, Speicher- und Offenlegungspraktiken (zusammen \u201eDatenschutzpraktiken\u201c) und Zustimmung zu den Bedingungen dieser Datenschutzrichtlinie. F\u00fcr die Zwecke dieser Datenschutzrichtlinie bezieht sich \u201eGo Local Inc.\u201c, \u201ewir\u201c, \u201eunser\u201c oder \u201euns\u201c auf Go Local Inc., ein Unternehmen in Florida, und umfasst alle unsere verbundenen Unternehmen (wie unten definiert).<\/p>\n<p>Diese Datenschutzrichtlinie muss in Verbindung mit den Nutzungsbedingungen von Go Local Inc. gelesen werden.<\/p>\n<h3><strong>Arten von Informationen<\/strong><\/h3>\n<p>Sie sind nicht verpflichtet, Go Local Inc. personenbezogene Daten zur Verf\u00fcgung zu stellen. Nutzung des digitalen Marketingprogramms, Kauf\/Verbrauch in unseren Gesch\u00e4ften und Teilnahme an verschiedenen Initiativen von Go Local Inc. (einschlie\u00dflich, aber nicht beschr\u00e4nkt auf Kundenpr\u00e4mienprogramme, Werbeaktionen, Umfragen, Umfragen und Gewinnspiele), kann jedoch die Offenlegung personenbezogener Daten erfordern. Zu den Arten von Informationen, die Sie Go Local Inc. zur Verf\u00fcgung stellen k\u00f6nnen, geh\u00f6ren: (i) pers\u00f6nlich identifizierbare Informationen (\u201ePII\u201c) und (ii) andere nicht identifizierbare Informationen (\u201eNicht-PII\u201c und zusammen mit \u201ePII\u201c, \u201eKundeninformationen\u201c) . PII sind Informationen, die vern\u00fcnftigerweise verwendet werden k\u00f6nnten, um Sie zu identifizieren, einschlie\u00dflich, aber nicht beschr\u00e4nkt auf Ihren Namen, Ihre Adresse, E-Mail-Adresse(n), Telefonnummer(n), Geburtsdatum, Finanzinformationen (einschlie\u00dflich Kredit- und Debitkarteninformationen), Haushaltsinformationen, demografische Informationen und Fotos. Nicht-PII sind Informationen, die Sie nicht identifizieren und die statistische Informationen \u00fcber die Nutzung des digitalen Marketingprogramms enthalten k\u00f6nnen.<\/p>\n<h3>Verwendung von Informationen<\/h3>\n<p>Go Local Inc. kann Kundeninformationen oder Teile davon verwenden, um: (i) Eink\u00e4ufe, Bestellungen, R\u00fcckgaben und Umtausche abzuschlie\u00dfen und zu verwalten; (ii) Ihnen Werbe- und Marketingmitteilungen zu Go Local Inc. und seinen Produkten und Dienstleistungen zuzusenden; (iii) Datenaustausch mit unseren verbundenen Unternehmen und Gesch\u00e4ftspartnern; (iv) Coupons, mobile Coupons, Newsletter, E-Mails und mobile Nachrichten zu versenden; (v) Durchf\u00fchrung von Recherchen und Analysen; (vi) Durchf\u00fchrung von Wettbewerben und Gewinnspielen; (vii) personalisierte Inhalte, Angebote, Dienste und Werbung zu erstellen; (viii) betr\u00fcgerische Transaktionen und Diebstahl verhindern; und (ix) geltendem Recht, beh\u00f6rdlichen Anordnungen, Gerichtsbeschl\u00fcssen nachkommen oder anderweitig die Rechte, das Eigentum oder die Sicherheit von Go Local Inc. oder anderen sch\u00fctzen. Go Local Inc. kann Nicht-PII verwenden, um Trends zu analysieren und die Navigation innerhalb des digitalen Marketingprogramms zu verfolgen.<\/p>\n<h3>Kekse<\/h3>\n<p>Wir k\u00f6nnen Cookies (eine kleine Textdatei zur eindeutigen Identifizierung), Web Beacons (eine kleine Grafik) und andere Technologien verwenden, um bestimmte Arten von Informationen zu empfangen und zu speichern, wenn Sie \u00fcber Ihren Computer oder Ihr internetf\u00e4higes Ger\u00e4t mit dem Digital Marketing Program interagieren . Der Zweck dieser Technologie besteht darin, Sie zu identifizieren, wenn Sie das digitale Marketingprogramm besuchen, damit wir Ihr Online-Erlebnis verbessern und anpassen k\u00f6nnen. Sie k\u00f6nnen Ihren Browser so einstellen, dass er keine Cookies akzeptiert. Sie k\u00f6nnen Cookies auch manuell von Ihrem Computer l\u00f6schen. Weitere Informationen zum Deaktivieren von Cookies erhalten Sie vom Anbieter Ihrer Browserdienste. Wenn Sie Cookies jedoch deaktivieren, funktionieren Teile des Programms f\u00fcr digitales Marketing m\u00f6glicherweise nicht richtig.<\/p>\n<p>Wir k\u00f6nnen bestimmte technische Informationen von Ihrem Computer oder internetf\u00e4higen Ger\u00e4t erfassen, wenn Sie unsere Websites und andere Bereiche innerhalb unseres digitalen Marketingprogramms besuchen, einschlie\u00dflich, aber nicht beschr\u00e4nkt auf Ihre Internet Protocol (IP)-Adresse, das Betriebssystem Ihres Computers, den Browsertyp und jede verweisende Website-Adresse. Wir verwenden diese Informationen, um Ihre Erfahrung w\u00e4hrend Ihres Besuchs auf unseren Websites und anderen Bereichen innerhalb unseres digitalen Marketingprogramms zu verbessern und f\u00fcr Systemverwaltungs-, Sicherheits- und Fehlerbehebungszwecke.<\/p>\n<p>Wir k\u00f6nnen Software von Drittanbietern verwenden, um Werbung im digitalen Marketingprogramm bereitzustellen, E-Mail-Marketingkampagnen zu implementieren und andere interaktive Marketinginitiativen zu verwalten.<\/p>\n<h3>Sozialen Medien<\/h3>\n<p>Das digitale Marketingprogramm kann Funktionen und Widgets sozialer Medien enthalten, darunter Facebook, Pinterest, Instagram, Twitter und andere soziale Netzwerke. Social-Media-Funktionen und -Widgets unterliegen ihren eigenen Datenschutzrichtlinien. Wir empfehlen Ihnen, die Datenschutzrichtlinie jedes Social-Media-Unternehmens zu lesen, bevor Sie die Funktionen oder Widgets verwenden.<\/p>\n<h3>Mobile Anwendungen<\/h3>\n<p>Mobile Anwendungen k\u00f6nnen bestimmte Informationen von Ihnen automatisch erfassen, einschlie\u00dflich, aber nicht beschr\u00e4nkt auf den Typ des mobilen Ger\u00e4ts, die Internet Protocol (IP)-Adresse Ihres mobilen Ger\u00e4ts, Ihr mobiles Betriebssystem und den Standort Ihres mobilen Ger\u00e4ts (vorausgesetzt, Sie geben dies an). Genehmigung f\u00fcr die Anwendung von Ortungsdiensten). Sie k\u00f6nnen die Erfassung von Informationen \u00fcber Ihr Mobilger\u00e4t beenden, indem Sie die mobilen Anwendungen deinstallieren (oder, um nur die Standortinformationen zu deaktivieren, k\u00f6nnen Sie Ihre Berechtigungseinstellungen in Ihrem Mobilger\u00e4t anpassen.<\/p>\n<h3>Datenschutz von Kindern<\/h3>\n<p>In dem Bem\u00fchen, das Gesetz zum Schutz der Privatsph\u00e4re von Kindern im Internet einzuhalten, bitten wir darum, dass Kinder unter dreizehn (13) Jahren keine PII im digitalen Marketingprogramm angeben. Wenn Sie ein Elternteil oder Erziehungsberechtigter eines Kindes unter dreizehn (13) Jahren sind und glauben, dass Ihr Kind personenbezogene Daten an Go Local Inc. \u00fcbermittelt hat, kontaktieren Sie uns bitte unter privacypolicy@greatlocations.com<\/p>\n<h3>In-Store-Kameras<\/h3>\n<p>Wir k\u00f6nnen Kameras im Gesch\u00e4ft f\u00fcr Sicherheits- und Betriebszwecke verwenden.<\/p>\n<h3>Verkn\u00fcpfungen<\/h3>\n<p>Das digitale Marketingprogramm kann Links zu anderen Websites enthalten, die wir nicht kontrollieren. Wir sind nicht verantwortlich f\u00fcr die Datenschutzpraktiken einer verlinkten Website. Alle Kundeninformationen, die Sie beim Zugriff auf die Website eines Drittanbieters angeben, unterliegen der Datenschutzrichtlinie dieses Drittanbieters. Wir kontrollieren nicht die Verwendung von Kundeninformationen, die Sie Dritten zur Verf\u00fcgung stellen, und wir \u00fcbernehmen keine Verantwortung daf\u00fcr, dass Sie Informationen an diese weitergeben.<\/p>\n<h3>Ablehnen<\/h3>\n<p>Wenn Sie keine Werbemails, Werbeanrufe oder Werbe-E-Mails erhalten m\u00f6chten, kontaktieren Sie uns bitte unter privacypolicy@greatlocations.com<\/p>\n<h3>Datensicherheit<\/h3>\n<p>Wir halten strenge Sicherheitsprotokolle ein, einschlie\u00dflich physischer, elektronischer und verfahrenstechnischer Sicherheitsvorkehrungen, um Kundeninformationen zu sch\u00fctzen. Diese Protokolle umfassen die Einhaltung von Bundesgesetzen und -vorschriften und die Verwendung von Secure Socket Layer (SSL)-Verschl\u00fcsselung, um Verlust, Missbrauch, unbefugten Zugriff oder Offenlegung Ihrer pers\u00f6nlichen Daten zu verhindern. Obwohl wir uns bem\u00fchen, die Datensicherheit zu wahren, garantieren oder gew\u00e4hrleisten wir deren Sicherheit nicht.<\/p>\n<h3>Aktualisierungen der Datenschutzrichtlinie<\/h3>\n<p>Von Zeit zu Zeit k\u00f6nnen wir diese Datenschutzrichtlinie \u00e4ndern, um Brancheninitiativen oder \u00c4nderungen des Gesetzes, der Technologie, der Datenschutzpraktiken von Go Local Inc. oder der Funktionen des digitalen Marketingprogramms widerzuspiegeln. Alle \u00c4nderungen und Aktualisierungen werden mit der Ver\u00f6ffentlichung wirksam. Ihre fortgesetzte Nutzung des digitalen Marketingprogramms, nachdem wir eine aktualisierte Datenschutzrichtlinie ver\u00f6ffentlicht haben, bedeutet, dass Sie die neue Datenschutzrichtlinie akzeptieren. Sie sollten diese Datenschutzrichtlinie regelm\u00e4\u00dfig \u00fcberpr\u00fcfen, um sicherzustellen, dass Sie \u00fcber \u00c4nderungen informiert sind.<\/p>\n<h3>Kontaktiere uns<\/h3>\n<p>Wenn Sie mit Go Local Inc. \u00fcber diese Datenschutzrichtlinie kommunizieren m\u00f6chten, k\u00f6nnen Sie uns gerne unter privacypolicy@greatlocations.com kontaktieren<\/p>\n<p><b>Copyright \u00a9 Go Local Inc. Alle Rechte vorbehalten.<\/b><\/p>\t\t\t\t\t\t\t\t<\/div>\n\t\t\t\t<\/div>\n\t\t\t\t\t<\/div>\n\t\t<\/div>\n\t\t\t\t\t<\/div>\n\t\t<\/section>\n\t\t\t\t<\/div>","protected":false},"excerpt":{"rendered":"<p>Datenschutzrichtlinie von Go Local Inc. Datenschutzrichtlinie Go Local Inc. verpflichtet sich, die Privatsph\u00e4re seiner Kunden zu sch\u00fctzen, und wir verpflichten uns, die Sicherheit und Privatsph\u00e4re Ihrer pers\u00f6nlichen Daten zu sch\u00fctzen. Durch Aufrufen dieser Website (https:\/\/golocalmobileguide.com), der mobilen Anwendungen von Go Local Inc., der Treueprogramme von Go Local Inc. oder der sozialen Medien von Go Local Inc. (zusammen die \u201edigitalen [\u2026]<\/p>","protected":false},"author":6,"featured_media":0,"parent":0,"menu_order":0,"comment_status":"closed","ping_status":"closed","template":"","meta":{"footnotes":""},"class_list":["post-21900","page","type-page","status-publish","hentry"],"yoast_head":"<!-- This site is optimized with the Yoast SEO plugin v26.8 - https:\/\/yoast.com\/product\/yoast-seo-wordpress\/ -->\n<title>Privacy Policy - Go Local<\/title>\n<meta name=\"robots\" content=\"index, follow, max-snippet:-1, max-image-preview:large, max-video-preview:-1\" \/>\n<link rel=\"canonical\" href=\"https:\/\/golocalmobileguide.com\/de\/privacy-policy-2\/\" \/>\n<meta property=\"og:locale\" content=\"de_DE\" \/>\n<meta property=\"og:type\" content=\"article\" \/>\n<meta property=\"og:title\" content=\"Privacy Policy - Go Local\" \/>\n<meta property=\"og:description\" content=\"Go Local Inc&nbsp;Privacy Policy Privacy Policy Go Local Inc. is committed to protecting the privacy of its customers, and we pledge to protect the security and privacy of your personal information. By viewing this website (https:\/\/golocalmobileguide.com), Go Local Inc. &nbsp;mobile applications, Go Local Inc. &nbsp;loyalty programs, or Go Local Inc. &nbsp;social media (collectively, the \u201cDigital [&hellip;]\" \/>\n<meta property=\"og:url\" content=\"https:\/\/golocalmobileguide.com\/de\/privacy-policy-2\/\" \/>\n<meta property=\"og:site_name\" content=\"Go Local\" \/>\n<meta property=\"article:publisher\" content=\"https:\/\/www.facebook.com\/profile.php?id=100088263084418\" \/>\n<meta property=\"article:modified_time\" content=\"2022-04-05T21:03:22+00:00\" \/>\n<meta property=\"og:image\" content=\"https:\/\/golocalmobileguide.com\/wp-content\/uploads\/2021\/11\/GL_Logo_blue.png\" \/>\n\t<meta property=\"og:image:width\" content=\"551\" \/>\n\t<meta property=\"og:image:height\" content=\"95\" \/>\n\t<meta property=\"og:image:type\" content=\"image\/png\" \/>\n<meta name=\"twitter:card\" content=\"summary_large_image\" \/>\n<meta name=\"twitter:label1\" content=\"Gesch\u00e4tzte Lesezeit\" \/>\n\t<meta name=\"twitter:data1\" content=\"6\u00a0Minuten\" \/>\n<script type=\"application\/ld+json\" class=\"yoast-schema-graph\">{\"@context\":\"https:\/\/schema.org\",\"@graph\":[{\"@type\":\"WebPage\",\"@id\":\"https:\/\/golocalmobileguide.com\/pt_br\/privacy-policy-2\/\",\"url\":\"https:\/\/golocalmobileguide.com\/pt_br\/privacy-policy-2\/\",\"name\":\"Privacy Policy - Go Local\",\"isPartOf\":{\"@id\":\"https:\/\/golocalmobileguide.com\/#website\"},\"datePublished\":\"2022-04-05T20:58:34+00:00\",\"dateModified\":\"2022-04-05T21:03:22+00:00\",\"breadcrumb\":{\"@id\":\"https:\/\/golocalmobileguide.com\/pt_br\/privacy-policy-2\/#breadcrumb\"},\"inLanguage\":\"de\",\"potentialAction\":[{\"@type\":\"ReadAction\",\"target\":[\"https:\/\/golocalmobileguide.com\/pt_br\/privacy-policy-2\/\"]}]},{\"@type\":\"BreadcrumbList\",\"@id\":\"https:\/\/golocalmobileguide.com\/pt_br\/privacy-policy-2\/#breadcrumb\",\"itemListElement\":[{\"@type\":\"ListItem\",\"position\":1,\"name\":\"Home\",\"item\":\"https:\/\/golocalmobileguide.com\/\"},{\"@type\":\"ListItem\",\"position\":2,\"name\":\"Privacy Policy\"}]},{\"@type\":\"WebSite\",\"@id\":\"https:\/\/golocalmobileguide.com\/#website\",\"url\":\"https:\/\/golocalmobileguide.com\/\",\"name\":\"Go Local\",\"description\":\"Local Area Mobile Guide\",\"publisher\":{\"@id\":\"https:\/\/golocalmobileguide.com\/#organization\"},\"potentialAction\":[{\"@type\":\"SearchAction\",\"target\":{\"@type\":\"EntryPoint\",\"urlTemplate\":\"https:\/\/golocalmobileguide.com\/?s={search_term_string}\"},\"query-input\":{\"@type\":\"PropertyValueSpecification\",\"valueRequired\":true,\"valueName\":\"search_term_string\"}}],\"inLanguage\":\"de\"},{\"@type\":\"Organization\",\"@id\":\"https:\/\/golocalmobileguide.com\/#organization\",\"name\":\"Go Local Mobile Area Guide\",\"url\":\"https:\/\/golocalmobileguide.com\/\",\"logo\":{\"@type\":\"ImageObject\",\"inLanguage\":\"de\",\"@id\":\"https:\/\/golocalmobileguide.com\/#\/schema\/logo\/image\/\",\"url\":\"https:\/\/golocalmobileguide.com\/wp-content\/uploads\/2021\/11\/GL_Logo_blue.png\",\"contentUrl\":\"https:\/\/golocalmobileguide.com\/wp-content\/uploads\/2021\/11\/GL_Logo_blue.png\",\"width\":551,\"height\":95,\"caption\":\"Go Local Mobile Area Guide\"},\"image\":{\"@id\":\"https:\/\/golocalmobileguide.com\/#\/schema\/logo\/image\/\"},\"sameAs\":[\"https:\/\/www.facebook.com\/profile.php?id=100088263084418\"]}]}<\/script>\n<!-- \/ Yoast SEO plugin. -->","yoast_head_json":{"title":"Privacy Policy - Go Local","robots":{"index":"index","follow":"follow","max-snippet":"max-snippet:-1","max-image-preview":"max-image-preview:large","max-video-preview":"max-video-preview:-1"},"canonical":"https:\/\/golocalmobileguide.com\/de\/privacy-policy-2\/","og_locale":"de_DE","og_type":"article","og_title":"Privacy Policy - Go Local","og_description":"Go Local Inc&nbsp;Privacy Policy Privacy Policy Go Local Inc. is committed to protecting the privacy of its customers, and we pledge to protect the security and privacy of your personal information. By viewing this website (https:\/\/golocalmobileguide.com), Go Local Inc. &nbsp;mobile applications, Go Local Inc. &nbsp;loyalty programs, or Go Local Inc. &nbsp;social media (collectively, the \u201cDigital [&hellip;]","og_url":"https:\/\/golocalmobileguide.com\/de\/privacy-policy-2\/","og_site_name":"Go Local","article_publisher":"https:\/\/www.facebook.com\/profile.php?id=100088263084418","article_modified_time":"2022-04-05T21:03:22+00:00","og_image":[{"width":551,"height":95,"url":"https:\/\/golocalmobileguide.com\/wp-content\/uploads\/2021\/11\/GL_Logo_blue.png","type":"image\/png"}],"twitter_card":"summary_large_image","twitter_misc":{"Gesch\u00e4tzte Lesezeit":"6\u00a0Minuten"},"schema":{"@context":"https:\/\/schema.org","@graph":[{"@type":"WebPage","@id":"https:\/\/golocalmobileguide.com\/pt_br\/privacy-policy-2\/","url":"https:\/\/golocalmobileguide.com\/pt_br\/privacy-policy-2\/","name":"Privacy Policy - Go Local","isPartOf":{"@id":"https:\/\/golocalmobileguide.com\/#website"},"datePublished":"2022-04-05T20:58:34+00:00","dateModified":"2022-04-05T21:03:22+00:00","breadcrumb":{"@id":"https:\/\/golocalmobileguide.com\/pt_br\/privacy-policy-2\/#breadcrumb"},"inLanguage":"de","potentialAction":[{"@type":"ReadAction","target":["https:\/\/golocalmobileguide.com\/pt_br\/privacy-policy-2\/"]}]},{"@type":"BreadcrumbList","@id":"https:\/\/golocalmobileguide.com\/pt_br\/privacy-policy-2\/#breadcrumb","itemListElement":[{"@type":"ListItem","position":1,"name":"Home","item":"https:\/\/golocalmobileguide.com\/"},{"@type":"ListItem","position":2,"name":"Privacy Policy"}]},{"@type":"WebSite","@id":"https:\/\/golocalmobileguide.com\/#website","url":"https:\/\/golocalmobileguide.com\/","name":"Gro\u00dfartige Standorte","description":"Lokaler mobiler Leitfaden","publisher":{"@id":"https:\/\/golocalmobileguide.com\/#organization"},"potentialAction":[{"@type":"SearchAction","target":{"@type":"EntryPoint","urlTemplate":"https:\/\/golocalmobileguide.com\/?s={search_term_string}"},"query-input":{"@type":"PropertyValueSpecification","valueRequired":true,"valueName":"search_term_string"}}],"inLanguage":"de"},{"@type":"Organization","@id":"https:\/\/golocalmobileguide.com\/#organization","name":"Mobiler Gebietsf\u00fchrer f\u00fcr gro\u00dfartige Standorte","url":"https:\/\/golocalmobileguide.com\/","logo":{"@type":"ImageObject","inLanguage":"de","@id":"https:\/\/golocalmobileguide.com\/#\/schema\/logo\/image\/","url":"https:\/\/golocalmobileguide.com\/wp-content\/uploads\/2021\/11\/GL_Logo_blue.png","contentUrl":"https:\/\/golocalmobileguide.com\/wp-content\/uploads\/2021\/11\/GL_Logo_blue.png","width":551,"height":95,"caption":"Go Local Mobile Area Guide"},"image":{"@id":"https:\/\/golocalmobileguide.com\/#\/schema\/logo\/image\/"},"sameAs":["https:\/\/www.facebook.com\/profile.php?id=100088263084418"]}]}},"_links":{"self":[{"href":"https:\/\/golocalmobileguide.com\/de\/wp-json\/wp\/v2\/pages\/21900","targetHints":{"allow":["GET"]}}],"collection":[{"href":"https:\/\/golocalmobileguide.com\/de\/wp-json\/wp\/v2\/pages"}],"about":[{"href":"https:\/\/golocalmobileguide.com\/de\/wp-json\/wp\/v2\/types\/page"}],"author":[{"embeddable":true,"href":"https:\/\/golocalmobileguide.com\/de\/wp-json\/wp\/v2\/users\/6"}],"replies":[{"embeddable":true,"href":"https:\/\/golocalmobileguide.com\/de\/wp-json\/wp\/v2\/comments?post=21900"}],"version-history":[{"count":0,"href":"https:\/\/golocalmobileguide.com\/de\/wp-json\/wp\/v2\/pages\/21900\/revisions"}],"wp:attachment":[{"href":"https:\/\/golocalmobileguide.com\/de\/wp-json\/wp\/v2\/media?parent=21900"}],"curies":[{"name":"wp","href":"https:\/\/api.w.org\/{rel}","templated":true}]}}