{"id":21900,"date":"2022-04-05T20:58:34","date_gmt":"2022-04-05T20:58:34","guid":{"rendered":"https:\/\/golocalmobileguide.com\/?page_id=21900"},"modified":"2022-04-05T21:03:22","modified_gmt":"2022-04-05T21:03:22","slug":"privacy-policy-2","status":"publish","type":"page","link":"https:\/\/golocalmobileguide.com\/es\/privacy-policy-2\/","title":{"rendered":"Pol\u00edtica de privacidad"},"content":{"rendered":"<div data-elementor-type=\"wp-page\" data-elementor-id=\"21900\" class=\"elementor elementor-21900\" data-elementor-post-type=\"page\">\n\t\t\t\t\t\t<section class=\"elementor-section elementor-top-section elementor-element elementor-element-8d56770 elementor-section-boxed elementor-section-height-default elementor-section-height-default\" data-id=\"8d56770\" data-element_type=\"section\" data-settings=\"{&quot;jet_parallax_layout_list&quot;:[{&quot;jet_parallax_layout_image&quot;:{&quot;url&quot;:&quot;&quot;,&quot;id&quot;:&quot;&quot;,&quot;size&quot;:&quot;&quot;},&quot;_id&quot;:&quot;d55bf8f&quot;,&quot;jet_parallax_layout_image_tablet&quot;:{&quot;url&quot;:&quot;&quot;,&quot;id&quot;:&quot;&quot;,&quot;size&quot;:&quot;&quot;},&quot;jet_parallax_layout_image_mobile&quot;:{&quot;url&quot;:&quot;&quot;,&quot;id&quot;:&quot;&quot;,&quot;size&quot;:&quot;&quot;},&quot;jet_parallax_layout_speed&quot;:{&quot;unit&quot;:&quot;%&quot;,&quot;size&quot;:50,&quot;sizes&quot;:[]},&quot;jet_parallax_layout_type&quot;:&quot;scroll&quot;,&quot;jet_parallax_layout_direction&quot;:&quot;1&quot;,&quot;jet_parallax_layout_fx_direction&quot;:null,&quot;jet_parallax_layout_z_index&quot;:&quot;&quot;,&quot;jet_parallax_layout_bg_x&quot;:50,&quot;jet_parallax_layout_bg_x_tablet&quot;:&quot;&quot;,&quot;jet_parallax_layout_bg_x_mobile&quot;:&quot;&quot;,&quot;jet_parallax_layout_bg_y&quot;:50,&quot;jet_parallax_layout_bg_y_tablet&quot;:&quot;&quot;,&quot;jet_parallax_layout_bg_y_mobile&quot;:&quot;&quot;,&quot;jet_parallax_layout_bg_size&quot;:&quot;auto&quot;,&quot;jet_parallax_layout_bg_size_tablet&quot;:&quot;&quot;,&quot;jet_parallax_layout_bg_size_mobile&quot;:&quot;&quot;,&quot;jet_parallax_layout_animation_prop&quot;:&quot;transform&quot;,&quot;jet_parallax_layout_on&quot;:[&quot;desktop&quot;,&quot;tablet&quot;]}],&quot;background_background&quot;:&quot;classic&quot;}\">\n\t\t\t\t\t\t<div class=\"elementor-container elementor-column-gap-default\">\n\t\t\t\t\t<div class=\"elementor-column elementor-col-100 elementor-top-column elementor-element elementor-element-df93461\" data-id=\"df93461\" data-element_type=\"column\">\n\t\t\t<div class=\"elementor-widget-wrap elementor-element-populated\">\n\t\t\t\t\t\t<div class=\"elementor-element elementor-element-2384ccb elementor-widget elementor-widget-heading\" data-id=\"2384ccb\" data-element_type=\"widget\" data-widget_type=\"heading.default\">\n\t\t\t\t<div class=\"elementor-widget-container\">\n\t\t\t\t\t<h2 class=\"elementor-heading-title elementor-size-default\">Pol\u00edtica de privacidad de Go Local Inc.<\/h2>\t\t\t\t<\/div>\n\t\t\t\t<\/div>\n\t\t\t\t\t<\/div>\n\t\t<\/div>\n\t\t\t\t\t<\/div>\n\t\t<\/section>\n\t\t\t\t<section class=\"elementor-section elementor-top-section elementor-element elementor-element-252cd51 elementor-section-boxed elementor-section-height-default elementor-section-height-default\" data-id=\"252cd51\" data-element_type=\"section\" data-settings=\"{&quot;jet_parallax_layout_list&quot;:[{&quot;jet_parallax_layout_image&quot;:{&quot;url&quot;:&quot;&quot;,&quot;id&quot;:&quot;&quot;,&quot;size&quot;:&quot;&quot;},&quot;_id&quot;:&quot;fe7630d&quot;,&quot;jet_parallax_layout_image_tablet&quot;:{&quot;url&quot;:&quot;&quot;,&quot;id&quot;:&quot;&quot;,&quot;size&quot;:&quot;&quot;},&quot;jet_parallax_layout_image_mobile&quot;:{&quot;url&quot;:&quot;&quot;,&quot;id&quot;:&quot;&quot;,&quot;size&quot;:&quot;&quot;},&quot;jet_parallax_layout_speed&quot;:{&quot;unit&quot;:&quot;%&quot;,&quot;size&quot;:50,&quot;sizes&quot;:[]},&quot;jet_parallax_layout_type&quot;:&quot;scroll&quot;,&quot;jet_parallax_layout_direction&quot;:&quot;1&quot;,&quot;jet_parallax_layout_fx_direction&quot;:null,&quot;jet_parallax_layout_z_index&quot;:&quot;&quot;,&quot;jet_parallax_layout_bg_x&quot;:50,&quot;jet_parallax_layout_bg_x_tablet&quot;:&quot;&quot;,&quot;jet_parallax_layout_bg_x_mobile&quot;:&quot;&quot;,&quot;jet_parallax_layout_bg_y&quot;:50,&quot;jet_parallax_layout_bg_y_tablet&quot;:&quot;&quot;,&quot;jet_parallax_layout_bg_y_mobile&quot;:&quot;&quot;,&quot;jet_parallax_layout_bg_size&quot;:&quot;auto&quot;,&quot;jet_parallax_layout_bg_size_tablet&quot;:&quot;&quot;,&quot;jet_parallax_layout_bg_size_mobile&quot;:&quot;&quot;,&quot;jet_parallax_layout_animation_prop&quot;:&quot;transform&quot;,&quot;jet_parallax_layout_on&quot;:[&quot;desktop&quot;,&quot;tablet&quot;]}]}\">\n\t\t\t\t\t\t<div class=\"elementor-container elementor-column-gap-default\">\n\t\t\t\t\t<div class=\"elementor-column elementor-col-100 elementor-top-column elementor-element elementor-element-9098bfc\" data-id=\"9098bfc\" data-element_type=\"column\">\n\t\t\t<div class=\"elementor-widget-wrap elementor-element-populated\">\n\t\t\t\t\t\t<div class=\"elementor-element elementor-element-c4b6ed7 elementor-widget elementor-widget-text-editor\" data-id=\"c4b6ed7\" data-element_type=\"widget\" data-widget_type=\"text-editor.default\">\n\t\t\t\t<div class=\"elementor-widget-container\">\n\t\t\t\t\t\t\t\t\t<h2>Pol\u00edtica de privacidad<\/h2>\n<p>Go Local Inc. se compromete a proteger la privacidad de sus clientes y nos comprometemos a proteger la seguridad y privacidad de su informaci\u00f3n personal. Al ver este sitio web (https:\/\/golocalmobileguide.com), las aplicaciones m\u00f3viles de Go Local Inc., los programas de fidelizaci\u00f3n de Go Local Inc. o las redes sociales de Go Local Inc. (colectivamente, el &quot;Programa de marketing digital&quot;), usted reconoce nuestra informaci\u00f3n pr\u00e1cticas de recopilaci\u00f3n, uso, almacenamiento y divulgaci\u00f3n (colectivamente, &quot;Pr\u00e1cticas de privacidad&quot;) y consentimiento a los t\u00e9rminos de esta Pol\u00edtica de privacidad. A los efectos de esta Pol\u00edtica de privacidad, &quot;Go Local Inc.&quot;, &quot;nosotros&quot;, &quot;nuestro&quot; o &quot;nosotros&quot; se refiere a Go Local Inc., una corporaci\u00f3n de Florida, e incluye a todos nuestros Afiliados (como se define a continuaci\u00f3n).<\/p>\n<p>Esta Pol\u00edtica de privacidad debe leerse junto con los T\u00e9rminos de uso de Go Local Inc.<\/p>\n<h3><strong>Tipos de informaci\u00f3n<\/strong><\/h3>\n<p>No tiene la obligaci\u00f3n de proporcionar informaci\u00f3n personal a Go Local Inc. El uso del Programa de marketing digital, la compra\/consumo en nuestras tiendas y la participaci\u00f3n en diversas iniciativas de Go Local Inc. (incluidos, entre otros, cualquier programa de recompensas para clientes, promociones, encuestas, sondeos y sorteos), sin embargo, puede requerir la divulgaci\u00f3n de informaci\u00f3n personal. Los tipos de informaci\u00f3n que puede proporcionar a Go Local Inc. incluyen: (i) informaci\u00f3n de identificaci\u00f3n personal (&quot;PII&quot;) y (ii) otra informaci\u00f3n no identificable (&quot;No PII&quot; y junto con &quot;PII&quot;, &quot;Informaci\u00f3n del cliente&quot;) . La PII es informaci\u00f3n que podr\u00eda usarse razonablemente para identificarlo, incluidos, entre otros, su nombre, direcci\u00f3n, direcci\u00f3n(es) de correo electr\u00f3nico, n\u00famero(s) de tel\u00e9fono, fecha de nacimiento, informaci\u00f3n financiera (incluida la informaci\u00f3n de la tarjeta de cr\u00e9dito y d\u00e9bito), informaci\u00f3n del hogar, informaci\u00f3n demogr\u00e1fica y fotograf\u00eda. No PII es informaci\u00f3n que no lo identifica y puede incluir informaci\u00f3n estad\u00edstica sobre el uso del Programa de marketing digital.<\/p>\n<h3>Uso de la informaci\u00f3n<\/h3>\n<p>Go Local Inc. puede usar la informaci\u00f3n del cliente, o cualquier parte de la misma, para: (i) completar y administrar compras, pedidos, devoluciones e intercambios; (ii) enviarle comunicaciones promocionales y de marketing con respecto a Go Local Inc. y sus productos y servicios; (iii) compartir datos con nuestros Afiliados y socios comerciales; (iv) enviar cupones, cupones m\u00f3viles, boletines, correos electr\u00f3nicos y mensajes m\u00f3viles; (v) realizar investigaciones y an\u00e1lisis; (vi) administrar concursos y sorteos; (vii) crear contenidos, ofertas, servicios y publicidad personalizados; (viii) prevenir transacciones fraudulentas y robos; y (ix) cumplir con la ley aplicable, la solicitud gubernamental, la orden judicial o de otra manera proteger los derechos, la propiedad o la seguridad de Go Local Inc. u otros. Go Local Inc. puede usar Non-PII para analizar tendencias y realizar un seguimiento de la navegaci\u00f3n dentro del Programa de marketing digital.<\/p>\n<h3>Galletas<\/h3>\n<p>Podemos usar cookies (un peque\u00f1o archivo de texto identificador \u00fanico), balizas web (un peque\u00f1o gr\u00e1fico) y otras tecnolog\u00edas para recibir y almacenar ciertos tipos de informaci\u00f3n siempre que interact\u00fae con el Programa de marketing digital a trav\u00e9s de su computadora o su dispositivo habilitado para Internet. . El prop\u00f3sito de esta tecnolog\u00eda es identificarlo cuando visita el Programa de marketing digital para que podamos mejorar y personalizar su experiencia en l\u00ednea. Puede configurar su navegador para que no acepte cookies. Tambi\u00e9n puede eliminar manualmente las cookies de su computadora. Para obtener m\u00e1s informaci\u00f3n sobre c\u00f3mo deshabilitar las cookies, debe consultar con el proveedor de servicios de su navegador. Sin embargo, si deshabilita las cookies, es posible que partes del Programa de marketing digital no funcionen correctamente.<\/p>\n<p>Podemos recopilar cierta informaci\u00f3n t\u00e9cnica de su computadora o dispositivo habilitado para Internet cuando visita nuestros sitios web y otras \u00e1reas dentro de nuestro Programa de marketing digital, que incluye, entre otros, su direcci\u00f3n de Protocolo de Internet (IP), el sistema operativo de su computadora, tipo de navegador y cualquier direcci\u00f3n de sitio web de referencia. Usamos esta informaci\u00f3n para mejorar su experiencia durante su visita a nuestros sitios web y otras \u00e1reas dentro de nuestro Programa de marketing digital y con fines de administraci\u00f3n del sistema, seguridad y resoluci\u00f3n de problemas.<\/p>\n<p>Podemos utilizar software de terceros para proporcionar anuncios en el Programa de marketing digital, implementar campa\u00f1as de marketing por correo electr\u00f3nico y administrar otras iniciativas de marketing interactivo.<\/p>\n<h3>Medios de comunicaci\u00f3n social<\/h3>\n<p>El Programa de marketing digital puede incluir funciones y widgets de redes sociales, incluidos Facebook, Pinterest, Instagram, Twitter y otras redes sociales. Las funciones y los widgets de las redes sociales est\u00e1n sujetos a sus propias pol\u00edticas de privacidad. Le recomendamos que lea la pol\u00edtica de privacidad de cada empresa de redes sociales antes de utilizar las funciones o los widgets.<\/p>\n<h3>Aplicaciones m\u00f3viles<\/h3>\n<p>Las aplicaciones m\u00f3viles pueden recopilar cierta informaci\u00f3n sobre usted autom\u00e1ticamente, lo que incluye, entre otros, el tipo de dispositivo m\u00f3vil, la direcci\u00f3n del Protocolo de Internet (IP) de su dispositivo m\u00f3vil, el sistema operativo de su dispositivo m\u00f3vil y la ubicaci\u00f3n de su dispositivo m\u00f3vil (siempre que proporcione permiso para la aplicaci\u00f3n de servicios de localizaci\u00f3n). Puede detener la recopilaci\u00f3n de informaci\u00f3n a trav\u00e9s de su dispositivo m\u00f3vil desinstalando las aplicaciones m\u00f3viles (o, para suspender solo la informaci\u00f3n de ubicaci\u00f3n, puede ajustar la configuraci\u00f3n de permisos en su dispositivo m\u00f3vil.<\/p>\n<h3>Privacidad de los ni\u00f1os<\/h3>\n<p>En un esfuerzo por cumplir con la Ley de protecci\u00f3n de la privacidad en l\u00ednea de los ni\u00f1os, solicitamos que los ni\u00f1os menores de trece (13) a\u00f1os no proporcionen ning\u00fan PII en el Programa de marketing digital. Si es padre o tutor de un ni\u00f1o menor de trece (13) a\u00f1os y cree que su hijo ha proporcionado PII a Go Local Inc., cont\u00e1ctenos en privacypolicy@greatlocations.com<\/p>\n<h3>C\u00e1maras en la tienda<\/h3>\n<p>Podemos utilizar c\u00e1maras en la tienda con fines operativos y de seguridad.<\/p>\n<h3>Enlaces<\/h3>\n<p>El Programa de marketing digital puede contener enlaces a otros sitios web que no controlamos. No somos responsables de las pr\u00e1cticas de privacidad de ning\u00fan sitio web vinculado. Cualquier informaci\u00f3n del cliente que proporcione al acceder a un sitio web de un tercero est\u00e1 sujeta a la pol\u00edtica de privacidad de ese tercero. No controlamos el uso de la informaci\u00f3n del cliente que usted proporciona a terceros, y no asumimos ninguna responsabilidad por compartir informaci\u00f3n con ellos.<\/p>\n<h3>Optar por no<\/h3>\n<p>Si no desea recibir ning\u00fan correo promocional, llamadas telef\u00f3nicas promocionales o correo electr\u00f3nico promocional, cont\u00e1ctenos en privacypolicy@greatlocations.com<\/p>\n<h3>Seguridad de datos<\/h3>\n<p>Mantenemos estrictos protocolos de seguridad, que incluyen medidas de seguridad f\u00edsicas, electr\u00f3nicas y de procedimiento, para proteger la informaci\u00f3n del cliente. Estos protocolos incluyen el cumplimiento de las leyes y reglamentaciones federales y el uso de la encriptaci\u00f3n Secure Socket Layer (SSL) para evitar cualquier p\u00e9rdida, uso indebido, acceso no autorizado o divulgaci\u00f3n de su informaci\u00f3n personal. Aunque nos esforzamos por mantener la seguridad de los datos, no garantizamos ni avalamos su seguridad.<\/p>\n<h3>Actualizaciones a la Pol\u00edtica de Privacidad<\/h3>\n<p>De vez en cuando, podemos modificar esta Pol\u00edtica de privacidad para reflejar iniciativas de la industria o cambios en la ley, la tecnolog\u00eda, las Pr\u00e1cticas de privacidad de Go Local Inc. o las caracter\u00edsticas del Programa de marketing digital. Todas las modificaciones y actualizaciones ser\u00e1n efectivas al momento de su publicaci\u00f3n. Su uso continuado del Programa de marketing digital despu\u00e9s de que publiquemos una Pol\u00edtica de privacidad actualizada significa que acepta la nueva Pol\u00edtica de privacidad. Debe revisar esta Pol\u00edtica de privacidad regularmente para asegurarse de estar al tanto de cualquier cambio.<\/p>\n<h3>Cont\u00e1ctenos<\/h3>\n<p>Si desea comunicarse con Go Local Inc. acerca de esta Pol\u00edtica de privacidad, no dude en contactarnos en privacypolicy@greatlocations.com<\/p>\n<p><b>Copyright \u00a9 Go Local Inc. Todos los derechos reservados.<\/b><\/p>\t\t\t\t\t\t\t\t<\/div>\n\t\t\t\t<\/div>\n\t\t\t\t\t<\/div>\n\t\t<\/div>\n\t\t\t\t\t<\/div>\n\t\t<\/section>\n\t\t\t\t<\/div>","protected":false},"excerpt":{"rendered":"<p>Pol\u00edtica de privacidad de Go Local Inc Pol\u00edtica de privacidad Go Local Inc. se compromete a proteger la privacidad de sus clientes y nos comprometemos a proteger la seguridad y privacidad de su informaci\u00f3n personal. Al ver este sitio web (https:\/\/golocalmobileguide.com), las aplicaciones m\u00f3viles de Go Local Inc., los programas de fidelizaci\u00f3n de Go Local Inc. o las redes sociales de Go Local Inc. (colectivamente, el \u201cDigital [\u2026]<\/p>","protected":false},"author":6,"featured_media":0,"parent":0,"menu_order":0,"comment_status":"closed","ping_status":"closed","template":"","meta":{"footnotes":""},"class_list":["post-21900","page","type-page","status-publish","hentry"],"yoast_head":"<!-- This site is optimized with the Yoast SEO plugin v26.8 - https:\/\/yoast.com\/product\/yoast-seo-wordpress\/ -->\n<title>Privacy Policy - Go Local<\/title>\n<meta name=\"robots\" content=\"index, follow, max-snippet:-1, max-image-preview:large, max-video-preview:-1\" \/>\n<link rel=\"canonical\" href=\"https:\/\/golocalmobileguide.com\/es\/privacy-policy-2\/\" \/>\n<meta property=\"og:locale\" content=\"es_ES\" \/>\n<meta property=\"og:type\" content=\"article\" \/>\n<meta property=\"og:title\" content=\"Privacy Policy - Go Local\" \/>\n<meta property=\"og:description\" content=\"Go Local Inc&nbsp;Privacy Policy Privacy Policy Go Local Inc. is committed to protecting the privacy of its customers, and we pledge to protect the security and privacy of your personal information. By viewing this website (https:\/\/golocalmobileguide.com), Go Local Inc. &nbsp;mobile applications, Go Local Inc. &nbsp;loyalty programs, or Go Local Inc. &nbsp;social media (collectively, the \u201cDigital [&hellip;]\" \/>\n<meta property=\"og:url\" content=\"https:\/\/golocalmobileguide.com\/es\/privacy-policy-2\/\" \/>\n<meta property=\"og:site_name\" content=\"Go Local\" \/>\n<meta property=\"article:publisher\" content=\"https:\/\/www.facebook.com\/profile.php?id=100088263084418\" \/>\n<meta property=\"article:modified_time\" content=\"2022-04-05T21:03:22+00:00\" \/>\n<meta property=\"og:image\" content=\"https:\/\/golocalmobileguide.com\/wp-content\/uploads\/2021\/11\/GL_Logo_blue.png\" \/>\n\t<meta property=\"og:image:width\" content=\"551\" \/>\n\t<meta property=\"og:image:height\" content=\"95\" \/>\n\t<meta property=\"og:image:type\" content=\"image\/png\" \/>\n<meta name=\"twitter:card\" content=\"summary_large_image\" \/>\n<meta name=\"twitter:label1\" content=\"Tiempo de lectura\" \/>\n\t<meta name=\"twitter:data1\" content=\"6 minutos\" \/>\n<script type=\"application\/ld+json\" class=\"yoast-schema-graph\">{\"@context\":\"https:\/\/schema.org\",\"@graph\":[{\"@type\":\"WebPage\",\"@id\":\"https:\/\/golocalmobileguide.com\/pt_br\/privacy-policy-2\/\",\"url\":\"https:\/\/golocalmobileguide.com\/pt_br\/privacy-policy-2\/\",\"name\":\"Privacy Policy - Go Local\",\"isPartOf\":{\"@id\":\"https:\/\/golocalmobileguide.com\/#website\"},\"datePublished\":\"2022-04-05T20:58:34+00:00\",\"dateModified\":\"2022-04-05T21:03:22+00:00\",\"breadcrumb\":{\"@id\":\"https:\/\/golocalmobileguide.com\/pt_br\/privacy-policy-2\/#breadcrumb\"},\"inLanguage\":\"es\",\"potentialAction\":[{\"@type\":\"ReadAction\",\"target\":[\"https:\/\/golocalmobileguide.com\/pt_br\/privacy-policy-2\/\"]}]},{\"@type\":\"BreadcrumbList\",\"@id\":\"https:\/\/golocalmobileguide.com\/pt_br\/privacy-policy-2\/#breadcrumb\",\"itemListElement\":[{\"@type\":\"ListItem\",\"position\":1,\"name\":\"Home\",\"item\":\"https:\/\/golocalmobileguide.com\/\"},{\"@type\":\"ListItem\",\"position\":2,\"name\":\"Privacy Policy\"}]},{\"@type\":\"WebSite\",\"@id\":\"https:\/\/golocalmobileguide.com\/#website\",\"url\":\"https:\/\/golocalmobileguide.com\/\",\"name\":\"Go Local\",\"description\":\"Local Area Mobile Guide\",\"publisher\":{\"@id\":\"https:\/\/golocalmobileguide.com\/#organization\"},\"potentialAction\":[{\"@type\":\"SearchAction\",\"target\":{\"@type\":\"EntryPoint\",\"urlTemplate\":\"https:\/\/golocalmobileguide.com\/?s={search_term_string}\"},\"query-input\":{\"@type\":\"PropertyValueSpecification\",\"valueRequired\":true,\"valueName\":\"search_term_string\"}}],\"inLanguage\":\"es\"},{\"@type\":\"Organization\",\"@id\":\"https:\/\/golocalmobileguide.com\/#organization\",\"name\":\"Go Local Mobile Area Guide\",\"url\":\"https:\/\/golocalmobileguide.com\/\",\"logo\":{\"@type\":\"ImageObject\",\"inLanguage\":\"es\",\"@id\":\"https:\/\/golocalmobileguide.com\/#\/schema\/logo\/image\/\",\"url\":\"https:\/\/golocalmobileguide.com\/wp-content\/uploads\/2021\/11\/GL_Logo_blue.png\",\"contentUrl\":\"https:\/\/golocalmobileguide.com\/wp-content\/uploads\/2021\/11\/GL_Logo_blue.png\",\"width\":551,\"height\":95,\"caption\":\"Go Local Mobile Area Guide\"},\"image\":{\"@id\":\"https:\/\/golocalmobileguide.com\/#\/schema\/logo\/image\/\"},\"sameAs\":[\"https:\/\/www.facebook.com\/profile.php?id=100088263084418\"]}]}<\/script>\n<!-- \/ Yoast SEO plugin. -->","yoast_head_json":{"title":"Pol\u00edtica de privacidad - Go Local","robots":{"index":"index","follow":"follow","max-snippet":"max-snippet:-1","max-image-preview":"max-image-preview:large","max-video-preview":"max-video-preview:-1"},"canonical":"https:\/\/golocalmobileguide.com\/es\/privacy-policy-2\/","og_locale":"es_ES","og_type":"article","og_title":"Privacy Policy - Go Local","og_description":"Go Local Inc&nbsp;Privacy Policy Privacy Policy Go Local Inc. is committed to protecting the privacy of its customers, and we pledge to protect the security and privacy of your personal information. By viewing this website (https:\/\/golocalmobileguide.com), Go Local Inc. &nbsp;mobile applications, Go Local Inc. &nbsp;loyalty programs, or Go Local Inc. &nbsp;social media (collectively, the \u201cDigital [&hellip;]","og_url":"https:\/\/golocalmobileguide.com\/es\/privacy-policy-2\/","og_site_name":"Go Local","article_publisher":"https:\/\/www.facebook.com\/profile.php?id=100088263084418","article_modified_time":"2022-04-05T21:03:22+00:00","og_image":[{"width":551,"height":95,"url":"https:\/\/golocalmobileguide.com\/wp-content\/uploads\/2021\/11\/GL_Logo_blue.png","type":"image\/png"}],"twitter_card":"summary_large_image","twitter_misc":{"Tiempo de lectura":"6 minutos"},"schema":{"@context":"https:\/\/schema.org","@graph":[{"@type":"WebPage","@id":"https:\/\/golocalmobileguide.com\/pt_br\/privacy-policy-2\/","url":"https:\/\/golocalmobileguide.com\/pt_br\/privacy-policy-2\/","name":"Pol\u00edtica de privacidad - Go Local","isPartOf":{"@id":"https:\/\/golocalmobileguide.com\/#website"},"datePublished":"2022-04-05T20:58:34+00:00","dateModified":"2022-04-05T21:03:22+00:00","breadcrumb":{"@id":"https:\/\/golocalmobileguide.com\/pt_br\/privacy-policy-2\/#breadcrumb"},"inLanguage":"es","potentialAction":[{"@type":"ReadAction","target":["https:\/\/golocalmobileguide.com\/pt_br\/privacy-policy-2\/"]}]},{"@type":"BreadcrumbList","@id":"https:\/\/golocalmobileguide.com\/pt_br\/privacy-policy-2\/#breadcrumb","itemListElement":[{"@type":"ListItem","position":1,"name":"Home","item":"https:\/\/golocalmobileguide.com\/"},{"@type":"ListItem","position":2,"name":"Privacy Policy"}]},{"@type":"WebSite","@id":"https:\/\/golocalmobileguide.com\/#website","url":"https:\/\/golocalmobileguide.com\/","name":"Grandes ubicaciones","description":"Gu\u00eda m\u00f3vil de \u00e1rea local","publisher":{"@id":"https:\/\/golocalmobileguide.com\/#organization"},"potentialAction":[{"@type":"SearchAction","target":{"@type":"EntryPoint","urlTemplate":"https:\/\/golocalmobileguide.com\/?s={search_term_string}"},"query-input":{"@type":"PropertyValueSpecification","valueRequired":true,"valueName":"search_term_string"}}],"inLanguage":"es"},{"@type":"Organization","@id":"https:\/\/golocalmobileguide.com\/#organization","name":"Gu\u00eda del \u00e1rea m\u00f3vil de Go Local","url":"https:\/\/golocalmobileguide.com\/","logo":{"@type":"ImageObject","inLanguage":"es","@id":"https:\/\/golocalmobileguide.com\/#\/schema\/logo\/image\/","url":"https:\/\/golocalmobileguide.com\/wp-content\/uploads\/2021\/11\/GL_Logo_blue.png","contentUrl":"https:\/\/golocalmobileguide.com\/wp-content\/uploads\/2021\/11\/GL_Logo_blue.png","width":551,"height":95,"caption":"Go Local Mobile Area Guide"},"image":{"@id":"https:\/\/golocalmobileguide.com\/#\/schema\/logo\/image\/"},"sameAs":["https:\/\/www.facebook.com\/profile.php?id=100088263084418"]}]}},"_links":{"self":[{"href":"https:\/\/golocalmobileguide.com\/es\/wp-json\/wp\/v2\/pages\/21900","targetHints":{"allow":["GET"]}}],"collection":[{"href":"https:\/\/golocalmobileguide.com\/es\/wp-json\/wp\/v2\/pages"}],"about":[{"href":"https:\/\/golocalmobileguide.com\/es\/wp-json\/wp\/v2\/types\/page"}],"author":[{"embeddable":true,"href":"https:\/\/golocalmobileguide.com\/es\/wp-json\/wp\/v2\/users\/6"}],"replies":[{"embeddable":true,"href":"https:\/\/golocalmobileguide.com\/es\/wp-json\/wp\/v2\/comments?post=21900"}],"version-history":[{"count":0,"href":"https:\/\/golocalmobileguide.com\/es\/wp-json\/wp\/v2\/pages\/21900\/revisions"}],"wp:attachment":[{"href":"https:\/\/golocalmobileguide.com\/es\/wp-json\/wp\/v2\/media?parent=21900"}],"curies":[{"name":"gracias","href":"https:\/\/api.w.org\/{rel}","templated":true}]}}