{"id":21893,"date":"2022-04-05T20:41:28","date_gmt":"2022-04-05T20:41:28","guid":{"rendered":"https:\/\/golocalmobileguide.com\/?page_id=21893"},"modified":"2022-04-05T20:44:57","modified_gmt":"2022-04-05T20:44:57","slug":"accessibility-statement","status":"publish","type":"page","link":"https:\/\/golocalmobileguide.com\/fr\/accessibility-statement\/","title":{"rendered":"D\u00e9claration d&#039;accessibilit\u00e9"},"content":{"rendered":"<div data-elementor-type=\"wp-page\" data-elementor-id=\"21893\" class=\"elementor elementor-21893\" data-elementor-post-type=\"page\">\n\t\t\t\t\t\t<section class=\"elementor-section elementor-top-section elementor-element elementor-element-8d56770 elementor-section-boxed elementor-section-height-default elementor-section-height-default\" data-id=\"8d56770\" data-element_type=\"section\" data-settings=\"{&quot;jet_parallax_layout_list&quot;:[{&quot;jet_parallax_layout_image&quot;:{&quot;url&quot;:&quot;&quot;,&quot;id&quot;:&quot;&quot;,&quot;size&quot;:&quot;&quot;},&quot;_id&quot;:&quot;d55bf8f&quot;,&quot;jet_parallax_layout_image_tablet&quot;:{&quot;url&quot;:&quot;&quot;,&quot;id&quot;:&quot;&quot;,&quot;size&quot;:&quot;&quot;},&quot;jet_parallax_layout_image_mobile&quot;:{&quot;url&quot;:&quot;&quot;,&quot;id&quot;:&quot;&quot;,&quot;size&quot;:&quot;&quot;},&quot;jet_parallax_layout_speed&quot;:{&quot;unit&quot;:&quot;%&quot;,&quot;size&quot;:50,&quot;sizes&quot;:[]},&quot;jet_parallax_layout_type&quot;:&quot;scroll&quot;,&quot;jet_parallax_layout_direction&quot;:&quot;1&quot;,&quot;jet_parallax_layout_fx_direction&quot;:null,&quot;jet_parallax_layout_z_index&quot;:&quot;&quot;,&quot;jet_parallax_layout_bg_x&quot;:50,&quot;jet_parallax_layout_bg_x_tablet&quot;:&quot;&quot;,&quot;jet_parallax_layout_bg_x_mobile&quot;:&quot;&quot;,&quot;jet_parallax_layout_bg_y&quot;:50,&quot;jet_parallax_layout_bg_y_tablet&quot;:&quot;&quot;,&quot;jet_parallax_layout_bg_y_mobile&quot;:&quot;&quot;,&quot;jet_parallax_layout_bg_size&quot;:&quot;auto&quot;,&quot;jet_parallax_layout_bg_size_tablet&quot;:&quot;&quot;,&quot;jet_parallax_layout_bg_size_mobile&quot;:&quot;&quot;,&quot;jet_parallax_layout_animation_prop&quot;:&quot;transform&quot;,&quot;jet_parallax_layout_on&quot;:[&quot;desktop&quot;,&quot;tablet&quot;]}],&quot;background_background&quot;:&quot;classic&quot;}\">\n\t\t\t\t\t\t<div class=\"elementor-container elementor-column-gap-default\">\n\t\t\t\t\t<div class=\"elementor-column elementor-col-100 elementor-top-column elementor-element elementor-element-df93461\" data-id=\"df93461\" data-element_type=\"column\">\n\t\t\t<div class=\"elementor-widget-wrap elementor-element-populated\">\n\t\t\t\t\t\t<div class=\"elementor-element elementor-element-2384ccb elementor-widget elementor-widget-heading\" data-id=\"2384ccb\" data-element_type=\"widget\" data-widget_type=\"heading.default\">\n\t\t\t\t<div class=\"elementor-widget-container\">\n\t\t\t\t\t<h2 class=\"elementor-heading-title elementor-size-default\">D\u00e9claration d&#039;accessibilit\u00e9 de Go Local Inc<\/h2>\t\t\t\t<\/div>\n\t\t\t\t<\/div>\n\t\t\t\t\t<\/div>\n\t\t<\/div>\n\t\t\t\t\t<\/div>\n\t\t<\/section>\n\t\t\t\t<section class=\"elementor-section elementor-top-section elementor-element elementor-element-252cd51 elementor-section-boxed elementor-section-height-default elementor-section-height-default\" data-id=\"252cd51\" data-element_type=\"section\" data-settings=\"{&quot;jet_parallax_layout_list&quot;:[{&quot;jet_parallax_layout_image&quot;:{&quot;url&quot;:&quot;&quot;,&quot;id&quot;:&quot;&quot;,&quot;size&quot;:&quot;&quot;},&quot;_id&quot;:&quot;fe7630d&quot;,&quot;jet_parallax_layout_image_tablet&quot;:{&quot;url&quot;:&quot;&quot;,&quot;id&quot;:&quot;&quot;,&quot;size&quot;:&quot;&quot;},&quot;jet_parallax_layout_image_mobile&quot;:{&quot;url&quot;:&quot;&quot;,&quot;id&quot;:&quot;&quot;,&quot;size&quot;:&quot;&quot;},&quot;jet_parallax_layout_speed&quot;:{&quot;unit&quot;:&quot;%&quot;,&quot;size&quot;:50,&quot;sizes&quot;:[]},&quot;jet_parallax_layout_type&quot;:&quot;scroll&quot;,&quot;jet_parallax_layout_direction&quot;:&quot;1&quot;,&quot;jet_parallax_layout_fx_direction&quot;:null,&quot;jet_parallax_layout_z_index&quot;:&quot;&quot;,&quot;jet_parallax_layout_bg_x&quot;:50,&quot;jet_parallax_layout_bg_x_tablet&quot;:&quot;&quot;,&quot;jet_parallax_layout_bg_x_mobile&quot;:&quot;&quot;,&quot;jet_parallax_layout_bg_y&quot;:50,&quot;jet_parallax_layout_bg_y_tablet&quot;:&quot;&quot;,&quot;jet_parallax_layout_bg_y_mobile&quot;:&quot;&quot;,&quot;jet_parallax_layout_bg_size&quot;:&quot;auto&quot;,&quot;jet_parallax_layout_bg_size_tablet&quot;:&quot;&quot;,&quot;jet_parallax_layout_bg_size_mobile&quot;:&quot;&quot;,&quot;jet_parallax_layout_animation_prop&quot;:&quot;transform&quot;,&quot;jet_parallax_layout_on&quot;:[&quot;desktop&quot;,&quot;tablet&quot;]}]}\">\n\t\t\t\t\t\t<div class=\"elementor-container elementor-column-gap-default\">\n\t\t\t\t\t<div class=\"elementor-column elementor-col-100 elementor-top-column elementor-element elementor-element-9098bfc\" data-id=\"9098bfc\" data-element_type=\"column\">\n\t\t\t<div class=\"elementor-widget-wrap elementor-element-populated\">\n\t\t\t\t\t\t<div class=\"elementor-element elementor-element-c4b6ed7 elementor-widget elementor-widget-text-editor\" data-id=\"c4b6ed7\" data-element_type=\"widget\" data-widget_type=\"text-editor.default\">\n\t\t\t\t<div class=\"elementor-widget-container\">\n\t\t\t\t\t\t\t\t\t<h1><span style=\"color: var( --e-global-color-text ); font-family: var( --e-global-typography-text-font-family ), Sans-serif; font-weight: var( --e-global-typography-text-font-weight ); font-size: 1rem;\">Mise \u00e0 jour : avril 2022.<\/span><\/h1><h2>G\u00e9n\u00e9ral<\/h2><p>Go Local Inc s&#039;efforce de garantir que ses services sont accessibles aux personnes handicap\u00e9es. Go Local Inc a investi une quantit\u00e9 importante de ressources pour aider \u00e0 rendre son site Web plus facile \u00e0 utiliser et plus accessible pour les personnes handicap\u00e9es, avec la ferme conviction que les efforts d&#039;accessibilit\u00e9 du site Web aident tous les utilisateurs et que chaque personne a le droit de vivre avec dignit\u00e9, \u00e9galit\u00e9, confort et ind\u00e9pendance.<\/p><h2>Accessibilit\u00e9 sur golocalmobileguide.com<\/h2><p>golocalmobileguide.com fait\u00a0<a title=\"Widget d&#039;accessibilit\u00e9 Web gratuit\" href=\"https:\/\/userway.org\">Widget d&#039;accessibilit\u00e9 Web de UserWay<\/a>\u00a0disponible qui est aliment\u00e9 par un serveur d&#039;accessibilit\u00e9 d\u00e9di\u00e9. Le logiciel permet \u00e0 golocalmobileguide.com d&#039;am\u00e9liorer sa conformit\u00e9 aux directives pour l&#039;accessibilit\u00e9 des contenus Web (WCAG 2.1).<\/p><h2>Activation du menu Accessibilit\u00e9<\/h2><p>Le menu d&#039;accessibilit\u00e9 de golocalmobileguide.com peut \u00eatre activ\u00e9 en cliquant sur l&#039;ic\u00f4ne du menu d&#039;accessibilit\u00e9 qui appara\u00eet dans le coin de la page. Apr\u00e8s avoir d\u00e9clench\u00e9 le menu d&#039;accessibilit\u00e9, veuillez patienter un moment pour que le menu d&#039;accessibilit\u00e9 se charge dans son int\u00e9gralit\u00e9.<\/p><h2>Avertissement<\/h2><p>Go Local Inc poursuit ses efforts pour am\u00e9liorer constamment l&#039;accessibilit\u00e9 de son site et de ses services dans la conviction qu&#039;il est de notre obligation morale collective de permettre une utilisation transparente, accessible et sans entrave \u00e9galement pour ceux d&#039;entre nous ayant un handicap.<\/p><p>Dans un effort continu pour continuellement am\u00e9liorer et r\u00e9soudre les probl\u00e8mes d&#039;accessibilit\u00e9, nous analysons \u00e9galement r\u00e9guli\u00e8rement golocalmobileguide.com avec UserWay&#039;s <a title=\"Scanner d&#039;accessibilit\u00e9 de site Web gratuit\" href=\"https:\/\/UserWay.org\/scanner\">Analyseur d&#039;accessibilit\u00e9<\/a> pour identifier et r\u00e9soudre tous les obstacles \u00e0 l&#039;accessibilit\u00e9 possibles sur notre site. Malgr\u00e9 nos efforts pour rendre toutes les pages et le contenu de golocalmobileguide.com enti\u00e8rement accessibles, certains contenus peuvent ne pas encore avoir \u00e9t\u00e9 enti\u00e8rement adapt\u00e9s aux normes d&#039;accessibilit\u00e9 les plus strictes. Cela peut \u00eatre d\u00fb au fait de ne pas avoir trouv\u00e9 ou identifi\u00e9 la solution technologique la plus appropri\u00e9e.<\/p><h2>Ici pour vous<\/h2><p>Si vous rencontrez des difficult\u00e9s avec tout contenu sur golocalmobileguide.com ou si vous avez besoin d&#039;aide avec n&#039;importe quelle partie de notre site, veuillez nous contacter pendant les heures normales de bureau comme indiqu\u00e9 ci-dessous et nous serons heureux de vous aider.<\/p><h2>Nous contacter<\/h2><p>Si vous souhaitez signaler un probl\u00e8me d&#039;accessibilit\u00e9, avez des questions ou avez besoin d&#039;aide, veuillez contacter le service client\u00e8le de Go Local Inc comme suit\u00a0:<\/p><p>E-mail:\u00a0<a href=\"mailto:greatlocations@disartmedia.net\">greatlocations@disartmedia.net<\/a><\/p>\t\t\t\t\t\t\t\t<\/div>\n\t\t\t\t<\/div>\n\t\t\t\t\t<\/div>\n\t\t<\/div>\n\t\t\t\t\t<\/div>\n\t\t<\/section>\n\t\t\t\t<\/div>","protected":false},"excerpt":{"rendered":"<p>D\u00e9claration d&#039;accessibilit\u00e9 de Go Local Inc Mise \u00e0 jour\u00a0: avril 2022. G\u00e9n\u00e9ralit\u00e9s Go Local Inc s&#039;efforce de garantir que ses services sont accessibles aux personnes handicap\u00e9es. Go Local Inc a investi une quantit\u00e9 importante de ressources pour aider \u00e0 rendre son site Web plus facile \u00e0 utiliser et plus accessible aux personnes handicap\u00e9es, avec la ferme conviction que les efforts d&#039;accessibilit\u00e9 du site Web aident tous les utilisateurs [\u2026]<\/p>","protected":false},"author":6,"featured_media":0,"parent":0,"menu_order":0,"comment_status":"closed","ping_status":"closed","template":"","meta":{"footnotes":""},"class_list":["post-21893","page","type-page","status-publish","hentry"],"yoast_head":"<!-- This site is optimized with the Yoast SEO plugin v26.8 - https:\/\/yoast.com\/product\/yoast-seo-wordpress\/ -->\n<title>Accessibility Statement - Go Local<\/title>\n<meta name=\"robots\" content=\"index, follow, max-snippet:-1, max-image-preview:large, max-video-preview:-1\" \/>\n<link rel=\"canonical\" href=\"https:\/\/golocalmobileguide.com\/fr\/accessibility-statement\/\" \/>\n<meta property=\"og:locale\" content=\"fr_FR\" \/>\n<meta property=\"og:type\" content=\"article\" \/>\n<meta property=\"og:title\" content=\"Accessibility Statement - Go Local\" \/>\n<meta property=\"og:description\" content=\"Go Local Inc&nbsp;Accessibility Statement Updated:\u00a0April\u00a02022. General Go Local Inc\u00a0strives to ensure that its services are accessible to people with disabilities.\u00a0Go Local Inc\u00a0has invested a significant amount of resources to help ensure that its website is made easier to use and more accessible for people with disabilities, with the strong belief that\u00a0website accessibility\u00a0efforts assist all users [&hellip;]\" \/>\n<meta property=\"og:url\" content=\"https:\/\/golocalmobileguide.com\/fr\/accessibility-statement\/\" \/>\n<meta property=\"og:site_name\" content=\"Go Local\" \/>\n<meta property=\"article:publisher\" content=\"https:\/\/www.facebook.com\/profile.php?id=100088263084418\" \/>\n<meta property=\"article:modified_time\" content=\"2022-04-05T20:44:57+00:00\" \/>\n<meta property=\"og:image\" content=\"https:\/\/golocalmobileguide.com\/wp-content\/uploads\/2021\/11\/GL_Logo_blue.png\" \/>\n\t<meta property=\"og:image:width\" content=\"551\" \/>\n\t<meta property=\"og:image:height\" content=\"95\" \/>\n\t<meta property=\"og:image:type\" content=\"image\/png\" \/>\n<meta name=\"twitter:card\" content=\"summary_large_image\" \/>\n<meta name=\"twitter:label1\" content=\"Dur\u00e9e de lecture estim\u00e9e\" \/>\n\t<meta name=\"twitter:data1\" content=\"2 minutes\" \/>\n<script type=\"application\/ld+json\" class=\"yoast-schema-graph\">{\"@context\":\"https:\/\/schema.org\",\"@graph\":[{\"@type\":\"WebPage\",\"@id\":\"https:\/\/golocalmobileguide.com\/pt_br\/accessibility-statement\/\",\"url\":\"https:\/\/golocalmobileguide.com\/pt_br\/accessibility-statement\/\",\"name\":\"Accessibility Statement - Go Local\",\"isPartOf\":{\"@id\":\"https:\/\/golocalmobileguide.com\/#website\"},\"datePublished\":\"2022-04-05T20:41:28+00:00\",\"dateModified\":\"2022-04-05T20:44:57+00:00\",\"breadcrumb\":{\"@id\":\"https:\/\/golocalmobileguide.com\/pt_br\/accessibility-statement\/#breadcrumb\"},\"inLanguage\":\"fr-FR\",\"potentialAction\":[{\"@type\":\"ReadAction\",\"target\":[\"https:\/\/golocalmobileguide.com\/pt_br\/accessibility-statement\/\"]}]},{\"@type\":\"BreadcrumbList\",\"@id\":\"https:\/\/golocalmobileguide.com\/pt_br\/accessibility-statement\/#breadcrumb\",\"itemListElement\":[{\"@type\":\"ListItem\",\"position\":1,\"name\":\"Home\",\"item\":\"https:\/\/golocalmobileguide.com\/\"},{\"@type\":\"ListItem\",\"position\":2,\"name\":\"Accessibility Statement\"}]},{\"@type\":\"WebSite\",\"@id\":\"https:\/\/golocalmobileguide.com\/#website\",\"url\":\"https:\/\/golocalmobileguide.com\/\",\"name\":\"Go Local\",\"description\":\"Local Area Mobile Guide\",\"publisher\":{\"@id\":\"https:\/\/golocalmobileguide.com\/#organization\"},\"potentialAction\":[{\"@type\":\"SearchAction\",\"target\":{\"@type\":\"EntryPoint\",\"urlTemplate\":\"https:\/\/golocalmobileguide.com\/?s={search_term_string}\"},\"query-input\":{\"@type\":\"PropertyValueSpecification\",\"valueRequired\":true,\"valueName\":\"search_term_string\"}}],\"inLanguage\":\"fr-FR\"},{\"@type\":\"Organization\",\"@id\":\"https:\/\/golocalmobileguide.com\/#organization\",\"name\":\"Go Local Mobile Area Guide\",\"url\":\"https:\/\/golocalmobileguide.com\/\",\"logo\":{\"@type\":\"ImageObject\",\"inLanguage\":\"fr-FR\",\"@id\":\"https:\/\/golocalmobileguide.com\/#\/schema\/logo\/image\/\",\"url\":\"https:\/\/golocalmobileguide.com\/wp-content\/uploads\/2021\/11\/GL_Logo_blue.png\",\"contentUrl\":\"https:\/\/golocalmobileguide.com\/wp-content\/uploads\/2021\/11\/GL_Logo_blue.png\",\"width\":551,\"height\":95,\"caption\":\"Go Local Mobile Area Guide\"},\"image\":{\"@id\":\"https:\/\/golocalmobileguide.com\/#\/schema\/logo\/image\/\"},\"sameAs\":[\"https:\/\/www.facebook.com\/profile.php?id=100088263084418\"]}]}<\/script>\n<!-- \/ Yoast SEO plugin. -->","yoast_head_json":{"title":"Accessibility Statement - Go Local","robots":{"index":"index","follow":"follow","max-snippet":"max-snippet:-1","max-image-preview":"max-image-preview:large","max-video-preview":"max-video-preview:-1"},"canonical":"https:\/\/golocalmobileguide.com\/fr\/accessibility-statement\/","og_locale":"fr_FR","og_type":"article","og_title":"Accessibility Statement - Go Local","og_description":"Go Local Inc&nbsp;Accessibility Statement Updated:\u00a0April\u00a02022. General Go Local Inc\u00a0strives to ensure that its services are accessible to people with disabilities.\u00a0Go Local Inc\u00a0has invested a significant amount of resources to help ensure that its website is made easier to use and more accessible for people with disabilities, with the strong belief that\u00a0website accessibility\u00a0efforts assist all users [&hellip;]","og_url":"https:\/\/golocalmobileguide.com\/fr\/accessibility-statement\/","og_site_name":"Go Local","article_publisher":"https:\/\/www.facebook.com\/profile.php?id=100088263084418","article_modified_time":"2022-04-05T20:44:57+00:00","og_image":[{"width":551,"height":95,"url":"https:\/\/golocalmobileguide.com\/wp-content\/uploads\/2021\/11\/GL_Logo_blue.png","type":"image\/png"}],"twitter_card":"summary_large_image","twitter_misc":{"Dur\u00e9e de lecture estim\u00e9e":"2 minutes"},"schema":{"@context":"https:\/\/schema.org","@graph":[{"@type":"WebPage","@id":"https:\/\/golocalmobileguide.com\/pt_br\/accessibility-statement\/","url":"https:\/\/golocalmobileguide.com\/pt_br\/accessibility-statement\/","name":"Accessibility Statement - Go Local","isPartOf":{"@id":"https:\/\/golocalmobileguide.com\/#website"},"datePublished":"2022-04-05T20:41:28+00:00","dateModified":"2022-04-05T20:44:57+00:00","breadcrumb":{"@id":"https:\/\/golocalmobileguide.com\/pt_br\/accessibility-statement\/#breadcrumb"},"inLanguage":"fr-FR","potentialAction":[{"@type":"ReadAction","target":["https:\/\/golocalmobileguide.com\/pt_br\/accessibility-statement\/"]}]},{"@type":"BreadcrumbList","@id":"https:\/\/golocalmobileguide.com\/pt_br\/accessibility-statement\/#breadcrumb","itemListElement":[{"@type":"ListItem","position":1,"name":"Home","item":"https:\/\/golocalmobileguide.com\/"},{"@type":"ListItem","position":2,"name":"Accessibility Statement"}]},{"@type":"WebSite","@id":"https:\/\/golocalmobileguide.com\/#website","url":"https:\/\/golocalmobileguide.com\/","name":"Grands emplacements","description":"Guide mobile local","publisher":{"@id":"https:\/\/golocalmobileguide.com\/#organization"},"potentialAction":[{"@type":"SearchAction","target":{"@type":"EntryPoint","urlTemplate":"https:\/\/golocalmobileguide.com\/?s={search_term_string}"},"query-input":{"@type":"PropertyValueSpecification","valueRequired":true,"valueName":"search_term_string"}}],"inLanguage":"fr-FR"},{"@type":"Organization","@id":"https:\/\/golocalmobileguide.com\/#organization","name":"Guide mobile de Go Local","url":"https:\/\/golocalmobileguide.com\/","logo":{"@type":"ImageObject","inLanguage":"fr-FR","@id":"https:\/\/golocalmobileguide.com\/#\/schema\/logo\/image\/","url":"https:\/\/golocalmobileguide.com\/wp-content\/uploads\/2021\/11\/GL_Logo_blue.png","contentUrl":"https:\/\/golocalmobileguide.com\/wp-content\/uploads\/2021\/11\/GL_Logo_blue.png","width":551,"height":95,"caption":"Go Local Mobile Area Guide"},"image":{"@id":"https:\/\/golocalmobileguide.com\/#\/schema\/logo\/image\/"},"sameAs":["https:\/\/www.facebook.com\/profile.php?id=100088263084418"]}]}},"_links":{"self":[{"href":"https:\/\/golocalmobileguide.com\/fr\/wp-json\/wp\/v2\/pages\/21893","targetHints":{"allow":["GET"]}}],"collection":[{"href":"https:\/\/golocalmobileguide.com\/fr\/wp-json\/wp\/v2\/pages"}],"about":[{"href":"https:\/\/golocalmobileguide.com\/fr\/wp-json\/wp\/v2\/types\/page"}],"author":[{"embeddable":true,"href":"https:\/\/golocalmobileguide.com\/fr\/wp-json\/wp\/v2\/users\/6"}],"replies":[{"embeddable":true,"href":"https:\/\/golocalmobileguide.com\/fr\/wp-json\/wp\/v2\/comments?post=21893"}],"version-history":[{"count":0,"href":"https:\/\/golocalmobileguide.com\/fr\/wp-json\/wp\/v2\/pages\/21893\/revisions"}],"wp:attachment":[{"href":"https:\/\/golocalmobileguide.com\/fr\/wp-json\/wp\/v2\/media?parent=21893"}],"curies":[{"name":"wp","href":"https:\/\/api.w.org\/{rel}","templated":true}]}}