{"id":21900,"date":"2022-04-05T20:58:34","date_gmt":"2022-04-05T20:58:34","guid":{"rendered":"https:\/\/golocalmobileguide.com\/?page_id=21900"},"modified":"2022-04-05T21:03:22","modified_gmt":"2022-04-05T21:03:22","slug":"privacy-policy-2","status":"publish","type":"page","link":"https:\/\/golocalmobileguide.com\/fr\/privacy-policy-2\/","title":{"rendered":"Politique de confidentialit\u00e9"},"content":{"rendered":"<div data-elementor-type=\"wp-page\" data-elementor-id=\"21900\" class=\"elementor elementor-21900\" data-elementor-post-type=\"page\">\n\t\t\t\t\t\t<section class=\"elementor-section elementor-top-section elementor-element elementor-element-8d56770 elementor-section-boxed elementor-section-height-default elementor-section-height-default\" data-id=\"8d56770\" data-element_type=\"section\" data-settings=\"{&quot;jet_parallax_layout_list&quot;:[{&quot;jet_parallax_layout_image&quot;:{&quot;url&quot;:&quot;&quot;,&quot;id&quot;:&quot;&quot;,&quot;size&quot;:&quot;&quot;},&quot;_id&quot;:&quot;d55bf8f&quot;,&quot;jet_parallax_layout_image_tablet&quot;:{&quot;url&quot;:&quot;&quot;,&quot;id&quot;:&quot;&quot;,&quot;size&quot;:&quot;&quot;},&quot;jet_parallax_layout_image_mobile&quot;:{&quot;url&quot;:&quot;&quot;,&quot;id&quot;:&quot;&quot;,&quot;size&quot;:&quot;&quot;},&quot;jet_parallax_layout_speed&quot;:{&quot;unit&quot;:&quot;%&quot;,&quot;size&quot;:50,&quot;sizes&quot;:[]},&quot;jet_parallax_layout_type&quot;:&quot;scroll&quot;,&quot;jet_parallax_layout_direction&quot;:&quot;1&quot;,&quot;jet_parallax_layout_fx_direction&quot;:null,&quot;jet_parallax_layout_z_index&quot;:&quot;&quot;,&quot;jet_parallax_layout_bg_x&quot;:50,&quot;jet_parallax_layout_bg_x_tablet&quot;:&quot;&quot;,&quot;jet_parallax_layout_bg_x_mobile&quot;:&quot;&quot;,&quot;jet_parallax_layout_bg_y&quot;:50,&quot;jet_parallax_layout_bg_y_tablet&quot;:&quot;&quot;,&quot;jet_parallax_layout_bg_y_mobile&quot;:&quot;&quot;,&quot;jet_parallax_layout_bg_size&quot;:&quot;auto&quot;,&quot;jet_parallax_layout_bg_size_tablet&quot;:&quot;&quot;,&quot;jet_parallax_layout_bg_size_mobile&quot;:&quot;&quot;,&quot;jet_parallax_layout_animation_prop&quot;:&quot;transform&quot;,&quot;jet_parallax_layout_on&quot;:[&quot;desktop&quot;,&quot;tablet&quot;]}],&quot;background_background&quot;:&quot;classic&quot;}\">\n\t\t\t\t\t\t<div class=\"elementor-container elementor-column-gap-default\">\n\t\t\t\t\t<div class=\"elementor-column elementor-col-100 elementor-top-column elementor-element elementor-element-df93461\" data-id=\"df93461\" data-element_type=\"column\">\n\t\t\t<div class=\"elementor-widget-wrap elementor-element-populated\">\n\t\t\t\t\t\t<div class=\"elementor-element elementor-element-2384ccb elementor-widget elementor-widget-heading\" data-id=\"2384ccb\" data-element_type=\"widget\" data-widget_type=\"heading.default\">\n\t\t\t\t<div class=\"elementor-widget-container\">\n\t\t\t\t\t<h2 class=\"elementor-heading-title elementor-size-default\">Politique de confidentialit\u00e9 de Go Local Inc<\/h2>\t\t\t\t<\/div>\n\t\t\t\t<\/div>\n\t\t\t\t\t<\/div>\n\t\t<\/div>\n\t\t\t\t\t<\/div>\n\t\t<\/section>\n\t\t\t\t<section class=\"elementor-section elementor-top-section elementor-element elementor-element-252cd51 elementor-section-boxed elementor-section-height-default elementor-section-height-default\" data-id=\"252cd51\" data-element_type=\"section\" data-settings=\"{&quot;jet_parallax_layout_list&quot;:[{&quot;jet_parallax_layout_image&quot;:{&quot;url&quot;:&quot;&quot;,&quot;id&quot;:&quot;&quot;,&quot;size&quot;:&quot;&quot;},&quot;_id&quot;:&quot;fe7630d&quot;,&quot;jet_parallax_layout_image_tablet&quot;:{&quot;url&quot;:&quot;&quot;,&quot;id&quot;:&quot;&quot;,&quot;size&quot;:&quot;&quot;},&quot;jet_parallax_layout_image_mobile&quot;:{&quot;url&quot;:&quot;&quot;,&quot;id&quot;:&quot;&quot;,&quot;size&quot;:&quot;&quot;},&quot;jet_parallax_layout_speed&quot;:{&quot;unit&quot;:&quot;%&quot;,&quot;size&quot;:50,&quot;sizes&quot;:[]},&quot;jet_parallax_layout_type&quot;:&quot;scroll&quot;,&quot;jet_parallax_layout_direction&quot;:&quot;1&quot;,&quot;jet_parallax_layout_fx_direction&quot;:null,&quot;jet_parallax_layout_z_index&quot;:&quot;&quot;,&quot;jet_parallax_layout_bg_x&quot;:50,&quot;jet_parallax_layout_bg_x_tablet&quot;:&quot;&quot;,&quot;jet_parallax_layout_bg_x_mobile&quot;:&quot;&quot;,&quot;jet_parallax_layout_bg_y&quot;:50,&quot;jet_parallax_layout_bg_y_tablet&quot;:&quot;&quot;,&quot;jet_parallax_layout_bg_y_mobile&quot;:&quot;&quot;,&quot;jet_parallax_layout_bg_size&quot;:&quot;auto&quot;,&quot;jet_parallax_layout_bg_size_tablet&quot;:&quot;&quot;,&quot;jet_parallax_layout_bg_size_mobile&quot;:&quot;&quot;,&quot;jet_parallax_layout_animation_prop&quot;:&quot;transform&quot;,&quot;jet_parallax_layout_on&quot;:[&quot;desktop&quot;,&quot;tablet&quot;]}]}\">\n\t\t\t\t\t\t<div class=\"elementor-container elementor-column-gap-default\">\n\t\t\t\t\t<div class=\"elementor-column elementor-col-100 elementor-top-column elementor-element elementor-element-9098bfc\" data-id=\"9098bfc\" data-element_type=\"column\">\n\t\t\t<div class=\"elementor-widget-wrap elementor-element-populated\">\n\t\t\t\t\t\t<div class=\"elementor-element elementor-element-c4b6ed7 elementor-widget elementor-widget-text-editor\" data-id=\"c4b6ed7\" data-element_type=\"widget\" data-widget_type=\"text-editor.default\">\n\t\t\t\t<div class=\"elementor-widget-container\">\n\t\t\t\t\t\t\t\t\t<h2>Politique de confidentialit\u00e9<\/h2>\n<p>Go Local Inc. s&#039;engage \u00e0 prot\u00e9ger la vie priv\u00e9e de ses clients et nous nous engageons \u00e0 prot\u00e9ger la s\u00e9curit\u00e9 et la confidentialit\u00e9 de vos informations personnelles. En consultant ce site Web (https:\/\/golocalmobileguide.com), les applications mobiles Go Local Inc., les programmes de fid\u00e9lit\u00e9 Go Local Inc. ou les m\u00e9dias sociaux Go Local Inc. (collectivement, le \u00ab\u00a0programme de marketing num\u00e9rique\u00a0\u00bb), vous reconnaissez nos informations pratiques de collecte, d&#039;utilisation, de stockage et de divulgation (collectivement, les \u00ab\u00a0Pratiques de confidentialit\u00e9\u00a0\u00bb) et acceptez les conditions de la pr\u00e9sente Politique de confidentialit\u00e9. Aux fins de la pr\u00e9sente politique de confidentialit\u00e9, \u00ab\u00a0Go Local Inc.\u00a0\u00bb, \u00ab\u00a0nous\u00a0\u00bb, \u00ab\u00a0notre\u00a0\u00bb ou \u00ab\u00a0notre\u00a0\u00bb fait r\u00e9f\u00e9rence \u00e0 Go Local Inc., une soci\u00e9t\u00e9 de Floride, et inclut tous nos affili\u00e9s (tels que d\u00e9finis ci-dessous).<\/p>\n<p>Cette politique de confidentialit\u00e9 doit \u00eatre lue conjointement avec les conditions d&#039;utilisation de Go Local Inc.<\/p>\n<h3><strong>Types d&#039;informations<\/strong><\/h3>\n<p>Vous n&#039;avez aucune obligation de fournir des informations personnelles \u00e0 Go Local Inc.. L&#039;utilisation du programme de marketing num\u00e9rique, l&#039;achat\/la consommation dans nos magasins et la participation \u00e0 diverses initiatives de Go Local Inc. (y compris, sans s&#039;y limiter, tout programme de r\u00e9compense client, promotions, enqu\u00eates, sondages et tirages au sort), cependant, peuvent exiger la divulgation de renseignements personnels. Les types d&#039;informations que vous pouvez fournir \u00e0 Go Local Inc. incluent\u00a0: (i) des informations personnellement identifiables (&quot;PII&quot;) et (ii) d&#039;autres informations non identifiables (&quot;Non-PII&quot; et avec &quot;PII&quot;, &quot;Informations client&quot;) . Les PII sont des informations qui pourraient raisonnablement \u00eatre utilis\u00e9es pour vous identifier, y compris, sans s&#039;y limiter, votre nom, adresse, adresse(s) e-mail(s), num\u00e9ro(s) de t\u00e9l\u00e9phone, date de naissance, informations financi\u00e8res (y compris les informations de carte de cr\u00e9dit et de d\u00e9bit), informations sur le m\u00e9nage, informations d\u00e9mographiques et photographie. Les non-PII sont des informations qui ne vous identifient pas et peuvent inclure des informations statistiques concernant l&#039;utilisation du programme de marketing num\u00e9rique.<\/p>\n<h3>Utilisation des informations<\/h3>\n<p>Go Local Inc. peut utiliser les informations client, ou une partie de celles-ci, pour : (i) finaliser et g\u00e9rer les achats, les commandes, les retours et les \u00e9changes ; (ii) vous envoyer des communications promotionnelles et marketing concernant Go Local Inc. et ses produits et services\u00a0; (iii) partager des donn\u00e9es avec nos affili\u00e9s et partenaires commerciaux\u00a0; (iv) envoyer des coupons, des coupons mobiles, des newsletters, des e-mails et des messages mobiles\u00a0; (v) mener des recherches et des analyses ; (vi) administrer des concours et des tirages au sort\u00a0; (vii) cr\u00e9er du contenu, des offres, des services et des publicit\u00e9s personnalis\u00e9s\u00a0; (viii) pr\u00e9venir les transactions frauduleuses et le vol\u00a0; et (ix) se conformer \u00e0 la loi applicable, \u00e0 la demande gouvernementale, \u00e0 l&#039;ordonnance du tribunal ou prot\u00e9ger autrement les droits, la propri\u00e9t\u00e9 ou la s\u00e9curit\u00e9 de Go Local Inc. ou d&#039;autres. Go Local Inc. peut utiliser des Non-PII pour analyser les tendances et suivre la navigation au sein du programme de marketing num\u00e9rique.<\/p>\n<h3>Biscuits<\/h3>\n<p>Nous pouvons utiliser des cookies (un petit fichier texte d&#039;identification unique), des balises Web (un petit graphique) et d&#039;autres technologies pour recevoir et stocker certains types d&#039;informations chaque fois que vous interagissez avec le programme de marketing num\u00e9rique via votre ordinateur ou votre appareil connect\u00e9 \u00e0 Internet. . Le but de cette technologie est de vous identifier lorsque vous visitez le programme de marketing num\u00e9rique afin que nous puissions am\u00e9liorer et personnaliser votre exp\u00e9rience en ligne. Vous pouvez param\u00e9trer votre navigateur pour qu&#039;il n&#039;accepte pas les cookies. Vous pouvez \u00e9galement supprimer manuellement les cookies de votre ordinateur. Pour plus d&#039;informations sur la fa\u00e7on de d\u00e9sactiver les cookies, vous devez consulter le fournisseur de services de votre navigateur. Cependant, si vous d\u00e9sactivez les cookies, certaines parties du programme de marketing num\u00e9rique peuvent ne pas fonctionner correctement.<\/p>\n<p>Nous pouvons collecter certaines informations techniques \u00e0 partir de votre ordinateur ou de votre appareil connect\u00e9 \u00e0 Internet lorsque vous visitez nos sites Web et d&#039;autres zones de notre programme de marketing num\u00e9rique, y compris, sans s&#039;y limiter, votre adresse IP (Internet Protocol), le syst\u00e8me d&#039;exploitation de votre ordinateur, le type de navigateur et toute adresse de site Web de r\u00e9f\u00e9rence. Nous utilisons ces informations pour am\u00e9liorer votre exp\u00e9rience lors de votre visite sur nos sites Web et dans d&#039;autres domaines de notre programme de marketing num\u00e9rique et \u00e0 des fins d&#039;administration, de s\u00e9curit\u00e9 et de d\u00e9pannage du syst\u00e8me.<\/p>\n<p>Nous pouvons utiliser des logiciels tiers pour fournir des publicit\u00e9s sur le programme de marketing num\u00e9rique, mettre en \u0153uvre des campagnes de marketing par e-mail et g\u00e9rer d&#039;autres initiatives de marketing interactif.<\/p>\n<h3>Des m\u00e9dias sociaux<\/h3>\n<p>Le programme de marketing num\u00e9rique peut inclure des fonctionnalit\u00e9s et des widgets de m\u00e9dias sociaux, notamment Facebook, Pinterest, Instagram, Twitter et d&#039;autres r\u00e9seaux sociaux. Les fonctionnalit\u00e9s et les widgets des m\u00e9dias sociaux sont soumis \u00e0 leurs propres politiques de confidentialit\u00e9. Nous vous encourageons \u00e0 lire la politique de confidentialit\u00e9 de chaque entreprise de m\u00e9dias sociaux avant d&#039;utiliser les fonctionnalit\u00e9s ou les widgets.<\/p>\n<h3>Applications mobiles<\/h3>\n<p>Les applications mobiles peuvent collecter certaines informations aupr\u00e8s de vous automatiquement, y compris, sans s&#039;y limiter, le type d&#039;appareil mobile, l&#039;adresse IP (Internet Protocol) de votre appareil mobile, votre syst\u00e8me d&#039;exploitation mobile et l&#039;emplacement de votre appareil mobile (\u00e0 condition que vous donniez autorisation pour l&#039;application des services de localisation). Vous pouvez arr\u00eater la collecte d&#039;informations via votre appareil mobile en d\u00e9sinstallant les applications mobiles (ou, pour interrompre uniquement les informations de localisation, vous pouvez ajuster vos param\u00e8tres d&#039;autorisation sur votre appareil mobile.<\/p>\n<h3>Confidentialit\u00e9 des enfants<\/h3>\n<p>Dans un effort pour se conformer \u00e0 la loi sur la protection de la vie priv\u00e9e en ligne des enfants, nous demandons aux enfants de moins de treize (13) ans de ne pas fournir d&#039;informations personnelles sur le programme de marketing num\u00e9rique. Si vous \u00eates le parent ou le tuteur d&#039;un enfant de moins de treize (13) ans et que vous pensez que votre enfant a fourni des PII \u00e0 Go Local Inc., veuillez nous contacter \u00e0 privacypolicy@greatlocations.com<\/p>\n<h3>Cam\u00e9ras en magasin<\/h3>\n<p>Nous pouvons utiliser des cam\u00e9ras en magasin \u00e0 des fins de s\u00e9curit\u00e9 et op\u00e9rationnelles.<\/p>\n<h3>Liens<\/h3>\n<p>Le programme de marketing num\u00e9rique peut contenir des liens vers d&#039;autres sites Web que nous ne contr\u00f4lons pas. Nous ne sommes pas responsables des pratiques de confidentialit\u00e9 de tout site Web li\u00e9. Toute information client que vous fournissez lors de l&#039;acc\u00e8s \u00e0 un site Web tiers est soumise \u00e0 la politique de confidentialit\u00e9 de ce tiers. Nous ne contr\u00f4lons pas l&#039;utilisation des informations client que vous fournissez \u00e0 des tiers, et nous n&#039;assumons aucune responsabilit\u00e9 quant \u00e0 votre partage d&#039;informations avec eux.<\/p>\n<h3>Se d\u00e9sengager<\/h3>\n<p>Si vous ne souhaitez pas recevoir de courrier promotionnel, d&#039;appels t\u00e9l\u00e9phoniques promotionnels ou d&#039;e-mail promotionnel, veuillez nous contacter \u00e0 privacypolicy@greatlocations.com<\/p>\n<h3>S\u00e9curit\u00e9 des donn\u00e9es<\/h3>\n<p>Nous maintenons des protocoles de s\u00e9curit\u00e9 stricts, y compris des protections physiques, \u00e9lectroniques et proc\u00e9durales, pour prot\u00e9ger les informations client. Ces protocoles incluent la conformit\u00e9 aux lois et r\u00e9glementations f\u00e9d\u00e9rales et l&#039;utilisation du cryptage Secure Socket Layer (SSL) pour emp\u00eacher toute perte, utilisation abusive, acc\u00e8s non autoris\u00e9 ou divulgation de vos informations personnelles. Bien que nous nous efforcions de maintenir la s\u00e9curit\u00e9 des donn\u00e9es, nous ne garantissons ni ne garantissons sa s\u00e9curit\u00e9.<\/p>\n<h3>Mises \u00e0 jour de la politique de confidentialit\u00e9<\/h3>\n<p>De temps \u00e0 autre, nous pouvons modifier cette politique de confidentialit\u00e9 pour refl\u00e9ter les initiatives de l&#039;industrie ou les changements dans la loi, la technologie, les pratiques de confidentialit\u00e9 de Go Local Inc. ou les fonctionnalit\u00e9s du programme de marketing num\u00e9rique. Toutes les modifications et mises \u00e0 jour entreront en vigueur d\u00e8s leur publication. Votre utilisation continue du programme de marketing num\u00e9rique apr\u00e8s la publication d&#039;une politique de confidentialit\u00e9 mise \u00e0 jour signifie votre acceptation de la nouvelle politique de confidentialit\u00e9. Vous devez consulter r\u00e9guli\u00e8rement cette politique de confidentialit\u00e9 pour vous assurer que vous \u00eates au courant de tout changement.<\/p>\n<h3>Nous contacter<\/h3>\n<p>Si vous souhaitez communiquer avec Go Local Inc. \u00e0 propos de cette politique de confidentialit\u00e9, n&#039;h\u00e9sitez pas \u00e0 nous contacter \u00e0 privacypolicy@greatlocations.com<\/p>\n<p><b>Copyright \u00a9 Go Local Inc. Tous droits r\u00e9serv\u00e9s.<\/b><\/p>\t\t\t\t\t\t\t\t<\/div>\n\t\t\t\t<\/div>\n\t\t\t\t\t<\/div>\n\t\t<\/div>\n\t\t\t\t\t<\/div>\n\t\t<\/section>\n\t\t\t\t<\/div>","protected":false},"excerpt":{"rendered":"<p>Politique de confidentialit\u00e9 de Go Local Inc. Politique de confidentialit\u00e9 Go Local Inc. s&#039;engage \u00e0 prot\u00e9ger la confidentialit\u00e9 de ses clients, et nous nous engageons \u00e0 prot\u00e9ger la s\u00e9curit\u00e9 et la confidentialit\u00e9 de vos informations personnelles. En consultant ce site Web (https:\/\/golocalmobileguide.com), les applications mobiles Go Local Inc., les programmes de fid\u00e9lit\u00e9 Go Local Inc. ou les m\u00e9dias sociaux Go Local Inc. (collectivement, les \u00ab [\u2026]<\/p>","protected":false},"author":6,"featured_media":0,"parent":0,"menu_order":0,"comment_status":"closed","ping_status":"closed","template":"","meta":{"footnotes":""},"class_list":["post-21900","page","type-page","status-publish","hentry"],"yoast_head":"<!-- This site is optimized with the Yoast SEO plugin v26.8 - https:\/\/yoast.com\/product\/yoast-seo-wordpress\/ -->\n<title>Privacy Policy - Go Local<\/title>\n<meta name=\"robots\" content=\"index, follow, max-snippet:-1, max-image-preview:large, max-video-preview:-1\" \/>\n<link rel=\"canonical\" href=\"https:\/\/golocalmobileguide.com\/fr\/privacy-policy-2\/\" \/>\n<meta property=\"og:locale\" content=\"fr_FR\" \/>\n<meta property=\"og:type\" content=\"article\" \/>\n<meta property=\"og:title\" content=\"Privacy Policy - Go Local\" \/>\n<meta property=\"og:description\" content=\"Go Local Inc&nbsp;Privacy Policy Privacy Policy Go Local Inc. is committed to protecting the privacy of its customers, and we pledge to protect the security and privacy of your personal information. By viewing this website (https:\/\/golocalmobileguide.com), Go Local Inc. &nbsp;mobile applications, Go Local Inc. &nbsp;loyalty programs, or Go Local Inc. &nbsp;social media (collectively, the \u201cDigital [&hellip;]\" \/>\n<meta property=\"og:url\" content=\"https:\/\/golocalmobileguide.com\/fr\/privacy-policy-2\/\" \/>\n<meta property=\"og:site_name\" content=\"Go Local\" \/>\n<meta property=\"article:publisher\" content=\"https:\/\/www.facebook.com\/profile.php?id=100088263084418\" \/>\n<meta property=\"article:modified_time\" content=\"2022-04-05T21:03:22+00:00\" \/>\n<meta property=\"og:image\" content=\"https:\/\/golocalmobileguide.com\/wp-content\/uploads\/2021\/11\/GL_Logo_blue.png\" \/>\n\t<meta property=\"og:image:width\" content=\"551\" \/>\n\t<meta property=\"og:image:height\" content=\"95\" \/>\n\t<meta property=\"og:image:type\" content=\"image\/png\" \/>\n<meta name=\"twitter:card\" content=\"summary_large_image\" \/>\n<meta name=\"twitter:label1\" content=\"Dur\u00e9e de lecture estim\u00e9e\" \/>\n\t<meta name=\"twitter:data1\" content=\"6 minutes\" \/>\n<script type=\"application\/ld+json\" class=\"yoast-schema-graph\">{\"@context\":\"https:\/\/schema.org\",\"@graph\":[{\"@type\":\"WebPage\",\"@id\":\"https:\/\/golocalmobileguide.com\/pt_br\/privacy-policy-2\/\",\"url\":\"https:\/\/golocalmobileguide.com\/pt_br\/privacy-policy-2\/\",\"name\":\"Privacy Policy - Go Local\",\"isPartOf\":{\"@id\":\"https:\/\/golocalmobileguide.com\/#website\"},\"datePublished\":\"2022-04-05T20:58:34+00:00\",\"dateModified\":\"2022-04-05T21:03:22+00:00\",\"breadcrumb\":{\"@id\":\"https:\/\/golocalmobileguide.com\/pt_br\/privacy-policy-2\/#breadcrumb\"},\"inLanguage\":\"fr-FR\",\"potentialAction\":[{\"@type\":\"ReadAction\",\"target\":[\"https:\/\/golocalmobileguide.com\/pt_br\/privacy-policy-2\/\"]}]},{\"@type\":\"BreadcrumbList\",\"@id\":\"https:\/\/golocalmobileguide.com\/pt_br\/privacy-policy-2\/#breadcrumb\",\"itemListElement\":[{\"@type\":\"ListItem\",\"position\":1,\"name\":\"Home\",\"item\":\"https:\/\/golocalmobileguide.com\/\"},{\"@type\":\"ListItem\",\"position\":2,\"name\":\"Privacy Policy\"}]},{\"@type\":\"WebSite\",\"@id\":\"https:\/\/golocalmobileguide.com\/#website\",\"url\":\"https:\/\/golocalmobileguide.com\/\",\"name\":\"Go Local\",\"description\":\"Local Area Mobile Guide\",\"publisher\":{\"@id\":\"https:\/\/golocalmobileguide.com\/#organization\"},\"potentialAction\":[{\"@type\":\"SearchAction\",\"target\":{\"@type\":\"EntryPoint\",\"urlTemplate\":\"https:\/\/golocalmobileguide.com\/?s={search_term_string}\"},\"query-input\":{\"@type\":\"PropertyValueSpecification\",\"valueRequired\":true,\"valueName\":\"search_term_string\"}}],\"inLanguage\":\"fr-FR\"},{\"@type\":\"Organization\",\"@id\":\"https:\/\/golocalmobileguide.com\/#organization\",\"name\":\"Go Local Mobile Area Guide\",\"url\":\"https:\/\/golocalmobileguide.com\/\",\"logo\":{\"@type\":\"ImageObject\",\"inLanguage\":\"fr-FR\",\"@id\":\"https:\/\/golocalmobileguide.com\/#\/schema\/logo\/image\/\",\"url\":\"https:\/\/golocalmobileguide.com\/wp-content\/uploads\/2021\/11\/GL_Logo_blue.png\",\"contentUrl\":\"https:\/\/golocalmobileguide.com\/wp-content\/uploads\/2021\/11\/GL_Logo_blue.png\",\"width\":551,\"height\":95,\"caption\":\"Go Local Mobile Area Guide\"},\"image\":{\"@id\":\"https:\/\/golocalmobileguide.com\/#\/schema\/logo\/image\/\"},\"sameAs\":[\"https:\/\/www.facebook.com\/profile.php?id=100088263084418\"]}]}<\/script>\n<!-- \/ Yoast SEO plugin. -->","yoast_head_json":{"title":"Politique de confidentialit\u00e9 - Emplacements exceptionnels","robots":{"index":"index","follow":"follow","max-snippet":"max-snippet:-1","max-image-preview":"max-image-preview:large","max-video-preview":"max-video-preview:-1"},"canonical":"https:\/\/golocalmobileguide.com\/fr\/privacy-policy-2\/","og_locale":"fr_FR","og_type":"article","og_title":"Privacy Policy - Go Local","og_description":"Go Local Inc&nbsp;Privacy Policy Privacy Policy Go Local Inc. is committed to protecting the privacy of its customers, and we pledge to protect the security and privacy of your personal information. By viewing this website (https:\/\/golocalmobileguide.com), Go Local Inc. &nbsp;mobile applications, Go Local Inc. &nbsp;loyalty programs, or Go Local Inc. &nbsp;social media (collectively, the \u201cDigital [&hellip;]","og_url":"https:\/\/golocalmobileguide.com\/fr\/privacy-policy-2\/","og_site_name":"Go Local","article_publisher":"https:\/\/www.facebook.com\/profile.php?id=100088263084418","article_modified_time":"2022-04-05T21:03:22+00:00","og_image":[{"width":551,"height":95,"url":"https:\/\/golocalmobileguide.com\/wp-content\/uploads\/2021\/11\/GL_Logo_blue.png","type":"image\/png"}],"twitter_card":"summary_large_image","twitter_misc":{"Dur\u00e9e de lecture estim\u00e9e":"6 minutes"},"schema":{"@context":"https:\/\/schema.org","@graph":[{"@type":"WebPage","@id":"https:\/\/golocalmobileguide.com\/pt_br\/privacy-policy-2\/","url":"https:\/\/golocalmobileguide.com\/pt_br\/privacy-policy-2\/","name":"Politique de confidentialit\u00e9 - Emplacements exceptionnels","isPartOf":{"@id":"https:\/\/golocalmobileguide.com\/#website"},"datePublished":"2022-04-05T20:58:34+00:00","dateModified":"2022-04-05T21:03:22+00:00","breadcrumb":{"@id":"https:\/\/golocalmobileguide.com\/pt_br\/privacy-policy-2\/#breadcrumb"},"inLanguage":"fr-FR","potentialAction":[{"@type":"ReadAction","target":["https:\/\/golocalmobileguide.com\/pt_br\/privacy-policy-2\/"]}]},{"@type":"BreadcrumbList","@id":"https:\/\/golocalmobileguide.com\/pt_br\/privacy-policy-2\/#breadcrumb","itemListElement":[{"@type":"ListItem","position":1,"name":"Home","item":"https:\/\/golocalmobileguide.com\/"},{"@type":"ListItem","position":2,"name":"Privacy Policy"}]},{"@type":"WebSite","@id":"https:\/\/golocalmobileguide.com\/#website","url":"https:\/\/golocalmobileguide.com\/","name":"Grands emplacements","description":"Guide mobile local","publisher":{"@id":"https:\/\/golocalmobileguide.com\/#organization"},"potentialAction":[{"@type":"SearchAction","target":{"@type":"EntryPoint","urlTemplate":"https:\/\/golocalmobileguide.com\/?s={search_term_string}"},"query-input":{"@type":"PropertyValueSpecification","valueRequired":true,"valueName":"search_term_string"}}],"inLanguage":"fr-FR"},{"@type":"Organization","@id":"https:\/\/golocalmobileguide.com\/#organization","name":"Guide mobile de Go Local","url":"https:\/\/golocalmobileguide.com\/","logo":{"@type":"ImageObject","inLanguage":"fr-FR","@id":"https:\/\/golocalmobileguide.com\/#\/schema\/logo\/image\/","url":"https:\/\/golocalmobileguide.com\/wp-content\/uploads\/2021\/11\/GL_Logo_blue.png","contentUrl":"https:\/\/golocalmobileguide.com\/wp-content\/uploads\/2021\/11\/GL_Logo_blue.png","width":551,"height":95,"caption":"Go Local Mobile Area Guide"},"image":{"@id":"https:\/\/golocalmobileguide.com\/#\/schema\/logo\/image\/"},"sameAs":["https:\/\/www.facebook.com\/profile.php?id=100088263084418"]}]}},"_links":{"self":[{"href":"https:\/\/golocalmobileguide.com\/fr\/wp-json\/wp\/v2\/pages\/21900","targetHints":{"allow":["GET"]}}],"collection":[{"href":"https:\/\/golocalmobileguide.com\/fr\/wp-json\/wp\/v2\/pages"}],"about":[{"href":"https:\/\/golocalmobileguide.com\/fr\/wp-json\/wp\/v2\/types\/page"}],"author":[{"embeddable":true,"href":"https:\/\/golocalmobileguide.com\/fr\/wp-json\/wp\/v2\/users\/6"}],"replies":[{"embeddable":true,"href":"https:\/\/golocalmobileguide.com\/fr\/wp-json\/wp\/v2\/comments?post=21900"}],"version-history":[{"count":0,"href":"https:\/\/golocalmobileguide.com\/fr\/wp-json\/wp\/v2\/pages\/21900\/revisions"}],"wp:attachment":[{"href":"https:\/\/golocalmobileguide.com\/fr\/wp-json\/wp\/v2\/media?parent=21900"}],"curies":[{"name":"wp","href":"https:\/\/api.w.org\/{rel}","templated":true}]}}