{"id":21900,"date":"2022-04-05T20:58:34","date_gmt":"2022-04-05T20:58:34","guid":{"rendered":"https:\/\/golocalmobileguide.com\/?page_id=21900"},"modified":"2022-04-05T21:03:22","modified_gmt":"2022-04-05T21:03:22","slug":"privacy-policy-2","status":"publish","type":"page","link":"https:\/\/golocalmobileguide.com\/it\/privacy-policy-2\/","title":{"rendered":"politica sulla riservatezza"},"content":{"rendered":"<div data-elementor-type=\"wp-page\" data-elementor-id=\"21900\" class=\"elementor elementor-21900\" data-elementor-post-type=\"page\">\n\t\t\t\t\t\t<section class=\"elementor-section elementor-top-section elementor-element elementor-element-8d56770 elementor-section-boxed elementor-section-height-default elementor-section-height-default\" data-id=\"8d56770\" data-element_type=\"section\" data-settings=\"{&quot;jet_parallax_layout_list&quot;:[{&quot;jet_parallax_layout_image&quot;:{&quot;url&quot;:&quot;&quot;,&quot;id&quot;:&quot;&quot;,&quot;size&quot;:&quot;&quot;},&quot;_id&quot;:&quot;d55bf8f&quot;,&quot;jet_parallax_layout_image_tablet&quot;:{&quot;url&quot;:&quot;&quot;,&quot;id&quot;:&quot;&quot;,&quot;size&quot;:&quot;&quot;},&quot;jet_parallax_layout_image_mobile&quot;:{&quot;url&quot;:&quot;&quot;,&quot;id&quot;:&quot;&quot;,&quot;size&quot;:&quot;&quot;},&quot;jet_parallax_layout_speed&quot;:{&quot;unit&quot;:&quot;%&quot;,&quot;size&quot;:50,&quot;sizes&quot;:[]},&quot;jet_parallax_layout_type&quot;:&quot;scroll&quot;,&quot;jet_parallax_layout_direction&quot;:&quot;1&quot;,&quot;jet_parallax_layout_fx_direction&quot;:null,&quot;jet_parallax_layout_z_index&quot;:&quot;&quot;,&quot;jet_parallax_layout_bg_x&quot;:50,&quot;jet_parallax_layout_bg_x_tablet&quot;:&quot;&quot;,&quot;jet_parallax_layout_bg_x_mobile&quot;:&quot;&quot;,&quot;jet_parallax_layout_bg_y&quot;:50,&quot;jet_parallax_layout_bg_y_tablet&quot;:&quot;&quot;,&quot;jet_parallax_layout_bg_y_mobile&quot;:&quot;&quot;,&quot;jet_parallax_layout_bg_size&quot;:&quot;auto&quot;,&quot;jet_parallax_layout_bg_size_tablet&quot;:&quot;&quot;,&quot;jet_parallax_layout_bg_size_mobile&quot;:&quot;&quot;,&quot;jet_parallax_layout_animation_prop&quot;:&quot;transform&quot;,&quot;jet_parallax_layout_on&quot;:[&quot;desktop&quot;,&quot;tablet&quot;]}],&quot;background_background&quot;:&quot;classic&quot;}\">\n\t\t\t\t\t\t<div class=\"elementor-container elementor-column-gap-default\">\n\t\t\t\t\t<div class=\"elementor-column elementor-col-100 elementor-top-column elementor-element elementor-element-df93461\" data-id=\"df93461\" data-element_type=\"column\">\n\t\t\t<div class=\"elementor-widget-wrap elementor-element-populated\">\n\t\t\t\t\t\t<div class=\"elementor-element elementor-element-2384ccb elementor-widget elementor-widget-heading\" data-id=\"2384ccb\" data-element_type=\"widget\" data-widget_type=\"heading.default\">\n\t\t\t\t<div class=\"elementor-widget-container\">\n\t\t\t\t\t<h2 class=\"elementor-heading-title elementor-size-default\">Informativa sulla privacy di Go Local Inc<\/h2>\t\t\t\t<\/div>\n\t\t\t\t<\/div>\n\t\t\t\t\t<\/div>\n\t\t<\/div>\n\t\t\t\t\t<\/div>\n\t\t<\/section>\n\t\t\t\t<section class=\"elementor-section elementor-top-section elementor-element elementor-element-252cd51 elementor-section-boxed elementor-section-height-default elementor-section-height-default\" data-id=\"252cd51\" data-element_type=\"section\" data-settings=\"{&quot;jet_parallax_layout_list&quot;:[{&quot;jet_parallax_layout_image&quot;:{&quot;url&quot;:&quot;&quot;,&quot;id&quot;:&quot;&quot;,&quot;size&quot;:&quot;&quot;},&quot;_id&quot;:&quot;fe7630d&quot;,&quot;jet_parallax_layout_image_tablet&quot;:{&quot;url&quot;:&quot;&quot;,&quot;id&quot;:&quot;&quot;,&quot;size&quot;:&quot;&quot;},&quot;jet_parallax_layout_image_mobile&quot;:{&quot;url&quot;:&quot;&quot;,&quot;id&quot;:&quot;&quot;,&quot;size&quot;:&quot;&quot;},&quot;jet_parallax_layout_speed&quot;:{&quot;unit&quot;:&quot;%&quot;,&quot;size&quot;:50,&quot;sizes&quot;:[]},&quot;jet_parallax_layout_type&quot;:&quot;scroll&quot;,&quot;jet_parallax_layout_direction&quot;:&quot;1&quot;,&quot;jet_parallax_layout_fx_direction&quot;:null,&quot;jet_parallax_layout_z_index&quot;:&quot;&quot;,&quot;jet_parallax_layout_bg_x&quot;:50,&quot;jet_parallax_layout_bg_x_tablet&quot;:&quot;&quot;,&quot;jet_parallax_layout_bg_x_mobile&quot;:&quot;&quot;,&quot;jet_parallax_layout_bg_y&quot;:50,&quot;jet_parallax_layout_bg_y_tablet&quot;:&quot;&quot;,&quot;jet_parallax_layout_bg_y_mobile&quot;:&quot;&quot;,&quot;jet_parallax_layout_bg_size&quot;:&quot;auto&quot;,&quot;jet_parallax_layout_bg_size_tablet&quot;:&quot;&quot;,&quot;jet_parallax_layout_bg_size_mobile&quot;:&quot;&quot;,&quot;jet_parallax_layout_animation_prop&quot;:&quot;transform&quot;,&quot;jet_parallax_layout_on&quot;:[&quot;desktop&quot;,&quot;tablet&quot;]}]}\">\n\t\t\t\t\t\t<div class=\"elementor-container elementor-column-gap-default\">\n\t\t\t\t\t<div class=\"elementor-column elementor-col-100 elementor-top-column elementor-element elementor-element-9098bfc\" data-id=\"9098bfc\" data-element_type=\"column\">\n\t\t\t<div class=\"elementor-widget-wrap elementor-element-populated\">\n\t\t\t\t\t\t<div class=\"elementor-element elementor-element-c4b6ed7 elementor-widget elementor-widget-text-editor\" data-id=\"c4b6ed7\" data-element_type=\"widget\" data-widget_type=\"text-editor.default\">\n\t\t\t\t<div class=\"elementor-widget-container\">\n\t\t\t\t\t\t\t\t\t<h2>politica sulla riservatezza<\/h2>\n<p>Go Local Inc. si impegna a proteggere la privacy dei suoi clienti e ci impegniamo a proteggere la sicurezza e la privacy delle tue informazioni personali. Visualizzando questo sito Web (https:\/\/golocalmobileguide.com), le applicazioni mobili di Go Local Inc., i programmi fedelt\u00e0 di Go Local Inc. o i social media di Go Local Inc. (collettivamente, il &quot;Programma di marketing digitale&quot;), l&#039;utente riconosce le nostre informazioni raccolta, utilizzo, conservazione e divulgazione (collettivamente, &quot;Privacy Practices&quot;) e acconsento ai termini della presente Informativa sulla privacy. Ai fini della presente Informativa sulla privacy, &quot;Go Local Inc.&quot;, &quot;noi&quot;, &quot;nostro&quot; o &quot;ci&quot; si riferisce a Go Local Inc., una societ\u00e0 della Florida, e include tutti i nostri affiliati (come definiti di seguito).<\/p>\n<p>La presente Informativa sulla privacy deve essere letta insieme ai Termini di utilizzo di Go Local Inc.<\/p>\n<h3><strong>Tipi di informazioni<\/strong><\/h3>\n<p>Non hai alcun obbligo di fornire informazioni personali a Go Local Inc.. Utilizzo del programma di marketing digitale, acquisto\/consumo presso i nostri negozi e partecipazione a varie iniziative di Go Local Inc. (inclusi, a titolo esemplificativo, qualsiasi programma di ricompensa per i clienti, promozioni, sondaggi, sondaggi e concorsi a premi), tuttavia, potrebbero richiedere la divulgazione di informazioni personali. I tipi di informazioni che puoi fornire a Go Local Inc. includono: (i) informazioni di identificazione personale (&quot;PII&quot;) e (ii) altre informazioni non identificabili (&quot;Non PII&quot; e insieme a &quot;PII&quot;, &quot;Informazioni sui clienti&quot;) . Le PII sono informazioni che potrebbero essere ragionevolmente utilizzate per identificarti, inclusi, a titolo esemplificativo, nome, indirizzo, indirizzo\/i e-mail, numero\/i di telefono, data di nascita, informazioni finanziarie (incluse informazioni sulla carta di credito e di debito), informazioni sulla famiglia, informazioni demografiche e fotografie. Non-PII sono informazioni che non ti identificano e possono includere informazioni statistiche relative all&#039;uso del Programma di marketing digitale.<\/p>\n<h3>Uso delle informazioni<\/h3>\n<p>Go Local Inc. pu\u00f2 utilizzare le Informazioni del cliente, o parte di esse, per: (i) completare e gestire acquisti, ordini, resi e cambi; (ii) inviarti comunicazioni promozionali e di marketing relative a Go Local Inc. e ai suoi prodotti e servizi; (iii) condivisione dei dati con i nostri affiliati e partner commerciali; (iv) inviare coupon, coupon mobili, newsletter, e-mail e messaggi mobili; (v) condurre ricerche e analisi; (vi) amministrare concorsi e lotterie; (vii) creare contenuti, offerte, servizi e pubblicit\u00e0 personalizzati; (viii) prevenire transazioni fraudolente e furti; e (ix) rispettare la legge applicabile, la richiesta governativa, l&#039;ingiunzione del tribunale o proteggere in altro modo i diritti, la propriet\u00e0 o la sicurezza di Go Local Inc. o altri. Go Local Inc. pu\u00f2 utilizzare Non-PII per analizzare le tendenze e tenere traccia della navigazione all&#039;interno del programma di marketing digitale.<\/p>\n<h3>Biscotti<\/h3>\n<p>Potremmo utilizzare cookie (un piccolo file di testo identificativo univoco), web beacon (un piccolo elemento grafico) e altre tecnologie per ricevere e archiviare determinati tipi di informazioni ogni volta che interagisci con il Programma di marketing digitale tramite il tuo computer o il tuo dispositivo abilitato a Internet . Lo scopo di questa tecnologia \u00e8 identificarti quando visiti il Programma di marketing digitale in modo che possiamo migliorare e personalizzare la tua esperienza online. Puoi impostare il tuo browser in modo che non accetti i cookie. Puoi anche eliminare manualmente i cookie dal tuo computer. Per ulteriori informazioni su come disabilitare i cookie, \u00e8 necessario consultare il fornitore dei servizi del proprio browser. Se disabiliti i cookie, tuttavia, parti del Programma di marketing digitale potrebbero non funzionare correttamente.<\/p>\n<p>Potremmo raccogliere determinate informazioni tecniche dal tuo computer o dispositivo abilitato a Internet quando visiti i nostri siti Web e altre aree all&#039;interno del nostro programma di marketing digitale, inclusi, a titolo esemplificativo, il tuo indirizzo IP (Internet Protocol), il sistema operativo del tuo computer, il tipo di browser e qualsiasi indirizzo del sito web di riferimento. Utilizziamo queste informazioni per migliorare la tua esperienza durante la tua visita ai nostri siti Web e ad altre aree all&#039;interno del nostro Programma di marketing digitale e per scopi di amministrazione del sistema, sicurezza e risoluzione dei problemi.<\/p>\n<p>Possiamo utilizzare software di terze parti per fornire annunci pubblicitari sul Programma di marketing digitale, implementare campagne di e-mail marketing e gestire altre iniziative di marketing interattivo.<\/p>\n<h3>Social media<\/h3>\n<p>Il Programma di marketing digitale pu\u00f2 includere funzionalit\u00e0 e widget di social media, inclusi Facebook, Pinterest, Instagram, Twitter e altri social network. Le funzionalit\u00e0 e i widget dei social media sono soggetti alle rispettive politiche sulla privacy. Ti invitiamo a leggere l&#039;informativa sulla privacy di ciascuna societ\u00e0 di social media prima di utilizzare le funzionalit\u00e0 o i widget.<\/p>\n<h3>Applicazioni mobili<\/h3>\n<p>Le applicazioni mobili possono raccogliere automaticamente determinate informazioni da te, inclusi, a titolo esemplificativo, il tipo di dispositivo mobile, l&#039;indirizzo IP (Internet Protocol) del tuo dispositivo mobile, il tuo sistema operativo mobile e la posizione del tuo dispositivo mobile (a condizione che tu fornisca autorizzazione per l&#039;applicazione dei servizi di localizzazione). Puoi interrompere la raccolta di informazioni tramite il tuo dispositivo mobile disinstallando le applicazioni mobili (oppure, per interrompere solo le informazioni sulla posizione, puoi regolare le impostazioni di autorizzazione nel tuo dispositivo mobile.<\/p>\n<h3>Privacy dei bambini<\/h3>\n<p>Nel tentativo di conformarsi alla legge sulla protezione della privacy online dei bambini, chiediamo che i bambini di et\u00e0 inferiore ai tredici (13) non forniscano alcuna PII sul programma di marketing digitale. Se sei un genitore o tutore di un bambino di et\u00e0 inferiore ai tredici (13) e ritieni che tuo figlio abbia fornito PII a Go Local Inc., contattaci all&#039;indirizzo privacypolicy@greatlocations.com<\/p>\n<h3>Fotocamere in negozio<\/h3>\n<p>Potremmo utilizzare le telecamere in negozio per motivi di sicurezza e operativi.<\/p>\n<h3>Collegamenti<\/h3>\n<p>Il programma di marketing digitale pu\u00f2 contenere collegamenti ad altri siti Web che non controlliamo. Non siamo responsabili per le pratiche sulla privacy di qualsiasi sito Web collegato. Tutte le informazioni sui clienti fornite dall&#039;utente durante l&#039;accesso a un sito Web di terze parti sono soggette all&#039;informativa sulla privacy di tali terze parti. Non controlliamo l&#039;uso delle informazioni sui clienti che fornisci a terzi e non ci assumiamo alcuna responsabilit\u00e0 per la condivisione delle informazioni con loro.<\/p>\n<h3>Decidere di uscire<\/h3>\n<p>Se non desideri ricevere e-mail promozionali, telefonate promozionali o e-mail promozionali, contattaci all&#039;indirizzo privacypolicy@greatlocations.com<\/p>\n<h3>La sicurezza dei dati<\/h3>\n<p>Manteniamo rigorosi protocolli di sicurezza, comprese salvaguardie fisiche, elettroniche e procedurali, per proteggere le informazioni dei clienti. Questi protocolli includono il rispetto delle leggi e dei regolamenti federali e l&#039;uso della crittografia Secure Socket Layer (SSL) per prevenire qualsiasi perdita, uso improprio, accesso non autorizzato o divulgazione delle tue informazioni personali. Sebbene ci sforziamo di mantenere la sicurezza dei dati, non garantiamo n\u00e9 garantiamo la loro sicurezza.<\/p>\n<h3>Aggiornamenti alla Privacy Policy<\/h3>\n<p>Di tanto in tanto, potremmo modificare la presente Informativa sulla privacy per riflettere iniziative del settore o modifiche alla legge, alla tecnologia, alle pratiche sulla privacy di Go Local Inc. o alle funzionalit\u00e0 del programma di marketing digitale. Tutte le modifiche e gli aggiornamenti entreranno in vigore al momento della pubblicazione. L&#039;uso continuato del Programma di marketing digitale dopo la pubblicazione di un&#039;Informativa sulla privacy aggiornata implica l&#039;accettazione della nuova Informativa sulla privacy. Dovresti rivedere regolarmente la presente Informativa sulla privacy per assicurarti di essere a conoscenza di eventuali modifiche.<\/p>\n<h3>Contattaci<\/h3>\n<p>Se desideri comunicare con Go Local Inc. in merito a questa Informativa sulla privacy, non esitare a contattarci all&#039;indirizzo privacypolicy@greatlocations.com<\/p>\n<p><b>Copyright \u00a9 Go Local Inc. Tutti i diritti riservati.<\/b><\/p>\t\t\t\t\t\t\t\t<\/div>\n\t\t\t\t<\/div>\n\t\t\t\t\t<\/div>\n\t\t<\/div>\n\t\t\t\t\t<\/div>\n\t\t<\/section>\n\t\t\t\t<\/div>","protected":false},"excerpt":{"rendered":"<p>Go Local Inc Informativa sulla privacy Informativa sulla privacy Go Local Inc. si impegna a proteggere la privacy dei propri clienti e si impegna a proteggere la sicurezza e la privacy delle informazioni personali dell&#039;utente. Visualizzando questo sito Web (https:\/\/golocalmobileguide.com), le applicazioni mobili di Go Local Inc., i programmi fedelt\u00e0 di Go Local Inc. o i social media di Go Local Inc. (collettivamente, il &quot;Digital [\u2026]<\/p>","protected":false},"author":6,"featured_media":0,"parent":0,"menu_order":0,"comment_status":"closed","ping_status":"closed","template":"","meta":{"footnotes":""},"class_list":["post-21900","page","type-page","status-publish","hentry"],"yoast_head":"<!-- This site is optimized with the Yoast SEO plugin v26.8 - https:\/\/yoast.com\/product\/yoast-seo-wordpress\/ -->\n<title>Privacy Policy - Go Local<\/title>\n<meta name=\"robots\" content=\"index, follow, max-snippet:-1, max-image-preview:large, max-video-preview:-1\" \/>\n<link rel=\"canonical\" href=\"https:\/\/golocalmobileguide.com\/it\/privacy-policy-2\/\" \/>\n<meta property=\"og:locale\" content=\"it_IT\" \/>\n<meta property=\"og:type\" content=\"article\" \/>\n<meta property=\"og:title\" content=\"Privacy Policy - Go Local\" \/>\n<meta property=\"og:description\" content=\"Go Local Inc&nbsp;Privacy Policy Privacy Policy Go Local Inc. is committed to protecting the privacy of its customers, and we pledge to protect the security and privacy of your personal information. By viewing this website (https:\/\/golocalmobileguide.com), Go Local Inc. &nbsp;mobile applications, Go Local Inc. &nbsp;loyalty programs, or Go Local Inc. &nbsp;social media (collectively, the \u201cDigital [&hellip;]\" \/>\n<meta property=\"og:url\" content=\"https:\/\/golocalmobileguide.com\/it\/privacy-policy-2\/\" \/>\n<meta property=\"og:site_name\" content=\"Go Local\" \/>\n<meta property=\"article:publisher\" content=\"https:\/\/www.facebook.com\/profile.php?id=100088263084418\" \/>\n<meta property=\"article:modified_time\" content=\"2022-04-05T21:03:22+00:00\" \/>\n<meta property=\"og:image\" content=\"https:\/\/golocalmobileguide.com\/wp-content\/uploads\/2021\/11\/GL_Logo_blue.png\" \/>\n\t<meta property=\"og:image:width\" content=\"551\" \/>\n\t<meta property=\"og:image:height\" content=\"95\" \/>\n\t<meta property=\"og:image:type\" content=\"image\/png\" \/>\n<meta name=\"twitter:card\" content=\"summary_large_image\" \/>\n<meta name=\"twitter:label1\" content=\"Tempo di lettura stimato\" \/>\n\t<meta name=\"twitter:data1\" content=\"6 minuti\" \/>\n<script type=\"application\/ld+json\" class=\"yoast-schema-graph\">{\"@context\":\"https:\/\/schema.org\",\"@graph\":[{\"@type\":\"WebPage\",\"@id\":\"https:\/\/golocalmobileguide.com\/pt_br\/privacy-policy-2\/\",\"url\":\"https:\/\/golocalmobileguide.com\/pt_br\/privacy-policy-2\/\",\"name\":\"Privacy Policy - Go Local\",\"isPartOf\":{\"@id\":\"https:\/\/golocalmobileguide.com\/#website\"},\"datePublished\":\"2022-04-05T20:58:34+00:00\",\"dateModified\":\"2022-04-05T21:03:22+00:00\",\"breadcrumb\":{\"@id\":\"https:\/\/golocalmobileguide.com\/pt_br\/privacy-policy-2\/#breadcrumb\"},\"inLanguage\":\"it-IT\",\"potentialAction\":[{\"@type\":\"ReadAction\",\"target\":[\"https:\/\/golocalmobileguide.com\/pt_br\/privacy-policy-2\/\"]}]},{\"@type\":\"BreadcrumbList\",\"@id\":\"https:\/\/golocalmobileguide.com\/pt_br\/privacy-policy-2\/#breadcrumb\",\"itemListElement\":[{\"@type\":\"ListItem\",\"position\":1,\"name\":\"Home\",\"item\":\"https:\/\/golocalmobileguide.com\/\"},{\"@type\":\"ListItem\",\"position\":2,\"name\":\"Privacy Policy\"}]},{\"@type\":\"WebSite\",\"@id\":\"https:\/\/golocalmobileguide.com\/#website\",\"url\":\"https:\/\/golocalmobileguide.com\/\",\"name\":\"Go Local\",\"description\":\"Local Area Mobile Guide\",\"publisher\":{\"@id\":\"https:\/\/golocalmobileguide.com\/#organization\"},\"potentialAction\":[{\"@type\":\"SearchAction\",\"target\":{\"@type\":\"EntryPoint\",\"urlTemplate\":\"https:\/\/golocalmobileguide.com\/?s={search_term_string}\"},\"query-input\":{\"@type\":\"PropertyValueSpecification\",\"valueRequired\":true,\"valueName\":\"search_term_string\"}}],\"inLanguage\":\"it-IT\"},{\"@type\":\"Organization\",\"@id\":\"https:\/\/golocalmobileguide.com\/#organization\",\"name\":\"Go Local Mobile Area Guide\",\"url\":\"https:\/\/golocalmobileguide.com\/\",\"logo\":{\"@type\":\"ImageObject\",\"inLanguage\":\"it-IT\",\"@id\":\"https:\/\/golocalmobileguide.com\/#\/schema\/logo\/image\/\",\"url\":\"https:\/\/golocalmobileguide.com\/wp-content\/uploads\/2021\/11\/GL_Logo_blue.png\",\"contentUrl\":\"https:\/\/golocalmobileguide.com\/wp-content\/uploads\/2021\/11\/GL_Logo_blue.png\",\"width\":551,\"height\":95,\"caption\":\"Go Local Mobile Area Guide\"},\"image\":{\"@id\":\"https:\/\/golocalmobileguide.com\/#\/schema\/logo\/image\/\"},\"sameAs\":[\"https:\/\/www.facebook.com\/profile.php?id=100088263084418\"]}]}<\/script>\n<!-- \/ Yoast SEO plugin. -->","yoast_head_json":{"title":"Privacy Policy - Go Local","robots":{"index":"index","follow":"follow","max-snippet":"max-snippet:-1","max-image-preview":"max-image-preview:large","max-video-preview":"max-video-preview:-1"},"canonical":"https:\/\/golocalmobileguide.com\/it\/privacy-policy-2\/","og_locale":"it_IT","og_type":"article","og_title":"Privacy Policy - Go Local","og_description":"Go Local Inc&nbsp;Privacy Policy Privacy Policy Go Local Inc. is committed to protecting the privacy of its customers, and we pledge to protect the security and privacy of your personal information. By viewing this website (https:\/\/golocalmobileguide.com), Go Local Inc. &nbsp;mobile applications, Go Local Inc. &nbsp;loyalty programs, or Go Local Inc. &nbsp;social media (collectively, the \u201cDigital [&hellip;]","og_url":"https:\/\/golocalmobileguide.com\/it\/privacy-policy-2\/","og_site_name":"Go Local","article_publisher":"https:\/\/www.facebook.com\/profile.php?id=100088263084418","article_modified_time":"2022-04-05T21:03:22+00:00","og_image":[{"width":551,"height":95,"url":"https:\/\/golocalmobileguide.com\/wp-content\/uploads\/2021\/11\/GL_Logo_blue.png","type":"image\/png"}],"twitter_card":"summary_large_image","twitter_misc":{"Tempo di lettura stimato":"6 minuti"},"schema":{"@context":"https:\/\/schema.org","@graph":[{"@type":"WebPage","@id":"https:\/\/golocalmobileguide.com\/pt_br\/privacy-policy-2\/","url":"https:\/\/golocalmobileguide.com\/pt_br\/privacy-policy-2\/","name":"Privacy Policy - Go Local","isPartOf":{"@id":"https:\/\/golocalmobileguide.com\/#website"},"datePublished":"2022-04-05T20:58:34+00:00","dateModified":"2022-04-05T21:03:22+00:00","breadcrumb":{"@id":"https:\/\/golocalmobileguide.com\/pt_br\/privacy-policy-2\/#breadcrumb"},"inLanguage":"it-IT","potentialAction":[{"@type":"ReadAction","target":["https:\/\/golocalmobileguide.com\/pt_br\/privacy-policy-2\/"]}]},{"@type":"BreadcrumbList","@id":"https:\/\/golocalmobileguide.com\/pt_br\/privacy-policy-2\/#breadcrumb","itemListElement":[{"@type":"ListItem","position":1,"name":"Home","item":"https:\/\/golocalmobileguide.com\/"},{"@type":"ListItem","position":2,"name":"Privacy Policy"}]},{"@type":"WebSite","@id":"https:\/\/golocalmobileguide.com\/#website","url":"https:\/\/golocalmobileguide.com\/","name":"Ottime posizioni","description":"Guida mobile per l&#039;area locale","publisher":{"@id":"https:\/\/golocalmobileguide.com\/#organization"},"potentialAction":[{"@type":"SearchAction","target":{"@type":"EntryPoint","urlTemplate":"https:\/\/golocalmobileguide.com\/?s={search_term_string}"},"query-input":{"@type":"PropertyValueSpecification","valueRequired":true,"valueName":"search_term_string"}}],"inLanguage":"it-IT"},{"@type":"Organization","@id":"https:\/\/golocalmobileguide.com\/#organization","name":"Guida alle aree mobili di Go Local","url":"https:\/\/golocalmobileguide.com\/","logo":{"@type":"ImageObject","inLanguage":"it-IT","@id":"https:\/\/golocalmobileguide.com\/#\/schema\/logo\/image\/","url":"https:\/\/golocalmobileguide.com\/wp-content\/uploads\/2021\/11\/GL_Logo_blue.png","contentUrl":"https:\/\/golocalmobileguide.com\/wp-content\/uploads\/2021\/11\/GL_Logo_blue.png","width":551,"height":95,"caption":"Go Local Mobile Area Guide"},"image":{"@id":"https:\/\/golocalmobileguide.com\/#\/schema\/logo\/image\/"},"sameAs":["https:\/\/www.facebook.com\/profile.php?id=100088263084418"]}]}},"_links":{"self":[{"href":"https:\/\/golocalmobileguide.com\/it\/wp-json\/wp\/v2\/pages\/21900","targetHints":{"allow":["GET"]}}],"collection":[{"href":"https:\/\/golocalmobileguide.com\/it\/wp-json\/wp\/v2\/pages"}],"about":[{"href":"https:\/\/golocalmobileguide.com\/it\/wp-json\/wp\/v2\/types\/page"}],"author":[{"embeddable":true,"href":"https:\/\/golocalmobileguide.com\/it\/wp-json\/wp\/v2\/users\/6"}],"replies":[{"embeddable":true,"href":"https:\/\/golocalmobileguide.com\/it\/wp-json\/wp\/v2\/comments?post=21900"}],"version-history":[{"count":0,"href":"https:\/\/golocalmobileguide.com\/it\/wp-json\/wp\/v2\/pages\/21900\/revisions"}],"wp:attachment":[{"href":"https:\/\/golocalmobileguide.com\/it\/wp-json\/wp\/v2\/media?parent=21900"}],"curies":[{"name":"parola chiave","href":"https:\/\/api.w.org\/{rel}","templated":true}]}}