{"id":21900,"date":"2022-04-05T20:58:34","date_gmt":"2022-04-05T20:58:34","guid":{"rendered":"https:\/\/golocalmobileguide.com\/?page_id=21900"},"modified":"2022-04-05T21:03:22","modified_gmt":"2022-04-05T21:03:22","slug":"privacy-policy-2","status":"publish","type":"page","link":"https:\/\/golocalmobileguide.com\/nb\/privacy-policy-2\/","title":{"rendered":"Personvernerkl\u00e6ring"},"content":{"rendered":"<div data-elementor-type=\"wp-page\" data-elementor-id=\"21900\" class=\"elementor elementor-21900\" data-elementor-post-type=\"page\">\n\t\t\t\t\t\t<section class=\"elementor-section elementor-top-section elementor-element elementor-element-8d56770 elementor-section-boxed elementor-section-height-default elementor-section-height-default\" data-id=\"8d56770\" data-element_type=\"section\" data-settings=\"{&quot;jet_parallax_layout_list&quot;:[{&quot;jet_parallax_layout_image&quot;:{&quot;url&quot;:&quot;&quot;,&quot;id&quot;:&quot;&quot;,&quot;size&quot;:&quot;&quot;},&quot;_id&quot;:&quot;d55bf8f&quot;,&quot;jet_parallax_layout_image_tablet&quot;:{&quot;url&quot;:&quot;&quot;,&quot;id&quot;:&quot;&quot;,&quot;size&quot;:&quot;&quot;},&quot;jet_parallax_layout_image_mobile&quot;:{&quot;url&quot;:&quot;&quot;,&quot;id&quot;:&quot;&quot;,&quot;size&quot;:&quot;&quot;},&quot;jet_parallax_layout_speed&quot;:{&quot;unit&quot;:&quot;%&quot;,&quot;size&quot;:50,&quot;sizes&quot;:[]},&quot;jet_parallax_layout_type&quot;:&quot;scroll&quot;,&quot;jet_parallax_layout_direction&quot;:&quot;1&quot;,&quot;jet_parallax_layout_fx_direction&quot;:null,&quot;jet_parallax_layout_z_index&quot;:&quot;&quot;,&quot;jet_parallax_layout_bg_x&quot;:50,&quot;jet_parallax_layout_bg_x_tablet&quot;:&quot;&quot;,&quot;jet_parallax_layout_bg_x_mobile&quot;:&quot;&quot;,&quot;jet_parallax_layout_bg_y&quot;:50,&quot;jet_parallax_layout_bg_y_tablet&quot;:&quot;&quot;,&quot;jet_parallax_layout_bg_y_mobile&quot;:&quot;&quot;,&quot;jet_parallax_layout_bg_size&quot;:&quot;auto&quot;,&quot;jet_parallax_layout_bg_size_tablet&quot;:&quot;&quot;,&quot;jet_parallax_layout_bg_size_mobile&quot;:&quot;&quot;,&quot;jet_parallax_layout_animation_prop&quot;:&quot;transform&quot;,&quot;jet_parallax_layout_on&quot;:[&quot;desktop&quot;,&quot;tablet&quot;]}],&quot;background_background&quot;:&quot;classic&quot;}\">\n\t\t\t\t\t\t<div class=\"elementor-container elementor-column-gap-default\">\n\t\t\t\t\t<div class=\"elementor-column elementor-col-100 elementor-top-column elementor-element elementor-element-df93461\" data-id=\"df93461\" data-element_type=\"column\">\n\t\t\t<div class=\"elementor-widget-wrap elementor-element-populated\">\n\t\t\t\t\t\t<div class=\"elementor-element elementor-element-2384ccb elementor-widget elementor-widget-heading\" data-id=\"2384ccb\" data-element_type=\"widget\" data-widget_type=\"heading.default\">\n\t\t\t\t<div class=\"elementor-widget-container\">\n\t\t\t\t\t<h2 class=\"elementor-heading-title elementor-size-default\">Personvernerkl\u00e6ring for Go Local Inc<\/h2>\t\t\t\t<\/div>\n\t\t\t\t<\/div>\n\t\t\t\t\t<\/div>\n\t\t<\/div>\n\t\t\t\t\t<\/div>\n\t\t<\/section>\n\t\t\t\t<section class=\"elementor-section elementor-top-section elementor-element elementor-element-252cd51 elementor-section-boxed elementor-section-height-default elementor-section-height-default\" data-id=\"252cd51\" data-element_type=\"section\" data-settings=\"{&quot;jet_parallax_layout_list&quot;:[{&quot;jet_parallax_layout_image&quot;:{&quot;url&quot;:&quot;&quot;,&quot;id&quot;:&quot;&quot;,&quot;size&quot;:&quot;&quot;},&quot;_id&quot;:&quot;fe7630d&quot;,&quot;jet_parallax_layout_image_tablet&quot;:{&quot;url&quot;:&quot;&quot;,&quot;id&quot;:&quot;&quot;,&quot;size&quot;:&quot;&quot;},&quot;jet_parallax_layout_image_mobile&quot;:{&quot;url&quot;:&quot;&quot;,&quot;id&quot;:&quot;&quot;,&quot;size&quot;:&quot;&quot;},&quot;jet_parallax_layout_speed&quot;:{&quot;unit&quot;:&quot;%&quot;,&quot;size&quot;:50,&quot;sizes&quot;:[]},&quot;jet_parallax_layout_type&quot;:&quot;scroll&quot;,&quot;jet_parallax_layout_direction&quot;:&quot;1&quot;,&quot;jet_parallax_layout_fx_direction&quot;:null,&quot;jet_parallax_layout_z_index&quot;:&quot;&quot;,&quot;jet_parallax_layout_bg_x&quot;:50,&quot;jet_parallax_layout_bg_x_tablet&quot;:&quot;&quot;,&quot;jet_parallax_layout_bg_x_mobile&quot;:&quot;&quot;,&quot;jet_parallax_layout_bg_y&quot;:50,&quot;jet_parallax_layout_bg_y_tablet&quot;:&quot;&quot;,&quot;jet_parallax_layout_bg_y_mobile&quot;:&quot;&quot;,&quot;jet_parallax_layout_bg_size&quot;:&quot;auto&quot;,&quot;jet_parallax_layout_bg_size_tablet&quot;:&quot;&quot;,&quot;jet_parallax_layout_bg_size_mobile&quot;:&quot;&quot;,&quot;jet_parallax_layout_animation_prop&quot;:&quot;transform&quot;,&quot;jet_parallax_layout_on&quot;:[&quot;desktop&quot;,&quot;tablet&quot;]}]}\">\n\t\t\t\t\t\t<div class=\"elementor-container elementor-column-gap-default\">\n\t\t\t\t\t<div class=\"elementor-column elementor-col-100 elementor-top-column elementor-element elementor-element-9098bfc\" data-id=\"9098bfc\" data-element_type=\"column\">\n\t\t\t<div class=\"elementor-widget-wrap elementor-element-populated\">\n\t\t\t\t\t\t<div class=\"elementor-element elementor-element-c4b6ed7 elementor-widget elementor-widget-text-editor\" data-id=\"c4b6ed7\" data-element_type=\"widget\" data-widget_type=\"text-editor.default\">\n\t\t\t\t<div class=\"elementor-widget-container\">\n\t\t\t\t\t\t\t\t\t<h2>Personvernerkl\u00e6ring<\/h2>\n<p>Go Local Inc. er forpliktet til \u00e5 beskytte personvernet til sine kunder, og vi lover \u00e5 beskytte sikkerheten og personvernet til din personlige informasjon. Ved \u00e5 se denne nettsiden (https:\/\/golocalmobileguide.com), Go Local Inc. mobilapplikasjoner, Go Local Inc. lojalitetsprogrammer eller Go Local Inc. sosiale medier (samlet kalt &quot;Digital Marketing Program&quot;), godtar du informasjonen v\u00e5r innsamling, bruk, lagring og avsl\u00f8ringspraksis (samlet kalt &quot;Personvernpraksis&quot;) og samtykke til vilk\u00e5rene i denne personvernerkl\u00e6ringen. I denne personvernerkl\u00e6ringen refererer &quot;Go Local Inc.&quot;, &quot;vi&quot;, &quot;v\u00e5r&quot; eller &quot;oss&quot; til Go Local Inc., et Florida-selskap, og inkluderer alle v\u00e5re tilknyttede selskaper (som definert nedenfor).<\/p>\n<p>Denne personvernerkl\u00e6ringen m\u00e5 leses i sammenheng med vilk\u00e5rene for bruk av Go Local Inc..<\/p>\n<h3><strong>Typer informasjon<\/strong><\/h3>\n<p>Du har ingen forpliktelse til \u00e5 oppgi personlig informasjon til Go Local Inc.. Bruk av Digital Marketing Program, kj\u00f8p\/konsum i v\u00e5re butikker og deltakelse i ulike Go Local Inc.-initiativer (inkludert, uten begrensning, ethvert kundebel\u00f8nningsprogram, kampanjer, unders\u00f8kelser, meningsm\u00e5linger og konkurranser), kan imidlertid kreve avsl\u00f8ring av personlig informasjon. Informasjonstypene du kan gi til Go Local Inc. inkluderer: (i) personlig identifiserbar informasjon (\u201cPII\u201d) og (ii) annen ikke-identifiserbar informasjon (\u201cIkke-PII\u201d og sammen med \u201cPII\u201d, \u201cKundeinformasjon\u201d) . PII er informasjon som med rimelighet kan brukes til \u00e5 identifisere deg, inkludert, uten begrensning, navn, adresse, e-postadresse(r), telefonnummer(e), f\u00f8dselsdato, finansiell informasjon (inkludert kreditt- og debetkortinformasjon), husholdningsinformasjon, demografisk informasjon og fotografi. Ikke-PII er informasjon som ikke identifiserer deg og kan inkludere statistisk informasjon om bruk av Digital Marketing Program.<\/p>\n<h3>Bruk av informasjon<\/h3>\n<p>Go Local Inc. kan bruke kundeinformasjon, eller deler av den, til \u00e5: (i) fullf\u00f8re og administrere kj\u00f8p, bestillinger, returer og utvekslinger; (ii) sende reklame- og markedsf\u00f8ringskommunikasjon til deg ang\u00e5ende Go Local Inc. og dets produkter og tjenester; (iii) datadeling med v\u00e5re tilknyttede selskaper og forretningspartnere; (iv) sende kuponger, mobilkuponger, nyhetsbrev, e-poster og mobilmeldinger; (v) utf\u00f8re forskning og analyser; (vi) administrere konkurranser og konkurranser; (vii) lage personlig tilpasset innhold, tilbud, tjenester og reklame; (viii) forhindre uredelige transaksjoner og tyveri; og (ix) overholde gjeldende lov, myndighetsforesp\u00f8rsel, rettskjennelse eller p\u00e5 annen m\u00e5te beskytte rettighetene, eiendommen eller sikkerheten til Go Local Inc. eller andre. Go Local Inc. kan bruke ikke-PII for \u00e5 analysere trender og spore navigering innenfor programmet for digital markedsf\u00f8ring.<\/p>\n<h3>Informasjonskapsler<\/h3>\n<p>Vi kan bruke informasjonskapsler (en liten, unik identifikatortekstfil), web-beacons (en liten grafikk) og andre teknologier for \u00e5 motta og lagre visse typer informasjon n\u00e5r du samhandler med programmet for digital markedsf\u00f8ring via datamaskinen din eller din internettaktiverte enhet . Form\u00e5let med denne teknologien er \u00e5 identifisere deg n\u00e5r du bes\u00f8ker programmet for digital markedsf\u00f8ring, slik at vi kan forbedre og tilpasse din nettopplevelse. Du kan stille inn nettleseren din slik at den ikke aksepterer informasjonskapsler. Du kan ogs\u00e5 manuelt slette informasjonskapsler fra datamaskinen din. For mer informasjon om hvordan du deaktiverer informasjonskapsler, b\u00f8r du r\u00e5df\u00f8re deg med leverand\u00f8ren av nettlesertjenestene dine. Hvis du deaktiverer informasjonskapsler, kan det imidlertid hende at deler av programmet for digital markedsf\u00f8ring ikke fungerer som det skal.<\/p>\n<p>Vi kan samle inn viss teknisk informasjon fra din datamaskin eller internettaktiverte enhet n\u00e5r du bes\u00f8ker nettsidene v\u00e5re og andre omr\u00e5der innenfor v\u00e5rt digitale markedsf\u00f8ringsprogram, inkludert, uten begrensning, din Internett-protokoll (IP)-adresse, datamaskinens operativsystem, nettlesertype og enhver henvisende nettstedsadresse. Vi bruker denne informasjonen for \u00e5 forbedre opplevelsen din under ditt bes\u00f8k p\u00e5 nettsidene v\u00e5re og andre omr\u00e5der innenfor v\u00e5rt digitale markedsf\u00f8ringsprogram og for systemadministrasjon, sikkerhet og feils\u00f8kingsform\u00e5l.<\/p>\n<p>Vi kan bruke tredjepartsprogramvare til \u00e5 tilby annonser p\u00e5 Digital Marketing Program, implementere e-postmarkedsf\u00f8ringskampanjer og administrere andre interaktive markedsf\u00f8ringstiltak.<\/p>\n<h3>Sosiale medier<\/h3>\n<p>Det digitale markedsf\u00f8ringsprogrammet kan inkludere sosiale mediefunksjoner og widgets, inkludert Facebook, Pinterest, Instagram, Twitter og andre sosiale nettverk. Sosiale mediefunksjoner og widgets er underlagt deres egne retningslinjer for personvern. Vi oppfordrer deg til \u00e5 lese personvernreglene til hvert sosiale medieselskap f\u00f8r du bruker funksjonene eller widgetene.<\/p>\n<h3>Mobilapplikasjoner<\/h3>\n<p>Mobilapplikasjoner kan samle inn viss informasjon fra deg automatisk, inkludert, uten begrensning, typen mobilenhet, IP-adressen til mobilenheten din, mobiloperativsystemet og plasseringen til mobilenheten din (forutsatt at du oppgir tillatelse for bruk av lokaliseringstjenester). Du kan stoppe innsamlingen av informasjon via mobilenheten din ved \u00e5 avinstallere mobilapplikasjonene (eller, for kun \u00e5 avbryte plasseringsinformasjonen, kan du justere tillatelsesinnstillingene p\u00e5 mobilenheten din.<\/p>\n<h3>Barnas personvern<\/h3>\n<p>I et fors\u00f8k p\u00e5 \u00e5 overholde Children&#039;s Online Privacy Protection Act ber vi om at barn under tretten (13) ikke oppgir noen PII p\u00e5 Digital Marketing Program. Hvis du er forelder eller verge for et barn under tretten (13) og du mener at barnet ditt har gitt PII til Go Local Inc., vennligst kontakt oss p\u00e5 privacypolicy@greatlocations.com<\/p>\n<h3>Kameraer i butikken<\/h3>\n<p>Vi kan bruke kameraer i butikken for sikkerhets- og driftsform\u00e5l.<\/p>\n<h3>Linker<\/h3>\n<p>Det digitale markedsf\u00f8ringsprogrammet kan inneholde lenker til andre nettsteder som vi ikke kontrollerer. Vi er ikke ansvarlige for personvernpraksisen til noen koblede nettsider. All kundeinformasjon du oppgir n\u00e5r du g\u00e5r inn p\u00e5 et tredjepartsnettsted er underlagt denne tredjepartens personvernpolicy. Vi kontrollerer ikke bruken av kundeinformasjon som du gir til tredjeparter, og vi p\u00e5tar oss ikke noe ansvar for at du deler informasjon med dem.<\/p>\n<h3>Velg bort<\/h3>\n<p>Hvis du ikke \u00f8nsker \u00e5 motta reklamepost, salgsfremmende telefonsamtaler eller reklame-e-post, vennligst kontakt oss p\u00e5 privacypolicy@greatlocations.com<\/p>\n<h3>Datasikkerhet<\/h3>\n<p>Vi opprettholder strenge sikkerhetsprotokoller, inkludert fysiske, elektroniske og prosedyremessige sikkerhetstiltak, for \u00e5 beskytte kundeinformasjon. Disse protokollene inkluderer overholdelse av f\u00f8derale lover og forskrifter og bruk av Secure Socket Layer (SSL)-kryptering for \u00e5 forhindre tap, misbruk, uautorisert tilgang eller avsl\u00f8ring av din personlige informasjon. Selv om vi streber etter \u00e5 opprettholde datasikkerhet, garanterer eller garanterer vi ikke sikkerheten.<\/p>\n<h3>Oppdateringer av personvernregler<\/h3>\n<p>Fra tid til annen kan vi endre denne personvernerkl\u00e6ringen for \u00e5 gjenspeile bransjeinitiativer eller endringer i loven, teknologien, Go Local Inc.s personvernpraksis eller funksjonene til programmet for digital markedsf\u00f8ring. Alle endringer og oppdateringer skal v\u00e6re effektive ved publisering. Din fortsatte bruk av programmet for digital markedsf\u00f8ring etter at vi har lagt ut en oppdatert personvernerkl\u00e6ring, betyr at du godtar de nye personvernreglene. Du b\u00f8r gjennomg\u00e5 denne personvernerkl\u00e6ringen regelmessig for \u00e5 sikre at du er klar over eventuelle endringer.<\/p>\n<h3>Kontakt oss<\/h3>\n<p>Hvis du \u00f8nsker \u00e5 kommunisere med Go Local Inc. om denne personvernerkl\u00e6ringen, kan du gjerne kontakte oss p\u00e5 privacypolicy@greatlocations.com<\/p>\n<p><b>Copyright \u00a9 Go Local Inc. Alle rettigheter reservert.<\/b><\/p>\t\t\t\t\t\t\t\t<\/div>\n\t\t\t\t<\/div>\n\t\t\t\t\t<\/div>\n\t\t<\/div>\n\t\t\t\t\t<\/div>\n\t\t<\/section>\n\t\t\t\t<\/div>","protected":false},"excerpt":{"rendered":"<p>Personvernerkl\u00e6ring for Go Local Inc. Personvernerkl\u00e6ring for Go Local Inc. er forpliktet til \u00e5 beskytte kundenes personvern, og vi forplikter oss til \u00e5 beskytte sikkerheten og personvernet til din personlige informasjon. Ved \u00e5 bes\u00f8ke dette nettstedet (https:\/\/golocalmobileguide.com), Go Local Inc.s mobilapplikasjoner, Go Local Inc.s lojalitetsprogrammer eller Go Local Inc.s sosiale medier (samlet kalt \u00abdigital [\u2026]\u00bb)<\/p>","protected":false},"author":6,"featured_media":0,"parent":0,"menu_order":0,"comment_status":"closed","ping_status":"closed","template":"","meta":{"footnotes":""},"class_list":["post-21900","page","type-page","status-publish","hentry"],"yoast_head":"<!-- This site is optimized with the Yoast SEO plugin v26.8 - https:\/\/yoast.com\/product\/yoast-seo-wordpress\/ -->\n<title>Privacy Policy - Go Local<\/title>\n<meta name=\"robots\" content=\"index, follow, max-snippet:-1, max-image-preview:large, max-video-preview:-1\" \/>\n<link rel=\"canonical\" href=\"https:\/\/golocalmobileguide.com\/nb\/privacy-policy-2\/\" \/>\n<meta property=\"og:locale\" content=\"nb_NO\" \/>\n<meta property=\"og:type\" content=\"article\" \/>\n<meta property=\"og:title\" content=\"Privacy Policy - Go Local\" \/>\n<meta property=\"og:description\" content=\"Go Local Inc&nbsp;Privacy Policy Privacy Policy Go Local Inc. is committed to protecting the privacy of its customers, and we pledge to protect the security and privacy of your personal information. By viewing this website (https:\/\/golocalmobileguide.com), Go Local Inc. &nbsp;mobile applications, Go Local Inc. &nbsp;loyalty programs, or Go Local Inc. &nbsp;social media (collectively, the \u201cDigital [&hellip;]\" \/>\n<meta property=\"og:url\" content=\"https:\/\/golocalmobileguide.com\/nb\/privacy-policy-2\/\" \/>\n<meta property=\"og:site_name\" content=\"Go Local\" \/>\n<meta property=\"article:publisher\" content=\"https:\/\/www.facebook.com\/profile.php?id=100088263084418\" \/>\n<meta property=\"article:modified_time\" content=\"2022-04-05T21:03:22+00:00\" \/>\n<meta property=\"og:image\" content=\"https:\/\/golocalmobileguide.com\/wp-content\/uploads\/2021\/11\/GL_Logo_blue.png\" \/>\n\t<meta property=\"og:image:width\" content=\"551\" \/>\n\t<meta property=\"og:image:height\" content=\"95\" \/>\n\t<meta property=\"og:image:type\" content=\"image\/png\" \/>\n<meta name=\"twitter:card\" content=\"summary_large_image\" \/>\n<meta name=\"twitter:label1\" content=\"Ansl. lesetid\" \/>\n\t<meta name=\"twitter:data1\" content=\"6 minutter\" \/>\n<script type=\"application\/ld+json\" class=\"yoast-schema-graph\">{\"@context\":\"https:\/\/schema.org\",\"@graph\":[{\"@type\":\"WebPage\",\"@id\":\"https:\/\/golocalmobileguide.com\/pt_br\/privacy-policy-2\/\",\"url\":\"https:\/\/golocalmobileguide.com\/pt_br\/privacy-policy-2\/\",\"name\":\"Privacy Policy - Go Local\",\"isPartOf\":{\"@id\":\"https:\/\/golocalmobileguide.com\/#website\"},\"datePublished\":\"2022-04-05T20:58:34+00:00\",\"dateModified\":\"2022-04-05T21:03:22+00:00\",\"breadcrumb\":{\"@id\":\"https:\/\/golocalmobileguide.com\/pt_br\/privacy-policy-2\/#breadcrumb\"},\"inLanguage\":\"nb-NO\",\"potentialAction\":[{\"@type\":\"ReadAction\",\"target\":[\"https:\/\/golocalmobileguide.com\/pt_br\/privacy-policy-2\/\"]}]},{\"@type\":\"BreadcrumbList\",\"@id\":\"https:\/\/golocalmobileguide.com\/pt_br\/privacy-policy-2\/#breadcrumb\",\"itemListElement\":[{\"@type\":\"ListItem\",\"position\":1,\"name\":\"Home\",\"item\":\"https:\/\/golocalmobileguide.com\/\"},{\"@type\":\"ListItem\",\"position\":2,\"name\":\"Privacy Policy\"}]},{\"@type\":\"WebSite\",\"@id\":\"https:\/\/golocalmobileguide.com\/#website\",\"url\":\"https:\/\/golocalmobileguide.com\/\",\"name\":\"Go Local\",\"description\":\"Local Area Mobile Guide\",\"publisher\":{\"@id\":\"https:\/\/golocalmobileguide.com\/#organization\"},\"potentialAction\":[{\"@type\":\"SearchAction\",\"target\":{\"@type\":\"EntryPoint\",\"urlTemplate\":\"https:\/\/golocalmobileguide.com\/?s={search_term_string}\"},\"query-input\":{\"@type\":\"PropertyValueSpecification\",\"valueRequired\":true,\"valueName\":\"search_term_string\"}}],\"inLanguage\":\"nb-NO\"},{\"@type\":\"Organization\",\"@id\":\"https:\/\/golocalmobileguide.com\/#organization\",\"name\":\"Go Local Mobile Area Guide\",\"url\":\"https:\/\/golocalmobileguide.com\/\",\"logo\":{\"@type\":\"ImageObject\",\"inLanguage\":\"nb-NO\",\"@id\":\"https:\/\/golocalmobileguide.com\/#\/schema\/logo\/image\/\",\"url\":\"https:\/\/golocalmobileguide.com\/wp-content\/uploads\/2021\/11\/GL_Logo_blue.png\",\"contentUrl\":\"https:\/\/golocalmobileguide.com\/wp-content\/uploads\/2021\/11\/GL_Logo_blue.png\",\"width\":551,\"height\":95,\"caption\":\"Go Local Mobile Area Guide\"},\"image\":{\"@id\":\"https:\/\/golocalmobileguide.com\/#\/schema\/logo\/image\/\"},\"sameAs\":[\"https:\/\/www.facebook.com\/profile.php?id=100088263084418\"]}]}<\/script>\n<!-- \/ Yoast SEO plugin. -->","yoast_head_json":{"title":"Privacy Policy - Go Local","robots":{"index":"index","follow":"follow","max-snippet":"max-snippet:-1","max-image-preview":"max-image-preview:large","max-video-preview":"max-video-preview:-1"},"canonical":"https:\/\/golocalmobileguide.com\/nb\/privacy-policy-2\/","og_locale":"nb_NO","og_type":"article","og_title":"Privacy Policy - Go Local","og_description":"Go Local Inc&nbsp;Privacy Policy Privacy Policy Go Local Inc. is committed to protecting the privacy of its customers, and we pledge to protect the security and privacy of your personal information. By viewing this website (https:\/\/golocalmobileguide.com), Go Local Inc. &nbsp;mobile applications, Go Local Inc. &nbsp;loyalty programs, or Go Local Inc. &nbsp;social media (collectively, the \u201cDigital [&hellip;]","og_url":"https:\/\/golocalmobileguide.com\/nb\/privacy-policy-2\/","og_site_name":"Go Local","article_publisher":"https:\/\/www.facebook.com\/profile.php?id=100088263084418","article_modified_time":"2022-04-05T21:03:22+00:00","og_image":[{"width":551,"height":95,"url":"https:\/\/golocalmobileguide.com\/wp-content\/uploads\/2021\/11\/GL_Logo_blue.png","type":"image\/png"}],"twitter_card":"summary_large_image","twitter_misc":{"Ansl. lesetid":"6 minutter"},"schema":{"@context":"https:\/\/schema.org","@graph":[{"@type":"WebPage","@id":"https:\/\/golocalmobileguide.com\/pt_br\/privacy-policy-2\/","url":"https:\/\/golocalmobileguide.com\/pt_br\/privacy-policy-2\/","name":"Privacy Policy - Go Local","isPartOf":{"@id":"https:\/\/golocalmobileguide.com\/#website"},"datePublished":"2022-04-05T20:58:34+00:00","dateModified":"2022-04-05T21:03:22+00:00","breadcrumb":{"@id":"https:\/\/golocalmobileguide.com\/pt_br\/privacy-policy-2\/#breadcrumb"},"inLanguage":"nb-NO","potentialAction":[{"@type":"ReadAction","target":["https:\/\/golocalmobileguide.com\/pt_br\/privacy-policy-2\/"]}]},{"@type":"BreadcrumbList","@id":"https:\/\/golocalmobileguide.com\/pt_br\/privacy-policy-2\/#breadcrumb","itemListElement":[{"@type":"ListItem","position":1,"name":"Home","item":"https:\/\/golocalmobileguide.com\/"},{"@type":"ListItem","position":2,"name":"Privacy Policy"}]},{"@type":"WebSite","@id":"https:\/\/golocalmobileguide.com\/#website","url":"https:\/\/golocalmobileguide.com\/","name":"Flotte steder","description":"Local Area Mobile Guide","publisher":{"@id":"https:\/\/golocalmobileguide.com\/#organization"},"potentialAction":[{"@type":"SearchAction","target":{"@type":"EntryPoint","urlTemplate":"https:\/\/golocalmobileguide.com\/?s={search_term_string}"},"query-input":{"@type":"PropertyValueSpecification","valueRequired":true,"valueName":"search_term_string"}}],"inLanguage":"nb-NO"},{"@type":"Organization","@id":"https:\/\/golocalmobileguide.com\/#organization","name":"Guide til flotte steder i Mobile-omr\u00e5det","url":"https:\/\/golocalmobileguide.com\/","logo":{"@type":"ImageObject","inLanguage":"nb-NO","@id":"https:\/\/golocalmobileguide.com\/#\/schema\/logo\/image\/","url":"https:\/\/golocalmobileguide.com\/wp-content\/uploads\/2021\/11\/GL_Logo_blue.png","contentUrl":"https:\/\/golocalmobileguide.com\/wp-content\/uploads\/2021\/11\/GL_Logo_blue.png","width":551,"height":95,"caption":"Go Local Mobile Area Guide"},"image":{"@id":"https:\/\/golocalmobileguide.com\/#\/schema\/logo\/image\/"},"sameAs":["https:\/\/www.facebook.com\/profile.php?id=100088263084418"]}]}},"_links":{"self":[{"href":"https:\/\/golocalmobileguide.com\/nb\/wp-json\/wp\/v2\/pages\/21900","targetHints":{"allow":["GET"]}}],"collection":[{"href":"https:\/\/golocalmobileguide.com\/nb\/wp-json\/wp\/v2\/pages"}],"about":[{"href":"https:\/\/golocalmobileguide.com\/nb\/wp-json\/wp\/v2\/types\/page"}],"author":[{"embeddable":true,"href":"https:\/\/golocalmobileguide.com\/nb\/wp-json\/wp\/v2\/users\/6"}],"replies":[{"embeddable":true,"href":"https:\/\/golocalmobileguide.com\/nb\/wp-json\/wp\/v2\/comments?post=21900"}],"version-history":[{"count":0,"href":"https:\/\/golocalmobileguide.com\/nb\/wp-json\/wp\/v2\/pages\/21900\/revisions"}],"wp:attachment":[{"href":"https:\/\/golocalmobileguide.com\/nb\/wp-json\/wp\/v2\/media?parent=21900"}],"curies":[{"name":"wp","href":"https:\/\/api.w.org\/{rel}","templated":true}]}}