{"id":21893,"date":"2022-04-05T20:41:28","date_gmt":"2022-04-05T20:41:28","guid":{"rendered":"https:\/\/golocalmobileguide.com\/?page_id=21893"},"modified":"2022-04-05T20:44:57","modified_gmt":"2022-04-05T20:44:57","slug":"accessibility-statement","status":"publish","type":"page","link":"https:\/\/golocalmobileguide.com\/pl\/accessibility-statement\/","title":{"rendered":"O\u015bwiadczenie o dost\u0119pno\u015bci"},"content":{"rendered":"<div data-elementor-type=\"wp-page\" data-elementor-id=\"21893\" class=\"elementor elementor-21893\" data-elementor-post-type=\"page\">\n\t\t\t\t\t\t<section class=\"elementor-section elementor-top-section elementor-element elementor-element-8d56770 elementor-section-boxed elementor-section-height-default elementor-section-height-default\" data-id=\"8d56770\" data-element_type=\"section\" data-settings=\"{&quot;jet_parallax_layout_list&quot;:[{&quot;jet_parallax_layout_image&quot;:{&quot;url&quot;:&quot;&quot;,&quot;id&quot;:&quot;&quot;,&quot;size&quot;:&quot;&quot;},&quot;_id&quot;:&quot;d55bf8f&quot;,&quot;jet_parallax_layout_image_tablet&quot;:{&quot;url&quot;:&quot;&quot;,&quot;id&quot;:&quot;&quot;,&quot;size&quot;:&quot;&quot;},&quot;jet_parallax_layout_image_mobile&quot;:{&quot;url&quot;:&quot;&quot;,&quot;id&quot;:&quot;&quot;,&quot;size&quot;:&quot;&quot;},&quot;jet_parallax_layout_speed&quot;:{&quot;unit&quot;:&quot;%&quot;,&quot;size&quot;:50,&quot;sizes&quot;:[]},&quot;jet_parallax_layout_type&quot;:&quot;scroll&quot;,&quot;jet_parallax_layout_direction&quot;:&quot;1&quot;,&quot;jet_parallax_layout_fx_direction&quot;:null,&quot;jet_parallax_layout_z_index&quot;:&quot;&quot;,&quot;jet_parallax_layout_bg_x&quot;:50,&quot;jet_parallax_layout_bg_x_tablet&quot;:&quot;&quot;,&quot;jet_parallax_layout_bg_x_mobile&quot;:&quot;&quot;,&quot;jet_parallax_layout_bg_y&quot;:50,&quot;jet_parallax_layout_bg_y_tablet&quot;:&quot;&quot;,&quot;jet_parallax_layout_bg_y_mobile&quot;:&quot;&quot;,&quot;jet_parallax_layout_bg_size&quot;:&quot;auto&quot;,&quot;jet_parallax_layout_bg_size_tablet&quot;:&quot;&quot;,&quot;jet_parallax_layout_bg_size_mobile&quot;:&quot;&quot;,&quot;jet_parallax_layout_animation_prop&quot;:&quot;transform&quot;,&quot;jet_parallax_layout_on&quot;:[&quot;desktop&quot;,&quot;tablet&quot;]}],&quot;background_background&quot;:&quot;classic&quot;}\">\n\t\t\t\t\t\t<div class=\"elementor-container elementor-column-gap-default\">\n\t\t\t\t\t<div class=\"elementor-column elementor-col-100 elementor-top-column elementor-element elementor-element-df93461\" data-id=\"df93461\" data-element_type=\"column\">\n\t\t\t<div class=\"elementor-widget-wrap elementor-element-populated\">\n\t\t\t\t\t\t<div class=\"elementor-element elementor-element-2384ccb elementor-widget elementor-widget-heading\" data-id=\"2384ccb\" data-element_type=\"widget\" data-widget_type=\"heading.default\">\n\t\t\t\t<div class=\"elementor-widget-container\">\n\t\t\t\t\t<h2 class=\"elementor-heading-title elementor-size-default\">O\u015bwiadczenie o u\u0142atwieniach dost\u0119pu firmy Go Local Inc<\/h2>\t\t\t\t<\/div>\n\t\t\t\t<\/div>\n\t\t\t\t\t<\/div>\n\t\t<\/div>\n\t\t\t\t\t<\/div>\n\t\t<\/section>\n\t\t\t\t<section class=\"elementor-section elementor-top-section elementor-element elementor-element-252cd51 elementor-section-boxed elementor-section-height-default elementor-section-height-default\" data-id=\"252cd51\" data-element_type=\"section\" data-settings=\"{&quot;jet_parallax_layout_list&quot;:[{&quot;jet_parallax_layout_image&quot;:{&quot;url&quot;:&quot;&quot;,&quot;id&quot;:&quot;&quot;,&quot;size&quot;:&quot;&quot;},&quot;_id&quot;:&quot;fe7630d&quot;,&quot;jet_parallax_layout_image_tablet&quot;:{&quot;url&quot;:&quot;&quot;,&quot;id&quot;:&quot;&quot;,&quot;size&quot;:&quot;&quot;},&quot;jet_parallax_layout_image_mobile&quot;:{&quot;url&quot;:&quot;&quot;,&quot;id&quot;:&quot;&quot;,&quot;size&quot;:&quot;&quot;},&quot;jet_parallax_layout_speed&quot;:{&quot;unit&quot;:&quot;%&quot;,&quot;size&quot;:50,&quot;sizes&quot;:[]},&quot;jet_parallax_layout_type&quot;:&quot;scroll&quot;,&quot;jet_parallax_layout_direction&quot;:&quot;1&quot;,&quot;jet_parallax_layout_fx_direction&quot;:null,&quot;jet_parallax_layout_z_index&quot;:&quot;&quot;,&quot;jet_parallax_layout_bg_x&quot;:50,&quot;jet_parallax_layout_bg_x_tablet&quot;:&quot;&quot;,&quot;jet_parallax_layout_bg_x_mobile&quot;:&quot;&quot;,&quot;jet_parallax_layout_bg_y&quot;:50,&quot;jet_parallax_layout_bg_y_tablet&quot;:&quot;&quot;,&quot;jet_parallax_layout_bg_y_mobile&quot;:&quot;&quot;,&quot;jet_parallax_layout_bg_size&quot;:&quot;auto&quot;,&quot;jet_parallax_layout_bg_size_tablet&quot;:&quot;&quot;,&quot;jet_parallax_layout_bg_size_mobile&quot;:&quot;&quot;,&quot;jet_parallax_layout_animation_prop&quot;:&quot;transform&quot;,&quot;jet_parallax_layout_on&quot;:[&quot;desktop&quot;,&quot;tablet&quot;]}]}\">\n\t\t\t\t\t\t<div class=\"elementor-container elementor-column-gap-default\">\n\t\t\t\t\t<div class=\"elementor-column elementor-col-100 elementor-top-column elementor-element elementor-element-9098bfc\" data-id=\"9098bfc\" data-element_type=\"column\">\n\t\t\t<div class=\"elementor-widget-wrap elementor-element-populated\">\n\t\t\t\t\t\t<div class=\"elementor-element elementor-element-c4b6ed7 elementor-widget elementor-widget-text-editor\" data-id=\"c4b6ed7\" data-element_type=\"widget\" data-widget_type=\"text-editor.default\">\n\t\t\t\t<div class=\"elementor-widget-container\">\n\t\t\t\t\t\t\t\t\t<h1><span style=\"color: var( --e-global-color-text ); font-family: var( --e-global-typography-text-font-family ), Sans-serif; font-weight: var( --e-global-typography-text-font-weight ); font-size: 1rem;\">Zaktualizowano: kwiecie\u0144 2022 r.<\/span><\/h1><h2>Og\u00f3lny<\/h2><p>Firma Go Local Inc dok\u0142ada wszelkich stara\u0144, aby jej us\u0142ugi by\u0142y dost\u0119pne dla os\u00f3b niepe\u0142nosprawnych. Firma Go Local Inc zainwestowa\u0142a znaczn\u0105 ilo\u015b\u0107 zasob\u00f3w, aby uczyni\u0107 swoj\u0105 stron\u0119 internetow\u0105 \u0142atwiejsz\u0105 w u\u017cyciu i bardziej dost\u0119pn\u0105 dla os\u00f3b niepe\u0142nosprawnych, maj\u0105c silne przekonanie, \u017ce dzia\u0142ania na rzecz u\u0142atwienia dost\u0119pu do witryny pomagaj\u0105 wszystkim u\u017cytkownikom i \u017ce ka\u017cda osoba ma prawo \u017cy\u0107 z godno\u015b\u0107, r\u00f3wno\u015b\u0107, komfort i niezale\u017cno\u015b\u0107.<\/p><h2>Dost\u0119pno\u015b\u0107 na stronie golocalmobileguide.com<\/h2><p>tworzy golocalmobileguide.com\u00a0<a title=\"Darmowy wid\u017cet u\u0142atwie\u0144 dost\u0119pu do sieci\" href=\"https:\/\/userway.org\">Wid\u017cet u\u0142atwie\u0144 dost\u0119pu w sieci UserWay<\/a>\u00a0available, kt\u00f3ry jest zasilany przez dedykowany serwer dost\u0119pno\u015bci. Oprogramowanie pozwala firmie golocalmobileguide.com poprawi\u0107 zgodno\u015b\u0107 z wytycznymi dotycz\u0105cymi dost\u0119pno\u015bci tre\u015bci internetowych (WCAG 2.1).<\/p><h2>W\u0142\u0105czanie menu u\u0142atwie\u0144 dost\u0119pu<\/h2><p>Menu u\u0142atwie\u0144 dost\u0119pu w witrynie golocalmobileguide.com mo\u017cna w\u0142\u0105czy\u0107, klikaj\u0105c ikon\u0119 menu u\u0142atwie\u0144 dost\u0119pu, kt\u00f3ra pojawia si\u0119 w rogu strony. Po uruchomieniu menu u\u0142atwie\u0144 dost\u0119pu poczekaj chwil\u0119, a\u017c menu u\u0142atwie\u0144 dost\u0119pu za\u0142aduje si\u0119 w ca\u0142o\u015bci.<\/p><h2>Zastrze\u017cenie<\/h2><p>Firma Go Local Inc kontynuuje wysi\u0142ki zmierzaj\u0105ce do ci\u0105g\u0142ej poprawy dost\u0119pno\u015bci swojej witryny i us\u0142ug w przekonaniu, \u017ce naszym wsp\u00f3lnym moralnym obowi\u0105zkiem jest umo\u017cliwienie bezproblemowego, dost\u0119pnego i niezak\u0142\u00f3conego korzystania r\u00f3wnie\u017c osobom niepe\u0142nosprawnym.<\/p><p>W nieustannym d\u0105\u017ceniu do ci\u0105g\u0142ego ulepszania i rozwi\u0105zywania problem\u00f3w z dost\u0119pno\u015bci\u0105 regularnie skanujemy r\u00f3wnie\u017c witryn\u0119 golocalmobileguide.com za pomoc\u0105 narz\u0119dzia UserWay <a title=\"Darmowy skaner dost\u0119pno\u015bci stron internetowych\" href=\"https:\/\/UserWay.org\/scanner\">Skaner u\u0142atwie\u0144 dost\u0119pu<\/a> zidentyfikowa\u0107 i naprawi\u0107 ka\u017cd\u0105 mo\u017cliw\u0105 barier\u0119 dost\u0119pno\u015bci na naszej stronie. Pomimo naszych wysi\u0142k\u00f3w, aby wszystkie strony i tre\u015bci w witrynie golocalmobileguide.com by\u0142y w pe\u0142ni dost\u0119pne, niekt\u00f3re tre\u015bci mog\u0142y jeszcze nie by\u0107 w pe\u0142ni dostosowane do najsurowszych standard\u00f3w dost\u0119pno\u015bci. Mo\u017ce to wynika\u0107 z braku znalezienia lub zidentyfikowania najodpowiedniejszego rozwi\u0105zania technologicznego.<\/p><h2>Tu dla Ciebie<\/h2><p>Je\u015bli masz problemy z jak\u0105kolwiek zawarto\u015bci\u0105 na golocalmobileguide.com lub potrzebujesz pomocy z jak\u0105kolwiek cz\u0119\u015bci\u0105 naszej witryny, skontaktuj si\u0119 z nami w normalnych godzinach pracy, jak opisano poni\u017cej, a my z przyjemno\u015bci\u0105 Ci pomo\u017cemy.<\/p><h2>Skontaktuj si\u0119 z nami<\/h2><p>Je\u015bli chcesz zg\u0142osi\u0107 problem z dost\u0119pno\u015bci\u0105, masz jakie\u015b pytania lub potrzebujesz pomocy, skontaktuj si\u0119 z obs\u0142ug\u0105 klienta Go Local Inc w nast\u0119puj\u0105cy spos\u00f3b:<\/p><p>E-mail:\u00a0<a href=\"mailto:greatlocations@disartmedia.net\">greatlocations@disartmedia.net<\/a><\/p>\t\t\t\t\t\t\t\t<\/div>\n\t\t\t\t<\/div>\n\t\t\t\t\t<\/div>\n\t\t<\/div>\n\t\t\t\t\t<\/div>\n\t\t<\/section>\n\t\t\t\t<\/div>","protected":false},"excerpt":{"rendered":"<p>O\u015bwiadczenie Go Local Inc. o dost\u0119pno\u015bci Zaktualizowano: kwiecie\u0144 2022 r. Og\u00f3lne Go Local Inc. d\u0105\u017cy do zapewnienia, \u017ce jego us\u0142ugi s\u0105 dost\u0119pne dla os\u00f3b niepe\u0142nosprawnych. Go Local Inc. zainwestowa\u0142o znaczn\u0105 ilo\u015b\u0107 zasob\u00f3w, aby pom\u00f3c zapewni\u0107, \u017ce jego witryna internetowa jest \u0142atwiejsza w u\u017cyciu i bardziej dost\u0119pna dla os\u00f3b niepe\u0142nosprawnych, z silnym przekonaniem, \u017ce dzia\u0142ania na rzecz dost\u0119pno\u015bci witryny internetowej pomagaj\u0105 wszystkim u\u017cytkownikom [\u2026]<\/p>","protected":false},"author":6,"featured_media":0,"parent":0,"menu_order":0,"comment_status":"closed","ping_status":"closed","template":"","meta":{"footnotes":""},"class_list":["post-21893","page","type-page","status-publish","hentry"],"yoast_head":"<!-- This site is optimized with the Yoast SEO plugin v26.8 - https:\/\/yoast.com\/product\/yoast-seo-wordpress\/ -->\n<title>Accessibility Statement - Go Local<\/title>\n<meta name=\"robots\" content=\"index, follow, max-snippet:-1, max-image-preview:large, max-video-preview:-1\" \/>\n<link rel=\"canonical\" href=\"https:\/\/golocalmobileguide.com\/pl\/accessibility-statement\/\" \/>\n<meta property=\"og:locale\" content=\"pl_PL\" \/>\n<meta property=\"og:type\" content=\"article\" \/>\n<meta property=\"og:title\" content=\"Accessibility Statement - Go Local\" \/>\n<meta property=\"og:description\" content=\"Go Local Inc&nbsp;Accessibility Statement Updated:\u00a0April\u00a02022. General Go Local Inc\u00a0strives to ensure that its services are accessible to people with disabilities.\u00a0Go Local Inc\u00a0has invested a significant amount of resources to help ensure that its website is made easier to use and more accessible for people with disabilities, with the strong belief that\u00a0website accessibility\u00a0efforts assist all users [&hellip;]\" \/>\n<meta property=\"og:url\" content=\"https:\/\/golocalmobileguide.com\/pl\/accessibility-statement\/\" \/>\n<meta property=\"og:site_name\" content=\"Go Local\" \/>\n<meta property=\"article:publisher\" content=\"https:\/\/www.facebook.com\/profile.php?id=100088263084418\" \/>\n<meta property=\"article:modified_time\" content=\"2022-04-05T20:44:57+00:00\" \/>\n<meta property=\"og:image\" content=\"https:\/\/golocalmobileguide.com\/wp-content\/uploads\/2021\/11\/GL_Logo_blue.png\" \/>\n\t<meta property=\"og:image:width\" content=\"551\" \/>\n\t<meta property=\"og:image:height\" content=\"95\" \/>\n\t<meta property=\"og:image:type\" content=\"image\/png\" \/>\n<meta name=\"twitter:card\" content=\"summary_large_image\" \/>\n<meta name=\"twitter:label1\" content=\"Szacowany czas czytania\" \/>\n\t<meta name=\"twitter:data1\" content=\"2 minuty\" \/>\n<script type=\"application\/ld+json\" class=\"yoast-schema-graph\">{\"@context\":\"https:\/\/schema.org\",\"@graph\":[{\"@type\":\"WebPage\",\"@id\":\"https:\/\/golocalmobileguide.com\/pt_br\/accessibility-statement\/\",\"url\":\"https:\/\/golocalmobileguide.com\/pt_br\/accessibility-statement\/\",\"name\":\"Accessibility Statement - Go Local\",\"isPartOf\":{\"@id\":\"https:\/\/golocalmobileguide.com\/#website\"},\"datePublished\":\"2022-04-05T20:41:28+00:00\",\"dateModified\":\"2022-04-05T20:44:57+00:00\",\"breadcrumb\":{\"@id\":\"https:\/\/golocalmobileguide.com\/pt_br\/accessibility-statement\/#breadcrumb\"},\"inLanguage\":\"pl-PL\",\"potentialAction\":[{\"@type\":\"ReadAction\",\"target\":[\"https:\/\/golocalmobileguide.com\/pt_br\/accessibility-statement\/\"]}]},{\"@type\":\"BreadcrumbList\",\"@id\":\"https:\/\/golocalmobileguide.com\/pt_br\/accessibility-statement\/#breadcrumb\",\"itemListElement\":[{\"@type\":\"ListItem\",\"position\":1,\"name\":\"Home\",\"item\":\"https:\/\/golocalmobileguide.com\/\"},{\"@type\":\"ListItem\",\"position\":2,\"name\":\"Accessibility Statement\"}]},{\"@type\":\"WebSite\",\"@id\":\"https:\/\/golocalmobileguide.com\/#website\",\"url\":\"https:\/\/golocalmobileguide.com\/\",\"name\":\"Go Local\",\"description\":\"Local Area Mobile Guide\",\"publisher\":{\"@id\":\"https:\/\/golocalmobileguide.com\/#organization\"},\"potentialAction\":[{\"@type\":\"SearchAction\",\"target\":{\"@type\":\"EntryPoint\",\"urlTemplate\":\"https:\/\/golocalmobileguide.com\/?s={search_term_string}\"},\"query-input\":{\"@type\":\"PropertyValueSpecification\",\"valueRequired\":true,\"valueName\":\"search_term_string\"}}],\"inLanguage\":\"pl-PL\"},{\"@type\":\"Organization\",\"@id\":\"https:\/\/golocalmobileguide.com\/#organization\",\"name\":\"Go Local Mobile Area Guide\",\"url\":\"https:\/\/golocalmobileguide.com\/\",\"logo\":{\"@type\":\"ImageObject\",\"inLanguage\":\"pl-PL\",\"@id\":\"https:\/\/golocalmobileguide.com\/#\/schema\/logo\/image\/\",\"url\":\"https:\/\/golocalmobileguide.com\/wp-content\/uploads\/2021\/11\/GL_Logo_blue.png\",\"contentUrl\":\"https:\/\/golocalmobileguide.com\/wp-content\/uploads\/2021\/11\/GL_Logo_blue.png\",\"width\":551,\"height\":95,\"caption\":\"Go Local Mobile Area Guide\"},\"image\":{\"@id\":\"https:\/\/golocalmobileguide.com\/#\/schema\/logo\/image\/\"},\"sameAs\":[\"https:\/\/www.facebook.com\/profile.php?id=100088263084418\"]}]}<\/script>\n<!-- \/ Yoast SEO plugin. -->","yoast_head_json":{"title":"Accessibility Statement - Go Local","robots":{"index":"index","follow":"follow","max-snippet":"max-snippet:-1","max-image-preview":"max-image-preview:large","max-video-preview":"max-video-preview:-1"},"canonical":"https:\/\/golocalmobileguide.com\/pl\/accessibility-statement\/","og_locale":"pl_PL","og_type":"article","og_title":"Accessibility Statement - Go Local","og_description":"Go Local Inc&nbsp;Accessibility Statement Updated:\u00a0April\u00a02022. General Go Local Inc\u00a0strives to ensure that its services are accessible to people with disabilities.\u00a0Go Local Inc\u00a0has invested a significant amount of resources to help ensure that its website is made easier to use and more accessible for people with disabilities, with the strong belief that\u00a0website accessibility\u00a0efforts assist all users [&hellip;]","og_url":"https:\/\/golocalmobileguide.com\/pl\/accessibility-statement\/","og_site_name":"Go Local","article_publisher":"https:\/\/www.facebook.com\/profile.php?id=100088263084418","article_modified_time":"2022-04-05T20:44:57+00:00","og_image":[{"width":551,"height":95,"url":"https:\/\/golocalmobileguide.com\/wp-content\/uploads\/2021\/11\/GL_Logo_blue.png","type":"image\/png"}],"twitter_card":"summary_large_image","twitter_misc":{"Szacowany czas czytania":"2 minuty"},"schema":{"@context":"https:\/\/schema.org","@graph":[{"@type":"WebPage","@id":"https:\/\/golocalmobileguide.com\/pt_br\/accessibility-statement\/","url":"https:\/\/golocalmobileguide.com\/pt_br\/accessibility-statement\/","name":"Accessibility Statement - Go Local","isPartOf":{"@id":"https:\/\/golocalmobileguide.com\/#website"},"datePublished":"2022-04-05T20:41:28+00:00","dateModified":"2022-04-05T20:44:57+00:00","breadcrumb":{"@id":"https:\/\/golocalmobileguide.com\/pt_br\/accessibility-statement\/#breadcrumb"},"inLanguage":"pl-PL","potentialAction":[{"@type":"ReadAction","target":["https:\/\/golocalmobileguide.com\/pt_br\/accessibility-statement\/"]}]},{"@type":"BreadcrumbList","@id":"https:\/\/golocalmobileguide.com\/pt_br\/accessibility-statement\/#breadcrumb","itemListElement":[{"@type":"ListItem","position":1,"name":"Home","item":"https:\/\/golocalmobileguide.com\/"},{"@type":"ListItem","position":2,"name":"Accessibility Statement"}]},{"@type":"WebSite","@id":"https:\/\/golocalmobileguide.com\/#website","url":"https:\/\/golocalmobileguide.com\/","name":"\u015awietne lokalizacje","description":"Lokalny przewodnik mobilny","publisher":{"@id":"https:\/\/golocalmobileguide.com\/#organization"},"potentialAction":[{"@type":"SearchAction","target":{"@type":"EntryPoint","urlTemplate":"https:\/\/golocalmobileguide.com\/?s={search_term_string}"},"query-input":{"@type":"PropertyValueSpecification","valueRequired":true,"valueName":"search_term_string"}}],"inLanguage":"pl-PL"},{"@type":"Organization","@id":"https:\/\/golocalmobileguide.com\/#organization","name":"Przewodnik po \u015bwietnych lokalizacjach mobilnych","url":"https:\/\/golocalmobileguide.com\/","logo":{"@type":"ImageObject","inLanguage":"pl-PL","@id":"https:\/\/golocalmobileguide.com\/#\/schema\/logo\/image\/","url":"https:\/\/golocalmobileguide.com\/wp-content\/uploads\/2021\/11\/GL_Logo_blue.png","contentUrl":"https:\/\/golocalmobileguide.com\/wp-content\/uploads\/2021\/11\/GL_Logo_blue.png","width":551,"height":95,"caption":"Go Local Mobile Area Guide"},"image":{"@id":"https:\/\/golocalmobileguide.com\/#\/schema\/logo\/image\/"},"sameAs":["https:\/\/www.facebook.com\/profile.php?id=100088263084418"]}]}},"_links":{"self":[{"href":"https:\/\/golocalmobileguide.com\/pl\/wp-json\/wp\/v2\/pages\/21893","targetHints":{"allow":["GET"]}}],"collection":[{"href":"https:\/\/golocalmobileguide.com\/pl\/wp-json\/wp\/v2\/pages"}],"about":[{"href":"https:\/\/golocalmobileguide.com\/pl\/wp-json\/wp\/v2\/types\/page"}],"author":[{"embeddable":true,"href":"https:\/\/golocalmobileguide.com\/pl\/wp-json\/wp\/v2\/users\/6"}],"replies":[{"embeddable":true,"href":"https:\/\/golocalmobileguide.com\/pl\/wp-json\/wp\/v2\/comments?post=21893"}],"version-history":[{"count":0,"href":"https:\/\/golocalmobileguide.com\/pl\/wp-json\/wp\/v2\/pages\/21893\/revisions"}],"wp:attachment":[{"href":"https:\/\/golocalmobileguide.com\/pl\/wp-json\/wp\/v2\/media?parent=21893"}],"curies":[{"name":"wp","href":"https:\/\/api.w.org\/{rel}","templated":true}]}}