{"id":21900,"date":"2022-04-05T20:58:34","date_gmt":"2022-04-05T20:58:34","guid":{"rendered":"https:\/\/golocalmobileguide.com\/?page_id=21900"},"modified":"2022-04-05T21:03:22","modified_gmt":"2022-04-05T21:03:22","slug":"privacy-policy-2","status":"publish","type":"page","link":"https:\/\/golocalmobileguide.com\/pl\/privacy-policy-2\/","title":{"rendered":"Polityka prywatno\u015bci"},"content":{"rendered":"<div data-elementor-type=\"wp-page\" data-elementor-id=\"21900\" class=\"elementor elementor-21900\" data-elementor-post-type=\"page\">\n\t\t\t\t\t\t<section class=\"elementor-section elementor-top-section elementor-element elementor-element-8d56770 elementor-section-boxed elementor-section-height-default elementor-section-height-default\" data-id=\"8d56770\" data-element_type=\"section\" data-settings=\"{&quot;jet_parallax_layout_list&quot;:[{&quot;jet_parallax_layout_image&quot;:{&quot;url&quot;:&quot;&quot;,&quot;id&quot;:&quot;&quot;,&quot;size&quot;:&quot;&quot;},&quot;_id&quot;:&quot;d55bf8f&quot;,&quot;jet_parallax_layout_image_tablet&quot;:{&quot;url&quot;:&quot;&quot;,&quot;id&quot;:&quot;&quot;,&quot;size&quot;:&quot;&quot;},&quot;jet_parallax_layout_image_mobile&quot;:{&quot;url&quot;:&quot;&quot;,&quot;id&quot;:&quot;&quot;,&quot;size&quot;:&quot;&quot;},&quot;jet_parallax_layout_speed&quot;:{&quot;unit&quot;:&quot;%&quot;,&quot;size&quot;:50,&quot;sizes&quot;:[]},&quot;jet_parallax_layout_type&quot;:&quot;scroll&quot;,&quot;jet_parallax_layout_direction&quot;:&quot;1&quot;,&quot;jet_parallax_layout_fx_direction&quot;:null,&quot;jet_parallax_layout_z_index&quot;:&quot;&quot;,&quot;jet_parallax_layout_bg_x&quot;:50,&quot;jet_parallax_layout_bg_x_tablet&quot;:&quot;&quot;,&quot;jet_parallax_layout_bg_x_mobile&quot;:&quot;&quot;,&quot;jet_parallax_layout_bg_y&quot;:50,&quot;jet_parallax_layout_bg_y_tablet&quot;:&quot;&quot;,&quot;jet_parallax_layout_bg_y_mobile&quot;:&quot;&quot;,&quot;jet_parallax_layout_bg_size&quot;:&quot;auto&quot;,&quot;jet_parallax_layout_bg_size_tablet&quot;:&quot;&quot;,&quot;jet_parallax_layout_bg_size_mobile&quot;:&quot;&quot;,&quot;jet_parallax_layout_animation_prop&quot;:&quot;transform&quot;,&quot;jet_parallax_layout_on&quot;:[&quot;desktop&quot;,&quot;tablet&quot;]}],&quot;background_background&quot;:&quot;classic&quot;}\">\n\t\t\t\t\t\t<div class=\"elementor-container elementor-column-gap-default\">\n\t\t\t\t\t<div class=\"elementor-column elementor-col-100 elementor-top-column elementor-element elementor-element-df93461\" data-id=\"df93461\" data-element_type=\"column\">\n\t\t\t<div class=\"elementor-widget-wrap elementor-element-populated\">\n\t\t\t\t\t\t<div class=\"elementor-element elementor-element-2384ccb elementor-widget elementor-widget-heading\" data-id=\"2384ccb\" data-element_type=\"widget\" data-widget_type=\"heading.default\">\n\t\t\t\t<div class=\"elementor-widget-container\">\n\t\t\t\t\t<h2 class=\"elementor-heading-title elementor-size-default\">Polityka prywatno\u015bci firmy Go Local Inc<\/h2>\t\t\t\t<\/div>\n\t\t\t\t<\/div>\n\t\t\t\t\t<\/div>\n\t\t<\/div>\n\t\t\t\t\t<\/div>\n\t\t<\/section>\n\t\t\t\t<section class=\"elementor-section elementor-top-section elementor-element elementor-element-252cd51 elementor-section-boxed elementor-section-height-default elementor-section-height-default\" data-id=\"252cd51\" data-element_type=\"section\" data-settings=\"{&quot;jet_parallax_layout_list&quot;:[{&quot;jet_parallax_layout_image&quot;:{&quot;url&quot;:&quot;&quot;,&quot;id&quot;:&quot;&quot;,&quot;size&quot;:&quot;&quot;},&quot;_id&quot;:&quot;fe7630d&quot;,&quot;jet_parallax_layout_image_tablet&quot;:{&quot;url&quot;:&quot;&quot;,&quot;id&quot;:&quot;&quot;,&quot;size&quot;:&quot;&quot;},&quot;jet_parallax_layout_image_mobile&quot;:{&quot;url&quot;:&quot;&quot;,&quot;id&quot;:&quot;&quot;,&quot;size&quot;:&quot;&quot;},&quot;jet_parallax_layout_speed&quot;:{&quot;unit&quot;:&quot;%&quot;,&quot;size&quot;:50,&quot;sizes&quot;:[]},&quot;jet_parallax_layout_type&quot;:&quot;scroll&quot;,&quot;jet_parallax_layout_direction&quot;:&quot;1&quot;,&quot;jet_parallax_layout_fx_direction&quot;:null,&quot;jet_parallax_layout_z_index&quot;:&quot;&quot;,&quot;jet_parallax_layout_bg_x&quot;:50,&quot;jet_parallax_layout_bg_x_tablet&quot;:&quot;&quot;,&quot;jet_parallax_layout_bg_x_mobile&quot;:&quot;&quot;,&quot;jet_parallax_layout_bg_y&quot;:50,&quot;jet_parallax_layout_bg_y_tablet&quot;:&quot;&quot;,&quot;jet_parallax_layout_bg_y_mobile&quot;:&quot;&quot;,&quot;jet_parallax_layout_bg_size&quot;:&quot;auto&quot;,&quot;jet_parallax_layout_bg_size_tablet&quot;:&quot;&quot;,&quot;jet_parallax_layout_bg_size_mobile&quot;:&quot;&quot;,&quot;jet_parallax_layout_animation_prop&quot;:&quot;transform&quot;,&quot;jet_parallax_layout_on&quot;:[&quot;desktop&quot;,&quot;tablet&quot;]}]}\">\n\t\t\t\t\t\t<div class=\"elementor-container elementor-column-gap-default\">\n\t\t\t\t\t<div class=\"elementor-column elementor-col-100 elementor-top-column elementor-element elementor-element-9098bfc\" data-id=\"9098bfc\" data-element_type=\"column\">\n\t\t\t<div class=\"elementor-widget-wrap elementor-element-populated\">\n\t\t\t\t\t\t<div class=\"elementor-element elementor-element-c4b6ed7 elementor-widget elementor-widget-text-editor\" data-id=\"c4b6ed7\" data-element_type=\"widget\" data-widget_type=\"text-editor.default\">\n\t\t\t\t<div class=\"elementor-widget-container\">\n\t\t\t\t\t\t\t\t\t<h2>Polityka prywatno\u015bci<\/h2>\n<p>Go Local Inc. zobowi\u0105zuje si\u0119 do ochrony prywatno\u015bci swoich klient\u00f3w i zobowi\u0105zujemy si\u0119 do ochrony bezpiecze\u0144stwa i prywatno\u015bci Twoich danych osobowych. Przegl\u0105daj\u0105c t\u0119 witryn\u0119 (https:\/\/golocalmobileguide.com), aplikacje mobilne Go Local Inc., programy lojalno\u015bciowe Go Local Inc. lub media spo\u0142eczno\u015bciowe Go Local Inc. (\u0142\u0105cznie zwane \u201eProgramem marketingu cyfrowego\u201d), akceptujesz nasze informacje gromadzenie, wykorzystywanie, przechowywanie i ujawnianie danych (\u0142\u0105cznie \u201ePraktyki w zakresie prywatno\u015bci\u201d) oraz wyra\u017cenie zgody na warunki niniejszej Polityki prywatno\u015bci. Na potrzeby niniejszej Polityki prywatno\u015bci \u201eGo Local Inc.\u201d, \u201emy\u201d, \u201enasz\u201d lub \u201enas\u201d odnosi si\u0119 do Go Local Inc., korporacji z Florydy i obejmuje wszystkich naszych Podmioty stowarzyszone (zgodnie z definicj\u0105 poni\u017cej).<\/p>\n<p>Niniejsz\u0105 Polityk\u0119 prywatno\u015bci nale\u017cy czyta\u0107 \u0142\u0105cznie z Warunkami u\u017cytkowania firmy Go Local Inc.<\/p>\n<h3><strong>Rodzaje informacji<\/strong><\/h3>\n<p>Nie masz obowi\u0105zku przekazywania danych osobowych firmie Go Local Inc. Korzystanie z Programu Marketingu Cyfrowego, kupowanie\/konsumpcja w naszych sklepach oraz udzia\u0142 w r\u00f3\u017cnych inicjatywach Go Local Inc. (w tym mi\u0119dzy innymi programy nagradzania klient\u00f3w, promocje, ankiety, ankiety i loterie) mog\u0105 jednak wymaga\u0107 ujawnienia danych osobowych. Rodzaje informacji, kt\u00f3re mo\u017cesz przekaza\u0107 Go Local Inc. obejmuj\u0105: (i) dane osobowe (\u201ePII\u201d) oraz (ii) inne informacje niemo\u017cliwe do zidentyfikowania (\u201eNie-PII\u201d oraz razem z \u201ePII\u201d, \u201eInformacje o kliencie\u201d) . Dane osobowe to informacje, kt\u00f3re mo\u017cna rozs\u0105dnie wykorzysta\u0107 do identyfikacji u\u017cytkownika, w tym mi\u0119dzy innymi imi\u0119 i nazwisko, adres, adresy e-mail, numery telefon\u00f3w, data urodzenia, informacje finansowe (w tym informacje o kartach kredytowych i debetowych), informacje o gospodarstwie domowym, informacje demograficzne i zdj\u0119cie. Non-PII to informacje, kt\u00f3re nie identyfikuj\u0105 u\u017cytkownika i mog\u0105 obejmowa\u0107 informacje statystyczne dotycz\u0105ce korzystania z programu marketingu cyfrowego.<\/p>\n<h3>Wykorzystanie informacji<\/h3>\n<p>Firma Go Local Inc. mo\u017ce wykorzystywa\u0107 Informacje o kliencie lub dowoln\u0105 ich cz\u0119\u015b\u0107 w celu: (i) realizacji zakup\u00f3w, zam\u00f3wie\u0144, zwrot\u00f3w i wymian oraz zarz\u0105dzania nimi; (ii) wysy\u0142a\u0107 do Ciebie komunikaty promocyjne i marketingowe dotycz\u0105ce Go Local Inc. oraz jej produkt\u00f3w i us\u0142ug; (iii) udost\u0119pnianie danych naszym podmiotom stowarzyszonym i partnerom biznesowym; (iv) wysy\u0142a\u0107 kupony, kupony mobilne, biuletyny, e-maile i wiadomo\u015bci mobilne; (v) prowadzenia bada\u0144 i analiz; (vi) organizowa\u0107 konkursy i loterie; (vii) tworzenia spersonalizowanych tre\u015bci, ofert, us\u0142ug i reklam; (viii) zapobieganie oszuka\u0144czym transakcjom i kradzie\u017com; oraz (ix) post\u0119powa\u0107 zgodnie z obowi\u0105zuj\u0105cym prawem, \u017c\u0105daniem rz\u0105du, nakazem s\u0105dowym lub w inny spos\u00f3b chroni\u0107 prawa, w\u0142asno\u015b\u0107 lub bezpiecze\u0144stwo Go Local Inc. lub innych os\u00f3b. Firma Go Local Inc. mo\u017ce wykorzystywa\u0107 osoby nieb\u0119d\u0105ce danymi umo\u017cliwiaj\u0105cymi identyfikacj\u0119 do analizowania trend\u00f3w i \u015bledzenia nawigacji w ramach programu marketingu cyfrowego.<\/p>\n<h3>Ciasteczka<\/h3>\n<p>Mo\u017cemy u\u017cywa\u0107 plik\u00f3w cookie (ma\u0142y, unikalny plik tekstowy identyfikatora), sygna\u0142\u00f3w nawigacyjnych (ma\u0142a grafika) i innych technologii do otrzymywania i przechowywania okre\u015blonych rodzaj\u00f3w informacji za ka\u017cdym razem, gdy wchodzisz w interakcj\u0119 z Programem Marketingu Cyfrowego za po\u015brednictwem komputera lub urz\u0105dzenia z dost\u0119pem do Internetu . Celem tej technologii jest identyfikacja u\u017cytkownika podczas odwiedzania programu marketingu cyfrowego, aby\u015bmy mogli udoskonali\u0107 i dostosowa\u0107 korzystanie z Internetu. Mo\u017cesz ustawi\u0107 swoj\u0105 przegl\u0105dark\u0119 tak, aby nie akceptowa\u0142a plik\u00f3w cookie. Mo\u017cesz tak\u017ce r\u0119cznie usun\u0105\u0107 pliki cookies ze swojego komputera. Aby uzyska\u0107 wi\u0119cej informacji na temat sposobu wy\u0142\u0105czenia plik\u00f3w cookie, nale\u017cy skonsultowa\u0107 si\u0119 z dostawc\u0105 us\u0142ug przegl\u0105darki. Je\u015bli jednak wy\u0142\u0105czysz pliki cookie, cz\u0119\u015bci programu marketingu cyfrowego mog\u0105 nie dzia\u0142a\u0107 prawid\u0142owo.<\/p>\n<p>Mo\u017cemy gromadzi\u0107 pewne informacje techniczne z Twojego komputera lub urz\u0105dzenia z dost\u0119pem do Internetu, kiedy odwiedzasz nasze strony internetowe i inne obszary w ramach naszego Programu Marketingu Cyfrowego, w tym mi\u0119dzy innymi Tw\u00f3j adres protoko\u0142u internetowego (IP), system operacyjny komputera, typ przegl\u0105darki i jakikolwiek odsy\u0142aj\u0105cy adres strony internetowej. U\u017cywamy tych informacji, aby poprawi\u0107 Twoje wra\u017cenia podczas odwiedzania naszych stron internetowych i innych obszar\u00f3w w ramach naszego programu marketingu cyfrowego oraz do cel\u00f3w administrowania systemem, bezpiecze\u0144stwa i rozwi\u0105zywania problem\u00f3w.<\/p>\n<p>Mo\u017cemy korzysta\u0107 z oprogramowania stron trzecich w celu dostarczania reklam w Programie Marketingu Cyfrowego, wdra\u017cania e-mailowych kampanii marketingowych i zarz\u0105dzania innymi interaktywnymi inicjatywami marketingowymi.<\/p>\n<h3>Media spo\u0142eczno\u015bciowe<\/h3>\n<p>Program marketingu cyfrowego mo\u017ce obejmowa\u0107 funkcje i wid\u017cety medi\u00f3w spo\u0142eczno\u015bciowych, w tym Facebook, Pinterest, Instagram, Twitter i inne sieci spo\u0142eczno\u015bciowe. Funkcje i wid\u017cety medi\u00f3w spo\u0142eczno\u015bciowych podlegaj\u0105 ich w\u0142asnym zasadom ochrony prywatno\u015bci. Zach\u0119camy do zapoznania si\u0119 z polityk\u0105 prywatno\u015bci ka\u017cdej firmy zajmuj\u0105cej si\u0119 mediami spo\u0142eczno\u015bciowymi przed skorzystaniem z funkcji lub wid\u017cet\u00f3w.<\/p>\n<h3>Aplikacje mobilne<\/h3>\n<p>Aplikacje mobilne mog\u0105 zbiera\u0107 od Ciebie pewne informacje automatycznie, w tym mi\u0119dzy innymi rodzaj urz\u0105dzenia mobilnego, adres protoko\u0142u internetowego (IP) Twojego urz\u0105dzenia mobilnego, Tw\u00f3j mobilny system operacyjny oraz lokalizacj\u0119 Twojego urz\u0105dzenia mobilnego (pod warunkiem, \u017ce podasz zezwolenie na stosowanie us\u0142ug lokalizacyjnych). Mo\u017cesz zatrzyma\u0107 gromadzenie informacji za po\u015brednictwem swojego urz\u0105dzenia mobilnego, odinstalowuj\u0105c aplikacje mobilne (lub, aby zaprzesta\u0107 tylko informacji o lokalizacji, mo\u017cesz dostosowa\u0107 ustawienia uprawnie\u0144 na swoim urz\u0105dzeniu mobilnym.<\/p>\n<h3>Prywatno\u015b\u0107 dzieci<\/h3>\n<p>Aby zachowa\u0107 zgodno\u015b\u0107 z ustaw\u0105 o ochronie prywatno\u015bci dzieci w Internecie, prosimy, aby dzieci w wieku poni\u017cej trzynastu (13) lat nie podawa\u0142y \u017cadnych danych osobowych w ramach programu marketingu cyfrowego. Je\u015bli jeste\u015b rodzicem lub opiekunem dziecka w wieku poni\u017cej trzynastu (13) lat i uwa\u017casz, \u017ce Twoje dziecko dostarczy\u0142o firmie Go Local Inc. dane osobowe, skontaktuj si\u0119 z nami pod adresem privacypolicy@greatlocations.com<\/p>\n<h3>Kamery sklepowe<\/h3>\n<p>Mo\u017cemy u\u017cywa\u0107 kamer sklepowych do cel\u00f3w bezpiecze\u0144stwa i operacyjnych.<\/p>\n<h3>Spinki do mankiet\u00f3w<\/h3>\n<p>Program marketingu cyfrowego mo\u017ce zawiera\u0107 linki do innych stron internetowych, nad kt\u00f3rymi nie mamy kontroli. Nie ponosimy odpowiedzialno\u015bci za praktyki w zakresie prywatno\u015bci \u017cadnej witryny, do kt\u00f3rej prowadz\u0105 \u0142\u0105cza. Wszelkie Informacje o kliencie, kt\u00f3re podajesz podczas uzyskiwania dost\u0119pu do strony internetowej osoby trzeciej, podlegaj\u0105 polityce prywatno\u015bci tej strony trzeciej. Nie kontrolujemy wykorzystania Informacji o kliencie przekazywanych stronom trzecim i nie ponosimy \u017cadnej odpowiedzialno\u015bci za udost\u0119pnianie im informacji.<\/p>\n<h3>Rezygnacja<\/h3>\n<p>Je\u015bli nie chcesz otrzymywa\u0107 \u017cadnych promocyjnych wiadomo\u015bci e-mail, promocyjnych telefon\u00f3w ani promocyjnych wiadomo\u015bci e-mail, skontaktuj si\u0119 z nami pod adresem privacypolicy@greatlocations.com<\/p>\n<h3>Ochrona danych<\/h3>\n<p>Utrzymujemy \u015bcis\u0142e protoko\u0142y bezpiecze\u0144stwa, w tym zabezpieczenia fizyczne, elektroniczne i proceduralne, aby chroni\u0107 Informacje o klientach. Protoko\u0142y te obejmuj\u0105 zgodno\u015b\u0107 z prawem i regulacjami federalnymi oraz stosowanie szyfrowania Secure Socket Layer (SSL) w celu zapobiegania utracie, niew\u0142a\u015bciwemu u\u017cyciu, nieautoryzowanemu dost\u0119powi lub ujawnieniu danych osobowych. Chocia\u017c staramy si\u0119 zachowa\u0107 bezpiecze\u0144stwo danych, nie gwarantujemy ani nie gwarantujemy ich bezpiecze\u0144stwa.<\/p>\n<h3>Aktualizacje Polityki prywatno\u015bci<\/h3>\n<p>Od czasu do czasu mo\u017cemy modyfikowa\u0107 niniejsz\u0105 Polityk\u0119 prywatno\u015bci, aby odzwierciedli\u0107 inicjatywy bran\u017cowe lub zmiany w prawie, technologii, praktykach dotycz\u0105cych prywatno\u015bci Go Local Inc. lub funkcjach programu marketingu cyfrowego. Wszystkie modyfikacje i aktualizacje wchodz\u0105 w \u017cycie z chwil\u0105 ich opublikowania. Dalsze korzystanie z programu marketingu cyfrowego po opublikowaniu przez nas zaktualizowanej Polityki prywatno\u015bci oznacza akceptacj\u0119 nowej Polityki prywatno\u015bci. Powiniene\u015b regularnie przegl\u0105da\u0107 niniejsz\u0105 Polityk\u0119 prywatno\u015bci, aby upewni\u0107 si\u0119, \u017ce jeste\u015b \u015bwiadomy wszelkich zmian.<\/p>\n<h3>Skontaktuj si\u0119 z nami<\/h3>\n<p>Je\u015bli chcesz skontaktowa\u0107 si\u0119 z Go Local Inc. w sprawie niniejszej Polityki prywatno\u015bci, skontaktuj si\u0119 z nami pod adresem privacypolicy@greatlocations.com<\/p>\n<p><b>Copyright \u00a9 Go Local Inc. Wszelkie prawa zastrze\u017cone.<\/b><\/p>\t\t\t\t\t\t\t\t<\/div>\n\t\t\t\t<\/div>\n\t\t\t\t\t<\/div>\n\t\t<\/div>\n\t\t\t\t\t<\/div>\n\t\t<\/section>\n\t\t\t\t<\/div>","protected":false},"excerpt":{"rendered":"<p>Go Local Inc&nbsp;Privacy Policy Privacy Policy Go Local Inc. is committed to protecting the privacy of its customers, and we pledge to protect the security and privacy of your personal information. By viewing this website (https:\/\/golocalmobileguide.com), Go Local Inc. &nbsp;mobile applications, Go Local Inc. &nbsp;loyalty programs, or Go Local Inc. &nbsp;social media (collectively, the \u201cDigital [&hellip;]<\/p>","protected":false},"author":6,"featured_media":0,"parent":0,"menu_order":0,"comment_status":"closed","ping_status":"closed","template":"","meta":{"footnotes":""},"class_list":["post-21900","page","type-page","status-publish","hentry"],"yoast_head":"<!-- This site is optimized with the Yoast SEO plugin v26.8 - https:\/\/yoast.com\/product\/yoast-seo-wordpress\/ -->\n<title>Privacy Policy - Go Local<\/title>\n<meta name=\"robots\" content=\"index, follow, max-snippet:-1, max-image-preview:large, max-video-preview:-1\" \/>\n<link rel=\"canonical\" href=\"https:\/\/golocalmobileguide.com\/pl\/privacy-policy-2\/\" \/>\n<meta property=\"og:locale\" content=\"pl_PL\" \/>\n<meta property=\"og:type\" content=\"article\" \/>\n<meta property=\"og:title\" content=\"Privacy Policy - Go Local\" \/>\n<meta property=\"og:description\" content=\"Go Local Inc&nbsp;Privacy Policy Privacy Policy Go Local Inc. is committed to protecting the privacy of its customers, and we pledge to protect the security and privacy of your personal information. By viewing this website (https:\/\/golocalmobileguide.com), Go Local Inc. &nbsp;mobile applications, Go Local Inc. &nbsp;loyalty programs, or Go Local Inc. &nbsp;social media (collectively, the \u201cDigital [&hellip;]\" \/>\n<meta property=\"og:url\" content=\"https:\/\/golocalmobileguide.com\/pl\/privacy-policy-2\/\" \/>\n<meta property=\"og:site_name\" content=\"Go Local\" \/>\n<meta property=\"article:publisher\" content=\"https:\/\/www.facebook.com\/profile.php?id=100088263084418\" \/>\n<meta property=\"article:modified_time\" content=\"2022-04-05T21:03:22+00:00\" \/>\n<meta property=\"og:image\" content=\"https:\/\/golocalmobileguide.com\/wp-content\/uploads\/2021\/11\/GL_Logo_blue.png\" \/>\n\t<meta property=\"og:image:width\" content=\"551\" \/>\n\t<meta property=\"og:image:height\" content=\"95\" \/>\n\t<meta property=\"og:image:type\" content=\"image\/png\" \/>\n<meta name=\"twitter:card\" content=\"summary_large_image\" \/>\n<meta name=\"twitter:label1\" content=\"Szacowany czas czytania\" \/>\n\t<meta name=\"twitter:data1\" content=\"6 minut\" \/>\n<script type=\"application\/ld+json\" class=\"yoast-schema-graph\">{\"@context\":\"https:\/\/schema.org\",\"@graph\":[{\"@type\":\"WebPage\",\"@id\":\"https:\/\/golocalmobileguide.com\/pt_br\/privacy-policy-2\/\",\"url\":\"https:\/\/golocalmobileguide.com\/pt_br\/privacy-policy-2\/\",\"name\":\"Privacy Policy - Go Local\",\"isPartOf\":{\"@id\":\"https:\/\/golocalmobileguide.com\/#website\"},\"datePublished\":\"2022-04-05T20:58:34+00:00\",\"dateModified\":\"2022-04-05T21:03:22+00:00\",\"breadcrumb\":{\"@id\":\"https:\/\/golocalmobileguide.com\/pt_br\/privacy-policy-2\/#breadcrumb\"},\"inLanguage\":\"pl-PL\",\"potentialAction\":[{\"@type\":\"ReadAction\",\"target\":[\"https:\/\/golocalmobileguide.com\/pt_br\/privacy-policy-2\/\"]}]},{\"@type\":\"BreadcrumbList\",\"@id\":\"https:\/\/golocalmobileguide.com\/pt_br\/privacy-policy-2\/#breadcrumb\",\"itemListElement\":[{\"@type\":\"ListItem\",\"position\":1,\"name\":\"Home\",\"item\":\"https:\/\/golocalmobileguide.com\/\"},{\"@type\":\"ListItem\",\"position\":2,\"name\":\"Privacy Policy\"}]},{\"@type\":\"WebSite\",\"@id\":\"https:\/\/golocalmobileguide.com\/#website\",\"url\":\"https:\/\/golocalmobileguide.com\/\",\"name\":\"Go Local\",\"description\":\"Local Area Mobile Guide\",\"publisher\":{\"@id\":\"https:\/\/golocalmobileguide.com\/#organization\"},\"potentialAction\":[{\"@type\":\"SearchAction\",\"target\":{\"@type\":\"EntryPoint\",\"urlTemplate\":\"https:\/\/golocalmobileguide.com\/?s={search_term_string}\"},\"query-input\":{\"@type\":\"PropertyValueSpecification\",\"valueRequired\":true,\"valueName\":\"search_term_string\"}}],\"inLanguage\":\"pl-PL\"},{\"@type\":\"Organization\",\"@id\":\"https:\/\/golocalmobileguide.com\/#organization\",\"name\":\"Go Local Mobile Area Guide\",\"url\":\"https:\/\/golocalmobileguide.com\/\",\"logo\":{\"@type\":\"ImageObject\",\"inLanguage\":\"pl-PL\",\"@id\":\"https:\/\/golocalmobileguide.com\/#\/schema\/logo\/image\/\",\"url\":\"https:\/\/golocalmobileguide.com\/wp-content\/uploads\/2021\/11\/GL_Logo_blue.png\",\"contentUrl\":\"https:\/\/golocalmobileguide.com\/wp-content\/uploads\/2021\/11\/GL_Logo_blue.png\",\"width\":551,\"height\":95,\"caption\":\"Go Local Mobile Area Guide\"},\"image\":{\"@id\":\"https:\/\/golocalmobileguide.com\/#\/schema\/logo\/image\/\"},\"sameAs\":[\"https:\/\/www.facebook.com\/profile.php?id=100088263084418\"]}]}<\/script>\n<!-- \/ Yoast SEO plugin. -->","yoast_head_json":{"title":"Privacy Policy - Go Local","robots":{"index":"index","follow":"follow","max-snippet":"max-snippet:-1","max-image-preview":"max-image-preview:large","max-video-preview":"max-video-preview:-1"},"canonical":"https:\/\/golocalmobileguide.com\/pl\/privacy-policy-2\/","og_locale":"pl_PL","og_type":"article","og_title":"Privacy Policy - Go Local","og_description":"Go Local Inc&nbsp;Privacy Policy Privacy Policy Go Local Inc. is committed to protecting the privacy of its customers, and we pledge to protect the security and privacy of your personal information. By viewing this website (https:\/\/golocalmobileguide.com), Go Local Inc. &nbsp;mobile applications, Go Local Inc. &nbsp;loyalty programs, or Go Local Inc. &nbsp;social media (collectively, the \u201cDigital [&hellip;]","og_url":"https:\/\/golocalmobileguide.com\/pl\/privacy-policy-2\/","og_site_name":"Go Local","article_publisher":"https:\/\/www.facebook.com\/profile.php?id=100088263084418","article_modified_time":"2022-04-05T21:03:22+00:00","og_image":[{"width":551,"height":95,"url":"https:\/\/golocalmobileguide.com\/wp-content\/uploads\/2021\/11\/GL_Logo_blue.png","type":"image\/png"}],"twitter_card":"summary_large_image","twitter_misc":{"Szacowany czas czytania":"6 minut"},"schema":{"@context":"https:\/\/schema.org","@graph":[{"@type":"WebPage","@id":"https:\/\/golocalmobileguide.com\/pt_br\/privacy-policy-2\/","url":"https:\/\/golocalmobileguide.com\/pt_br\/privacy-policy-2\/","name":"Privacy Policy - Go Local","isPartOf":{"@id":"https:\/\/golocalmobileguide.com\/#website"},"datePublished":"2022-04-05T20:58:34+00:00","dateModified":"2022-04-05T21:03:22+00:00","breadcrumb":{"@id":"https:\/\/golocalmobileguide.com\/pt_br\/privacy-policy-2\/#breadcrumb"},"inLanguage":"pl-PL","potentialAction":[{"@type":"ReadAction","target":["https:\/\/golocalmobileguide.com\/pt_br\/privacy-policy-2\/"]}]},{"@type":"BreadcrumbList","@id":"https:\/\/golocalmobileguide.com\/pt_br\/privacy-policy-2\/#breadcrumb","itemListElement":[{"@type":"ListItem","position":1,"name":"Home","item":"https:\/\/golocalmobileguide.com\/"},{"@type":"ListItem","position":2,"name":"Privacy Policy"}]},{"@type":"WebSite","@id":"https:\/\/golocalmobileguide.com\/#website","url":"https:\/\/golocalmobileguide.com\/","name":"\u015awietne lokalizacje","description":"Lokalny przewodnik mobilny","publisher":{"@id":"https:\/\/golocalmobileguide.com\/#organization"},"potentialAction":[{"@type":"SearchAction","target":{"@type":"EntryPoint","urlTemplate":"https:\/\/golocalmobileguide.com\/?s={search_term_string}"},"query-input":{"@type":"PropertyValueSpecification","valueRequired":true,"valueName":"search_term_string"}}],"inLanguage":"pl-PL"},{"@type":"Organization","@id":"https:\/\/golocalmobileguide.com\/#organization","name":"Przewodnik po \u015bwietnych lokalizacjach mobilnych","url":"https:\/\/golocalmobileguide.com\/","logo":{"@type":"ImageObject","inLanguage":"pl-PL","@id":"https:\/\/golocalmobileguide.com\/#\/schema\/logo\/image\/","url":"https:\/\/golocalmobileguide.com\/wp-content\/uploads\/2021\/11\/GL_Logo_blue.png","contentUrl":"https:\/\/golocalmobileguide.com\/wp-content\/uploads\/2021\/11\/GL_Logo_blue.png","width":551,"height":95,"caption":"Go Local Mobile Area Guide"},"image":{"@id":"https:\/\/golocalmobileguide.com\/#\/schema\/logo\/image\/"},"sameAs":["https:\/\/www.facebook.com\/profile.php?id=100088263084418"]}]}},"_links":{"self":[{"href":"https:\/\/golocalmobileguide.com\/pl\/wp-json\/wp\/v2\/pages\/21900","targetHints":{"allow":["GET"]}}],"collection":[{"href":"https:\/\/golocalmobileguide.com\/pl\/wp-json\/wp\/v2\/pages"}],"about":[{"href":"https:\/\/golocalmobileguide.com\/pl\/wp-json\/wp\/v2\/types\/page"}],"author":[{"embeddable":true,"href":"https:\/\/golocalmobileguide.com\/pl\/wp-json\/wp\/v2\/users\/6"}],"replies":[{"embeddable":true,"href":"https:\/\/golocalmobileguide.com\/pl\/wp-json\/wp\/v2\/comments?post=21900"}],"version-history":[{"count":0,"href":"https:\/\/golocalmobileguide.com\/pl\/wp-json\/wp\/v2\/pages\/21900\/revisions"}],"wp:attachment":[{"href":"https:\/\/golocalmobileguide.com\/pl\/wp-json\/wp\/v2\/media?parent=21900"}],"curies":[{"name":"wp","href":"https:\/\/api.w.org\/{rel}","templated":true}]}}