{"id":21893,"date":"2022-04-05T20:41:28","date_gmt":"2022-04-05T20:41:28","guid":{"rendered":"https:\/\/golocalmobileguide.com\/?page_id=21893"},"modified":"2022-04-05T20:44:57","modified_gmt":"2022-04-05T20:44:57","slug":"accessibility-statement","status":"publish","type":"page","link":"https:\/\/golocalmobileguide.com\/pt_br\/accessibility-statement\/","title":{"rendered":"Declara\u00e7\u00e3o de acessibilidade"},"content":{"rendered":"<div data-elementor-type=\"wp-page\" data-elementor-id=\"21893\" class=\"elementor elementor-21893\" data-elementor-post-type=\"page\">\n\t\t\t\t\t\t<section class=\"elementor-section elementor-top-section elementor-element elementor-element-8d56770 elementor-section-boxed elementor-section-height-default elementor-section-height-default\" data-id=\"8d56770\" data-element_type=\"section\" data-settings=\"{&quot;jet_parallax_layout_list&quot;:[{&quot;jet_parallax_layout_image&quot;:{&quot;url&quot;:&quot;&quot;,&quot;id&quot;:&quot;&quot;,&quot;size&quot;:&quot;&quot;},&quot;_id&quot;:&quot;d55bf8f&quot;,&quot;jet_parallax_layout_image_tablet&quot;:{&quot;url&quot;:&quot;&quot;,&quot;id&quot;:&quot;&quot;,&quot;size&quot;:&quot;&quot;},&quot;jet_parallax_layout_image_mobile&quot;:{&quot;url&quot;:&quot;&quot;,&quot;id&quot;:&quot;&quot;,&quot;size&quot;:&quot;&quot;},&quot;jet_parallax_layout_speed&quot;:{&quot;unit&quot;:&quot;%&quot;,&quot;size&quot;:50,&quot;sizes&quot;:[]},&quot;jet_parallax_layout_type&quot;:&quot;scroll&quot;,&quot;jet_parallax_layout_direction&quot;:&quot;1&quot;,&quot;jet_parallax_layout_fx_direction&quot;:null,&quot;jet_parallax_layout_z_index&quot;:&quot;&quot;,&quot;jet_parallax_layout_bg_x&quot;:50,&quot;jet_parallax_layout_bg_x_tablet&quot;:&quot;&quot;,&quot;jet_parallax_layout_bg_x_mobile&quot;:&quot;&quot;,&quot;jet_parallax_layout_bg_y&quot;:50,&quot;jet_parallax_layout_bg_y_tablet&quot;:&quot;&quot;,&quot;jet_parallax_layout_bg_y_mobile&quot;:&quot;&quot;,&quot;jet_parallax_layout_bg_size&quot;:&quot;auto&quot;,&quot;jet_parallax_layout_bg_size_tablet&quot;:&quot;&quot;,&quot;jet_parallax_layout_bg_size_mobile&quot;:&quot;&quot;,&quot;jet_parallax_layout_animation_prop&quot;:&quot;transform&quot;,&quot;jet_parallax_layout_on&quot;:[&quot;desktop&quot;,&quot;tablet&quot;]}],&quot;background_background&quot;:&quot;classic&quot;}\">\n\t\t\t\t\t\t<div class=\"elementor-container elementor-column-gap-default\">\n\t\t\t\t\t<div class=\"elementor-column elementor-col-100 elementor-top-column elementor-element elementor-element-df93461\" data-id=\"df93461\" data-element_type=\"column\">\n\t\t\t<div class=\"elementor-widget-wrap elementor-element-populated\">\n\t\t\t\t\t\t<div class=\"elementor-element elementor-element-2384ccb elementor-widget elementor-widget-heading\" data-id=\"2384ccb\" data-element_type=\"widget\" data-widget_type=\"heading.default\">\n\t\t\t\t<div class=\"elementor-widget-container\">\n\t\t\t\t\t<h2 class=\"elementor-heading-title elementor-size-default\">Declara\u00e7\u00e3o de acessibilidade da Go Local Inc<\/h2>\t\t\t\t<\/div>\n\t\t\t\t<\/div>\n\t\t\t\t\t<\/div>\n\t\t<\/div>\n\t\t\t\t\t<\/div>\n\t\t<\/section>\n\t\t\t\t<section class=\"elementor-section elementor-top-section elementor-element elementor-element-252cd51 elementor-section-boxed elementor-section-height-default elementor-section-height-default\" data-id=\"252cd51\" data-element_type=\"section\" data-settings=\"{&quot;jet_parallax_layout_list&quot;:[{&quot;jet_parallax_layout_image&quot;:{&quot;url&quot;:&quot;&quot;,&quot;id&quot;:&quot;&quot;,&quot;size&quot;:&quot;&quot;},&quot;_id&quot;:&quot;fe7630d&quot;,&quot;jet_parallax_layout_image_tablet&quot;:{&quot;url&quot;:&quot;&quot;,&quot;id&quot;:&quot;&quot;,&quot;size&quot;:&quot;&quot;},&quot;jet_parallax_layout_image_mobile&quot;:{&quot;url&quot;:&quot;&quot;,&quot;id&quot;:&quot;&quot;,&quot;size&quot;:&quot;&quot;},&quot;jet_parallax_layout_speed&quot;:{&quot;unit&quot;:&quot;%&quot;,&quot;size&quot;:50,&quot;sizes&quot;:[]},&quot;jet_parallax_layout_type&quot;:&quot;scroll&quot;,&quot;jet_parallax_layout_direction&quot;:&quot;1&quot;,&quot;jet_parallax_layout_fx_direction&quot;:null,&quot;jet_parallax_layout_z_index&quot;:&quot;&quot;,&quot;jet_parallax_layout_bg_x&quot;:50,&quot;jet_parallax_layout_bg_x_tablet&quot;:&quot;&quot;,&quot;jet_parallax_layout_bg_x_mobile&quot;:&quot;&quot;,&quot;jet_parallax_layout_bg_y&quot;:50,&quot;jet_parallax_layout_bg_y_tablet&quot;:&quot;&quot;,&quot;jet_parallax_layout_bg_y_mobile&quot;:&quot;&quot;,&quot;jet_parallax_layout_bg_size&quot;:&quot;auto&quot;,&quot;jet_parallax_layout_bg_size_tablet&quot;:&quot;&quot;,&quot;jet_parallax_layout_bg_size_mobile&quot;:&quot;&quot;,&quot;jet_parallax_layout_animation_prop&quot;:&quot;transform&quot;,&quot;jet_parallax_layout_on&quot;:[&quot;desktop&quot;,&quot;tablet&quot;]}]}\">\n\t\t\t\t\t\t<div class=\"elementor-container elementor-column-gap-default\">\n\t\t\t\t\t<div class=\"elementor-column elementor-col-100 elementor-top-column elementor-element elementor-element-9098bfc\" data-id=\"9098bfc\" data-element_type=\"column\">\n\t\t\t<div class=\"elementor-widget-wrap elementor-element-populated\">\n\t\t\t\t\t\t<div class=\"elementor-element elementor-element-c4b6ed7 elementor-widget elementor-widget-text-editor\" data-id=\"c4b6ed7\" data-element_type=\"widget\" data-widget_type=\"text-editor.default\">\n\t\t\t\t<div class=\"elementor-widget-container\">\n\t\t\t\t\t\t\t\t\t<h1><span style=\"color: var( --e-global-color-text ); font-family: var( --e-global-typography-text-font-family ), Sans-serif; font-weight: var( --e-global-typography-text-font-weight ); font-size: 1rem;\">Atualizado: abril de 2022.<\/span><\/h1><h2>Em geral<\/h2><p>A Go Local Inc se esfor\u00e7a para garantir que seus servi\u00e7os sejam acess\u00edveis a pessoas com defici\u00eancia. A Go Local Inc investiu uma quantidade significativa de recursos para ajudar a garantir que seu site seja mais f\u00e1cil de usar e mais acess\u00edvel para pessoas com defici\u00eancia, com a forte convic\u00e7\u00e3o de que os esfor\u00e7os de acessibilidade do site ajudam todos os usu\u00e1rios e que todas as pessoas t\u00eam o direito de conviver com dignidade, igualdade, conforto e independ\u00eancia.<\/p><h2>Acessibilidade em golocalmobileguide.com<\/h2><p>golocalmobileguide.com faz\u00a0<a title=\"Widget de Acessibilidade da Web Gratuito\" href=\"https:\/\/userway.org\">Widget de Acessibilidade da Web do UserWay<\/a>\u00a0dispon\u00edvel que \u00e9 alimentado por um servidor de acessibilidade dedicado. O software permite que golocalmobileguide.com melhore sua conformidade com as Diretrizes de Acessibilidade de Conte\u00fado da Web (WCAG 2.1).<\/p><h2>Ativando o Menu de Acessibilidade<\/h2><p>O menu de acessibilidade do golocalmobileguide.com pode ser ativado clicando no \u00edcone do menu de acessibilidade que aparece no canto da p\u00e1gina. Ap\u00f3s acionar o menu de acessibilidade, aguarde um momento para que o menu de acessibilidade seja carregado por completo.<\/p><h2>Isen\u00e7\u00e3o de responsabilidade<\/h2><p>A Go Local Inc continua seus esfor\u00e7os para melhorar constantemente a acessibilidade de seu site e servi\u00e7os, acreditando que \u00e9 nossa obriga\u00e7\u00e3o moral coletiva permitir o uso cont\u00ednuo, acess\u00edvel e sem impedimentos tamb\u00e9m para n\u00f3s com defici\u00eancia.<\/p><p>Em um esfor\u00e7o cont\u00ednuo para melhorar e remediar continuamente os problemas de acessibilidade, tamb\u00e9m verificamos regularmente golocalmobileguide.com com o UserWay&#039;s <a title=\"Scanner de acessibilidade de site gratuito\" href=\"https:\/\/UserWay.org\/scanner\">Scanner de acessibilidade<\/a> para identificar e corrigir todas as poss\u00edveis barreiras de acessibilidade em nosso site. Apesar de nossos esfor\u00e7os para tornar todas as p\u00e1ginas e conte\u00fado do golocalmobileguide.com totalmente acess\u00edveis, alguns conte\u00fados podem ainda n\u00e3o ter sido totalmente adaptados aos mais r\u00edgidos padr\u00f5es de acessibilidade. Isso pode ser resultado de n\u00e3o ter encontrado ou identificado a solu\u00e7\u00e3o tecnol\u00f3gica mais adequada.<\/p><h2>Aqui para voc\u00ea<\/h2><p>Se voc\u00ea estiver enfrentando dificuldades com qualquer conte\u00fado em golocalmobileguide.com ou precisar de assist\u00eancia com qualquer parte de nosso site, entre em contato conosco durante o hor\u00e1rio comercial normal conforme detalhado abaixo e teremos prazer em ajud\u00e1-lo.<\/p><h2>Contate-nos<\/h2><p>Se voc\u00ea deseja relatar um problema de acessibilidade, tiver alguma d\u00favida ou precisar de assist\u00eancia, entre em contato com o Suporte ao Cliente da Go Local Inc da seguinte maneira:<\/p><p>E-mail:\u00a0<a href=\"mailto:greatlocations@disartmedia.net\">greatlocations@disartmedia.net<\/a><\/p>\t\t\t\t\t\t\t\t<\/div>\n\t\t\t\t<\/div>\n\t\t\t\t\t<\/div>\n\t\t<\/div>\n\t\t\t\t\t<\/div>\n\t\t<\/section>\n\t\t\t\t<\/div>","protected":false},"excerpt":{"rendered":"<p>Declara\u00e7\u00e3o de acessibilidade da Go Local Inc Atualizado: abril de 2022. Geral A Go Local Inc se esfor\u00e7a para garantir que seus servi\u00e7os sejam acess\u00edveis a pessoas com defici\u00eancia. A Go Local Inc investiu uma quantidade significativa de recursos para ajudar a garantir que seu site seja mais f\u00e1cil de usar e mais acess\u00edvel para pessoas com defici\u00eancia, com a forte convic\u00e7\u00e3o de que os esfor\u00e7os de acessibilidade do site ajudam todos os usu\u00e1rios [\u2026]<\/p>","protected":false},"author":6,"featured_media":0,"parent":0,"menu_order":0,"comment_status":"closed","ping_status":"closed","template":"","meta":{"footnotes":""},"class_list":["post-21893","page","type-page","status-publish","hentry"],"yoast_head":"<!-- This site is optimized with the Yoast SEO plugin v26.8 - https:\/\/yoast.com\/product\/yoast-seo-wordpress\/ -->\n<title>Accessibility Statement - Go Local<\/title>\n<meta name=\"robots\" content=\"index, follow, max-snippet:-1, max-image-preview:large, max-video-preview:-1\" \/>\n<link rel=\"canonical\" href=\"https:\/\/golocalmobileguide.com\/pt_br\/accessibility-statement\/\" \/>\n<meta property=\"og:locale\" content=\"pt_BR\" \/>\n<meta property=\"og:type\" content=\"article\" \/>\n<meta property=\"og:title\" content=\"Accessibility Statement - Go Local\" \/>\n<meta property=\"og:description\" content=\"Go Local Inc&nbsp;Accessibility Statement Updated:\u00a0April\u00a02022. General Go Local Inc\u00a0strives to ensure that its services are accessible to people with disabilities.\u00a0Go Local Inc\u00a0has invested a significant amount of resources to help ensure that its website is made easier to use and more accessible for people with disabilities, with the strong belief that\u00a0website accessibility\u00a0efforts assist all users [&hellip;]\" \/>\n<meta property=\"og:url\" content=\"https:\/\/golocalmobileguide.com\/pt_br\/accessibility-statement\/\" \/>\n<meta property=\"og:site_name\" content=\"Go Local\" \/>\n<meta property=\"article:publisher\" content=\"https:\/\/www.facebook.com\/profile.php?id=100088263084418\" \/>\n<meta property=\"article:modified_time\" content=\"2022-04-05T20:44:57+00:00\" \/>\n<meta property=\"og:image\" content=\"https:\/\/golocalmobileguide.com\/wp-content\/uploads\/2021\/11\/GL_Logo_blue.png\" \/>\n\t<meta property=\"og:image:width\" content=\"551\" \/>\n\t<meta property=\"og:image:height\" content=\"95\" \/>\n\t<meta property=\"og:image:type\" content=\"image\/png\" \/>\n<meta name=\"twitter:card\" content=\"summary_large_image\" \/>\n<meta name=\"twitter:label1\" content=\"Est. tempo de leitura\" \/>\n\t<meta name=\"twitter:data1\" content=\"2 minutos\" \/>\n<script type=\"application\/ld+json\" class=\"yoast-schema-graph\">{\"@context\":\"https:\/\/schema.org\",\"@graph\":[{\"@type\":\"WebPage\",\"@id\":\"https:\/\/golocalmobileguide.com\/pt_br\/accessibility-statement\/\",\"url\":\"https:\/\/golocalmobileguide.com\/pt_br\/accessibility-statement\/\",\"name\":\"Accessibility Statement - Go Local\",\"isPartOf\":{\"@id\":\"https:\/\/golocalmobileguide.com\/#website\"},\"datePublished\":\"2022-04-05T20:41:28+00:00\",\"dateModified\":\"2022-04-05T20:44:57+00:00\",\"breadcrumb\":{\"@id\":\"https:\/\/golocalmobileguide.com\/pt_br\/accessibility-statement\/#breadcrumb\"},\"inLanguage\":\"pt-BR\",\"potentialAction\":[{\"@type\":\"ReadAction\",\"target\":[\"https:\/\/golocalmobileguide.com\/pt_br\/accessibility-statement\/\"]}]},{\"@type\":\"BreadcrumbList\",\"@id\":\"https:\/\/golocalmobileguide.com\/pt_br\/accessibility-statement\/#breadcrumb\",\"itemListElement\":[{\"@type\":\"ListItem\",\"position\":1,\"name\":\"Home\",\"item\":\"https:\/\/golocalmobileguide.com\/\"},{\"@type\":\"ListItem\",\"position\":2,\"name\":\"Accessibility Statement\"}]},{\"@type\":\"WebSite\",\"@id\":\"https:\/\/golocalmobileguide.com\/#website\",\"url\":\"https:\/\/golocalmobileguide.com\/\",\"name\":\"Go Local\",\"description\":\"Local Area Mobile Guide\",\"publisher\":{\"@id\":\"https:\/\/golocalmobileguide.com\/#organization\"},\"potentialAction\":[{\"@type\":\"SearchAction\",\"target\":{\"@type\":\"EntryPoint\",\"urlTemplate\":\"https:\/\/golocalmobileguide.com\/?s={search_term_string}\"},\"query-input\":{\"@type\":\"PropertyValueSpecification\",\"valueRequired\":true,\"valueName\":\"search_term_string\"}}],\"inLanguage\":\"pt-BR\"},{\"@type\":\"Organization\",\"@id\":\"https:\/\/golocalmobileguide.com\/#organization\",\"name\":\"Go Local Mobile Area Guide\",\"url\":\"https:\/\/golocalmobileguide.com\/\",\"logo\":{\"@type\":\"ImageObject\",\"inLanguage\":\"pt-BR\",\"@id\":\"https:\/\/golocalmobileguide.com\/#\/schema\/logo\/image\/\",\"url\":\"https:\/\/golocalmobileguide.com\/wp-content\/uploads\/2021\/11\/GL_Logo_blue.png\",\"contentUrl\":\"https:\/\/golocalmobileguide.com\/wp-content\/uploads\/2021\/11\/GL_Logo_blue.png\",\"width\":551,\"height\":95,\"caption\":\"Go Local Mobile Area Guide\"},\"image\":{\"@id\":\"https:\/\/golocalmobileguide.com\/#\/schema\/logo\/image\/\"},\"sameAs\":[\"https:\/\/www.facebook.com\/profile.php?id=100088263084418\"]}]}<\/script>\n<!-- \/ Yoast SEO plugin. -->","yoast_head_json":{"title":"Declara\u00e7\u00e3o de Acessibilidade - \u00d3timas Localiza\u00e7\u00f5es","robots":{"index":"index","follow":"follow","max-snippet":"max-snippet:-1","max-image-preview":"max-image-preview:large","max-video-preview":"max-video-preview:-1"},"canonical":"https:\/\/golocalmobileguide.com\/pt_br\/accessibility-statement\/","og_locale":"pt_BR","og_type":"article","og_title":"Accessibility Statement - Go Local","og_description":"Go Local Inc&nbsp;Accessibility Statement Updated:\u00a0April\u00a02022. General Go Local Inc\u00a0strives to ensure that its services are accessible to people with disabilities.\u00a0Go Local Inc\u00a0has invested a significant amount of resources to help ensure that its website is made easier to use and more accessible for people with disabilities, with the strong belief that\u00a0website accessibility\u00a0efforts assist all users [&hellip;]","og_url":"https:\/\/golocalmobileguide.com\/pt_br\/accessibility-statement\/","og_site_name":"Go Local","article_publisher":"https:\/\/www.facebook.com\/profile.php?id=100088263084418","article_modified_time":"2022-04-05T20:44:57+00:00","og_image":[{"width":551,"height":95,"url":"https:\/\/golocalmobileguide.com\/wp-content\/uploads\/2021\/11\/GL_Logo_blue.png","type":"image\/png"}],"twitter_card":"summary_large_image","twitter_misc":{"Est. tempo de leitura":"2 minutos"},"schema":{"@context":"https:\/\/schema.org","@graph":[{"@type":"WebPage","@id":"https:\/\/golocalmobileguide.com\/pt_br\/accessibility-statement\/","url":"https:\/\/golocalmobileguide.com\/pt_br\/accessibility-statement\/","name":"Declara\u00e7\u00e3o de Acessibilidade - \u00d3timas Localiza\u00e7\u00f5es","isPartOf":{"@id":"https:\/\/golocalmobileguide.com\/#website"},"datePublished":"2022-04-05T20:41:28+00:00","dateModified":"2022-04-05T20:44:57+00:00","breadcrumb":{"@id":"https:\/\/golocalmobileguide.com\/pt_br\/accessibility-statement\/#breadcrumb"},"inLanguage":"pt-BR","potentialAction":[{"@type":"ReadAction","target":["https:\/\/golocalmobileguide.com\/pt_br\/accessibility-statement\/"]}]},{"@type":"BreadcrumbList","@id":"https:\/\/golocalmobileguide.com\/pt_br\/accessibility-statement\/#breadcrumb","itemListElement":[{"@type":"ListItem","position":1,"name":"Home","item":"https:\/\/golocalmobileguide.com\/"},{"@type":"ListItem","position":2,"name":"Accessibility Statement"}]},{"@type":"WebSite","@id":"https:\/\/golocalmobileguide.com\/#website","url":"https:\/\/golocalmobileguide.com\/","name":"\u00d3timos locais","description":"Guia m\u00f3vel de \u00e1rea local","publisher":{"@id":"https:\/\/golocalmobileguide.com\/#organization"},"potentialAction":[{"@type":"SearchAction","target":{"@type":"EntryPoint","urlTemplate":"https:\/\/golocalmobileguide.com\/?s={search_term_string}"},"query-input":{"@type":"PropertyValueSpecification","valueRequired":true,"valueName":"search_term_string"}}],"inLanguage":"pt-BR"},{"@type":"Organization","@id":"https:\/\/golocalmobileguide.com\/#organization","name":"Guia de localiza\u00e7\u00e3o para dispositivos m\u00f3veis da Go Local","url":"https:\/\/golocalmobileguide.com\/","logo":{"@type":"ImageObject","inLanguage":"pt-BR","@id":"https:\/\/golocalmobileguide.com\/#\/schema\/logo\/image\/","url":"https:\/\/golocalmobileguide.com\/wp-content\/uploads\/2021\/11\/GL_Logo_blue.png","contentUrl":"https:\/\/golocalmobileguide.com\/wp-content\/uploads\/2021\/11\/GL_Logo_blue.png","width":551,"height":95,"caption":"Go Local Mobile Area Guide"},"image":{"@id":"https:\/\/golocalmobileguide.com\/#\/schema\/logo\/image\/"},"sameAs":["https:\/\/www.facebook.com\/profile.php?id=100088263084418"]}]}},"_links":{"self":[{"href":"https:\/\/golocalmobileguide.com\/pt_br\/wp-json\/wp\/v2\/pages\/21893","targetHints":{"allow":["GET"]}}],"collection":[{"href":"https:\/\/golocalmobileguide.com\/pt_br\/wp-json\/wp\/v2\/pages"}],"about":[{"href":"https:\/\/golocalmobileguide.com\/pt_br\/wp-json\/wp\/v2\/types\/page"}],"author":[{"embeddable":true,"href":"https:\/\/golocalmobileguide.com\/pt_br\/wp-json\/wp\/v2\/users\/6"}],"replies":[{"embeddable":true,"href":"https:\/\/golocalmobileguide.com\/pt_br\/wp-json\/wp\/v2\/comments?post=21893"}],"version-history":[{"count":0,"href":"https:\/\/golocalmobileguide.com\/pt_br\/wp-json\/wp\/v2\/pages\/21893\/revisions"}],"wp:attachment":[{"href":"https:\/\/golocalmobileguide.com\/pt_br\/wp-json\/wp\/v2\/media?parent=21893"}],"curies":[{"name":"wp","href":"https:\/\/api.w.org\/{rel}","templated":true}]}}