{"id":21900,"date":"2022-04-05T20:58:34","date_gmt":"2022-04-05T20:58:34","guid":{"rendered":"https:\/\/golocalmobileguide.com\/?page_id=21900"},"modified":"2022-04-05T21:03:22","modified_gmt":"2022-04-05T21:03:22","slug":"privacy-policy-2","status":"publish","type":"page","link":"https:\/\/golocalmobileguide.com\/pt_br\/privacy-policy-2\/","title":{"rendered":"Pol\u00edtica de Privacidade"},"content":{"rendered":"<div data-elementor-type=\"wp-page\" data-elementor-id=\"21900\" class=\"elementor elementor-21900\" data-elementor-post-type=\"page\">\n\t\t\t\t\t\t<section class=\"elementor-section elementor-top-section elementor-element elementor-element-8d56770 elementor-section-boxed elementor-section-height-default elementor-section-height-default\" data-id=\"8d56770\" data-element_type=\"section\" data-settings=\"{&quot;jet_parallax_layout_list&quot;:[{&quot;jet_parallax_layout_image&quot;:{&quot;url&quot;:&quot;&quot;,&quot;id&quot;:&quot;&quot;,&quot;size&quot;:&quot;&quot;},&quot;_id&quot;:&quot;d55bf8f&quot;,&quot;jet_parallax_layout_image_tablet&quot;:{&quot;url&quot;:&quot;&quot;,&quot;id&quot;:&quot;&quot;,&quot;size&quot;:&quot;&quot;},&quot;jet_parallax_layout_image_mobile&quot;:{&quot;url&quot;:&quot;&quot;,&quot;id&quot;:&quot;&quot;,&quot;size&quot;:&quot;&quot;},&quot;jet_parallax_layout_speed&quot;:{&quot;unit&quot;:&quot;%&quot;,&quot;size&quot;:50,&quot;sizes&quot;:[]},&quot;jet_parallax_layout_type&quot;:&quot;scroll&quot;,&quot;jet_parallax_layout_direction&quot;:&quot;1&quot;,&quot;jet_parallax_layout_fx_direction&quot;:null,&quot;jet_parallax_layout_z_index&quot;:&quot;&quot;,&quot;jet_parallax_layout_bg_x&quot;:50,&quot;jet_parallax_layout_bg_x_tablet&quot;:&quot;&quot;,&quot;jet_parallax_layout_bg_x_mobile&quot;:&quot;&quot;,&quot;jet_parallax_layout_bg_y&quot;:50,&quot;jet_parallax_layout_bg_y_tablet&quot;:&quot;&quot;,&quot;jet_parallax_layout_bg_y_mobile&quot;:&quot;&quot;,&quot;jet_parallax_layout_bg_size&quot;:&quot;auto&quot;,&quot;jet_parallax_layout_bg_size_tablet&quot;:&quot;&quot;,&quot;jet_parallax_layout_bg_size_mobile&quot;:&quot;&quot;,&quot;jet_parallax_layout_animation_prop&quot;:&quot;transform&quot;,&quot;jet_parallax_layout_on&quot;:[&quot;desktop&quot;,&quot;tablet&quot;]}],&quot;background_background&quot;:&quot;classic&quot;}\">\n\t\t\t\t\t\t<div class=\"elementor-container elementor-column-gap-default\">\n\t\t\t\t\t<div class=\"elementor-column elementor-col-100 elementor-top-column elementor-element elementor-element-df93461\" data-id=\"df93461\" data-element_type=\"column\">\n\t\t\t<div class=\"elementor-widget-wrap elementor-element-populated\">\n\t\t\t\t\t\t<div class=\"elementor-element elementor-element-2384ccb elementor-widget elementor-widget-heading\" data-id=\"2384ccb\" data-element_type=\"widget\" data-widget_type=\"heading.default\">\n\t\t\t\t<div class=\"elementor-widget-container\">\n\t\t\t\t\t<h2 class=\"elementor-heading-title elementor-size-default\">Pol\u00edtica de privacidade da Go Local Inc<\/h2>\t\t\t\t<\/div>\n\t\t\t\t<\/div>\n\t\t\t\t\t<\/div>\n\t\t<\/div>\n\t\t\t\t\t<\/div>\n\t\t<\/section>\n\t\t\t\t<section class=\"elementor-section elementor-top-section elementor-element elementor-element-252cd51 elementor-section-boxed elementor-section-height-default elementor-section-height-default\" data-id=\"252cd51\" data-element_type=\"section\" data-settings=\"{&quot;jet_parallax_layout_list&quot;:[{&quot;jet_parallax_layout_image&quot;:{&quot;url&quot;:&quot;&quot;,&quot;id&quot;:&quot;&quot;,&quot;size&quot;:&quot;&quot;},&quot;_id&quot;:&quot;fe7630d&quot;,&quot;jet_parallax_layout_image_tablet&quot;:{&quot;url&quot;:&quot;&quot;,&quot;id&quot;:&quot;&quot;,&quot;size&quot;:&quot;&quot;},&quot;jet_parallax_layout_image_mobile&quot;:{&quot;url&quot;:&quot;&quot;,&quot;id&quot;:&quot;&quot;,&quot;size&quot;:&quot;&quot;},&quot;jet_parallax_layout_speed&quot;:{&quot;unit&quot;:&quot;%&quot;,&quot;size&quot;:50,&quot;sizes&quot;:[]},&quot;jet_parallax_layout_type&quot;:&quot;scroll&quot;,&quot;jet_parallax_layout_direction&quot;:&quot;1&quot;,&quot;jet_parallax_layout_fx_direction&quot;:null,&quot;jet_parallax_layout_z_index&quot;:&quot;&quot;,&quot;jet_parallax_layout_bg_x&quot;:50,&quot;jet_parallax_layout_bg_x_tablet&quot;:&quot;&quot;,&quot;jet_parallax_layout_bg_x_mobile&quot;:&quot;&quot;,&quot;jet_parallax_layout_bg_y&quot;:50,&quot;jet_parallax_layout_bg_y_tablet&quot;:&quot;&quot;,&quot;jet_parallax_layout_bg_y_mobile&quot;:&quot;&quot;,&quot;jet_parallax_layout_bg_size&quot;:&quot;auto&quot;,&quot;jet_parallax_layout_bg_size_tablet&quot;:&quot;&quot;,&quot;jet_parallax_layout_bg_size_mobile&quot;:&quot;&quot;,&quot;jet_parallax_layout_animation_prop&quot;:&quot;transform&quot;,&quot;jet_parallax_layout_on&quot;:[&quot;desktop&quot;,&quot;tablet&quot;]}]}\">\n\t\t\t\t\t\t<div class=\"elementor-container elementor-column-gap-default\">\n\t\t\t\t\t<div class=\"elementor-column elementor-col-100 elementor-top-column elementor-element elementor-element-9098bfc\" data-id=\"9098bfc\" data-element_type=\"column\">\n\t\t\t<div class=\"elementor-widget-wrap elementor-element-populated\">\n\t\t\t\t\t\t<div class=\"elementor-element elementor-element-c4b6ed7 elementor-widget elementor-widget-text-editor\" data-id=\"c4b6ed7\" data-element_type=\"widget\" data-widget_type=\"text-editor.default\">\n\t\t\t\t<div class=\"elementor-widget-container\">\n\t\t\t\t\t\t\t\t\t<h2>Pol\u00edtica de Privacidade<\/h2>\n<p>A Go Local Inc. tem o compromisso de proteger a privacidade de seus clientes e nos comprometemos a proteger a seguran\u00e7a e a privacidade de suas informa\u00e7\u00f5es pessoais. Ao visualizar este site (https:\/\/golocalmobileguide.com), aplicativos m\u00f3veis Go Local Inc., programas de fidelidade Go Local Inc. ou m\u00eddia social Go Local Inc. (coletivamente, o \u201cPrograma de Marketing Digital\u201d), voc\u00ea reconhece nossas informa\u00e7\u00f5es pr\u00e1ticas de coleta, uso, armazenamento e divulga\u00e7\u00e3o (coletivamente, \u201cPr\u00e1ticas de Privacidade\u201d) e consentir com os termos desta Pol\u00edtica de Privacidade. Para os fins desta Pol\u00edtica de Privacidade, \u201cGo Local Inc.\u201d, \u201cn\u00f3s\u201d, \u201cnosso\u201d ou \u201cnos\u201d refere-se a Go Local Inc., uma corpora\u00e7\u00e3o da Fl\u00f3rida, e inclui todas as nossas Afiliadas (conforme definido abaixo).<\/p>\n<p>Esta Pol\u00edtica de Privacidade deve ser lida em conjunto com os Termos de Uso da Go Local Inc..<\/p>\n<h3><strong>Tipos de informa\u00e7\u00f5es<\/strong><\/h3>\n<p>Voc\u00ea n\u00e3o tem obriga\u00e7\u00e3o de fornecer informa\u00e7\u00f5es pessoais \u00e0 Go Local Inc.. Uso do Programa de Marketing Digital, compra\/consumo em nossas lojas e participa\u00e7\u00e3o em v\u00e1rias iniciativas da Go Local Inc. (incluindo, sem limita\u00e7\u00e3o, qualquer programa de recompensa ao cliente, promo\u00e7\u00f5es, pesquisas, enquetes e sorteios), no entanto, podem exigir a divulga\u00e7\u00e3o de informa\u00e7\u00f5es pessoais. Os tipos de informa\u00e7\u00f5es que voc\u00ea pode fornecer \u00e0 Go Local Inc. incluem: (i) informa\u00e7\u00f5es de identifica\u00e7\u00e3o pessoal (\u201cPII\u201d) e (ii) outras informa\u00e7\u00f5es n\u00e3o identific\u00e1veis (\u201cN\u00e3o-PII\u201d e juntamente com \u201cPII\u201d, \u201cInforma\u00e7\u00f5es do cliente\u201d) . PII s\u00e3o informa\u00e7\u00f5es que podem ser razoavelmente usadas para identific\u00e1-lo, incluindo, sem limita\u00e7\u00e3o, seu nome, endere\u00e7o, endere\u00e7o(s) de e-mail, n\u00famero(s) de telefone, data de nascimento, informa\u00e7\u00f5es financeiras (incluindo informa\u00e7\u00f5es de cart\u00e3o de cr\u00e9dito e d\u00e9bito), informa\u00e7\u00f5es domiciliares, informa\u00e7\u00f5es demogr\u00e1ficas e fotografia. N\u00e3o-PII s\u00e3o informa\u00e7\u00f5es que n\u00e3o identificam voc\u00ea e podem incluir informa\u00e7\u00f5es estat\u00edsticas sobre o uso do Programa de Marketing Digital.<\/p>\n<h3>Uso de informa\u00e7\u00f5es<\/h3>\n<p>A Go Local Inc. pode usar as Informa\u00e7\u00f5es do Cliente, ou qualquer parte delas, para: (i) concluir e gerenciar compras, pedidos, devolu\u00e7\u00f5es e trocas; (ii) enviar-lhe comunica\u00e7\u00f5es promocionais e de marketing relativas \u00e0 Go Local Inc. e aos seus produtos e servi\u00e7os; (iii) compartilhamento de dados com nossos Afiliados e parceiros de neg\u00f3cios; (iv) enviar cupons, cupons m\u00f3veis, newsletters, e-mails e mensagens m\u00f3veis; (v) realizar pesquisas e an\u00e1lises; (vi) administrar concursos e sorteios; (vii) criar conte\u00fado, ofertas, servi\u00e7os e publicidade personalizados; (viii) prevenir transa\u00e7\u00f5es fraudulentas e roubos; e (ix) cumprir a lei aplic\u00e1vel, solicita\u00e7\u00e3o governamental, ordem judicial ou de outra forma proteger os direitos, propriedade ou seguran\u00e7a da Go Local Inc. ou de outros. A Go Local Inc. pode usar Non-PII para analisar tend\u00eancias e rastrear a navega\u00e7\u00e3o dentro do Programa de Marketing Digital.<\/p>\n<h3>Biscoitos<\/h3>\n<p>Podemos usar cookies (um pequeno arquivo de texto identificador exclusivo), web beacons (um pequeno gr\u00e1fico) e outras tecnologias para receber e armazenar certos tipos de informa\u00e7\u00f5es sempre que voc\u00ea interagir com o Programa de Marketing Digital por meio de seu computador ou dispositivo habilitado para internet . O objetivo dessa tecnologia \u00e9 identific\u00e1-lo quando voc\u00ea visita o Programa de Marketing Digital para que possamos aprimorar e personalizar sua experi\u00eancia online. Voc\u00ea pode configurar seu navegador para que ele n\u00e3o aceite cookies. Voc\u00ea tamb\u00e9m pode excluir manualmente os cookies do seu computador. Para obter mais informa\u00e7\u00f5es sobre como desativar os cookies, voc\u00ea deve consultar o provedor dos servi\u00e7os do seu navegador. Se voc\u00ea desativar os cookies, no entanto, partes do Programa de Marketing Digital podem n\u00e3o funcionar corretamente.<\/p>\n<p>Podemos coletar certas informa\u00e7\u00f5es t\u00e9cnicas de seu computador ou dispositivo habilitado para internet quando voc\u00ea visita nossos sites e outras \u00e1reas dentro de nosso Programa de Marketing Digital, incluindo, sem limita\u00e7\u00e3o, seu endere\u00e7o de Protocolo de Internet (IP), o sistema operacional do seu computador, tipo de navegador e qualquer endere\u00e7o de site de refer\u00eancia. Usamos essas informa\u00e7\u00f5es para aprimorar sua experi\u00eancia durante sua visita aos nossos sites e outras \u00e1reas do nosso Programa de Marketing Digital e para fins de administra\u00e7\u00e3o do sistema, seguran\u00e7a e solu\u00e7\u00e3o de problemas.<\/p>\n<p>Podemos usar software de terceiros para fornecer an\u00fancios no Programa de Marketing Digital, implementar campanhas de marketing por e-mail e gerenciar outras iniciativas de marketing interativo.<\/p>\n<h3>M\u00eddia social<\/h3>\n<p>O Programa de Marketing Digital pode incluir recursos e widgets de m\u00eddia social, incluindo Facebook, Pinterest, Instagram, Twitter e outras redes sociais. Os recursos e widgets de m\u00eddia social est\u00e3o sujeitos \u00e0s suas pr\u00f3prias pol\u00edticas de privacidade. Recomendamos que voc\u00ea leia a pol\u00edtica de privacidade de cada empresa de m\u00eddia social antes de usar os recursos ou widgets.<\/p>\n<h3>Aplica\u00e7\u00f5es M\u00f3veis<\/h3>\n<p>Os aplicativos m\u00f3veis podem coletar certas informa\u00e7\u00f5es de voc\u00ea automaticamente, incluindo, sem limita\u00e7\u00e3o, o tipo de dispositivo m\u00f3vel, o endere\u00e7o de protocolo de Internet (IP) de seu dispositivo m\u00f3vel, seu sistema operacional m\u00f3vel e a localiza\u00e7\u00e3o de seu dispositivo m\u00f3vel (desde que voc\u00ea forne\u00e7a permiss\u00e3o para a aplica\u00e7\u00e3o de servi\u00e7os de localiza\u00e7\u00e3o). Voc\u00ea pode interromper a coleta de informa\u00e7\u00f5es por meio de seu dispositivo m\u00f3vel desinstalando os aplicativos m\u00f3veis (ou, para descontinuar apenas as informa\u00e7\u00f5es de localiza\u00e7\u00e3o, voc\u00ea pode ajustar suas configura\u00e7\u00f5es de permiss\u00e3o em seu dispositivo m\u00f3vel.<\/p>\n<h3>Privacidade das Crian\u00e7as<\/h3>\n<p>Em um esfor\u00e7o para cumprir a Lei de Prote\u00e7\u00e3o \u00e0 Privacidade Online das Crian\u00e7as, pedimos que crian\u00e7as menores de 13 (treze) anos n\u00e3o forne\u00e7am nenhuma PII no Programa de Marketing Digital. Se voc\u00ea \u00e9 pai ou respons\u00e1vel de uma crian\u00e7a com menos de treze (13) anos e acredita que seu filho forneceu PII \u00e0 Go Local Inc., entre em contato conosco em privacypolicy@greatlocations.com<\/p>\n<h3>C\u00e2meras na loja<\/h3>\n<p>Podemos usar c\u00e2meras na loja para fins operacionais e de seguran\u00e7a.<\/p>\n<h3>Links<\/h3>\n<p>O Programa de Marketing Digital pode conter links para outros sites que n\u00e3o controlamos. N\u00e3o somos respons\u00e1veis pelas pr\u00e1ticas de privacidade de qualquer site vinculado. Quaisquer Informa\u00e7\u00f5es do Cliente que voc\u00ea fornecer ao acessar um site de terceiros est\u00e3o sujeitas \u00e0 pol\u00edtica de privacidade desse terceiro. N\u00e3o controlamos o uso das informa\u00e7\u00f5es do cliente que voc\u00ea fornece a terceiros e n\u00e3o assumimos nenhuma responsabilidade pelo compartilhamento de informa\u00e7\u00f5es com eles.<\/p>\n<h3>Excluir<\/h3>\n<p>Se voc\u00ea n\u00e3o deseja receber nenhum e-mail promocional, telefonemas promocionais ou e-mails promocionais, entre em contato conosco em privacypolicy@greatlocations.com<\/p>\n<h3>Seguran\u00e7a de dados<\/h3>\n<p>Mantemos protocolos de seguran\u00e7a rigorosos, incluindo prote\u00e7\u00f5es f\u00edsicas, eletr\u00f4nicas e processuais, para proteger as Informa\u00e7\u00f5es do Cliente. Esses protocolos incluem conformidade com leis e regulamentos federais e o uso de criptografia Secure Socket Layer (SSL) para evitar qualquer perda, uso indevido, acesso n\u00e3o autorizado ou divulga\u00e7\u00e3o de suas informa\u00e7\u00f5es pessoais. Embora nos esforcemos para manter a seguran\u00e7a dos dados, n\u00e3o garantimos ou garantimos sua seguran\u00e7a.<\/p>\n<h3>Atualiza\u00e7\u00f5es da Pol\u00edtica de Privacidade<\/h3>\n<p>De tempos em tempos, podemos modificar esta Pol\u00edtica de Privacidade para refletir as iniciativas do setor ou mudan\u00e7as na lei, tecnologia, Pr\u00e1ticas de Privacidade da Go Local Inc. ou os recursos do Programa de Marketing Digital. Todas as modifica\u00e7\u00f5es e atualiza\u00e7\u00f5es entrar\u00e3o em vigor ap\u00f3s a publica\u00e7\u00e3o. Seu uso continuado do Programa de Marketing Digital ap\u00f3s publicarmos uma Pol\u00edtica de Privacidade atualizada significa sua aceita\u00e7\u00e3o da nova Pol\u00edtica de Privacidade. Voc\u00ea deve revisar esta Pol\u00edtica de Privacidade regularmente para garantir que est\u00e1 ciente de quaisquer altera\u00e7\u00f5es.<\/p>\n<h3>Contate-nos<\/h3>\n<p>Se voc\u00ea quiser se comunicar com a Go Local Inc. sobre esta Pol\u00edtica de Privacidade, sinta-se \u00e0 vontade para entrar em contato conosco em privacypolicy@greatlocations.com<\/p>\n<p><b>Copyright \u00a9 Go Local Inc. Todos os direitos reservados.<\/b><\/p>\t\t\t\t\t\t\t\t<\/div>\n\t\t\t\t<\/div>\n\t\t\t\t\t<\/div>\n\t\t<\/div>\n\t\t\t\t\t<\/div>\n\t\t<\/section>\n\t\t\t\t<\/div>","protected":false},"excerpt":{"rendered":"<p>Go Local Inc. Pol\u00edtica de privacidade Pol\u00edtica de privacidade Go Local Inc. est\u00e1 comprometida em proteger a privacidade de seus clientes, e nos comprometemos a proteger a seguran\u00e7a e privacidade de suas informa\u00e7\u00f5es pessoais. Ao visualizar este site (https:\/\/golocalmobileguide.com), os aplicativos m\u00f3veis da Go Local Inc., os programas de fidelidade da Go Local Inc. ou a m\u00eddia social da Go Local Inc. (coletivamente, o \u201cDigital [\u2026]<\/p>","protected":false},"author":6,"featured_media":0,"parent":0,"menu_order":0,"comment_status":"closed","ping_status":"closed","template":"","meta":{"footnotes":""},"class_list":["post-21900","page","type-page","status-publish","hentry"],"yoast_head":"<!-- This site is optimized with the Yoast SEO plugin v26.8 - https:\/\/yoast.com\/product\/yoast-seo-wordpress\/ -->\n<title>Privacy Policy - Go Local<\/title>\n<meta name=\"robots\" content=\"index, follow, max-snippet:-1, max-image-preview:large, max-video-preview:-1\" \/>\n<link rel=\"canonical\" href=\"https:\/\/golocalmobileguide.com\/pt_br\/privacy-policy-2\/\" \/>\n<meta property=\"og:locale\" content=\"pt_BR\" \/>\n<meta property=\"og:type\" content=\"article\" \/>\n<meta property=\"og:title\" content=\"Privacy Policy - Go Local\" \/>\n<meta property=\"og:description\" content=\"Go Local Inc&nbsp;Privacy Policy Privacy Policy Go Local Inc. is committed to protecting the privacy of its customers, and we pledge to protect the security and privacy of your personal information. By viewing this website (https:\/\/golocalmobileguide.com), Go Local Inc. &nbsp;mobile applications, Go Local Inc. &nbsp;loyalty programs, or Go Local Inc. &nbsp;social media (collectively, the \u201cDigital [&hellip;]\" \/>\n<meta property=\"og:url\" content=\"https:\/\/golocalmobileguide.com\/pt_br\/privacy-policy-2\/\" \/>\n<meta property=\"og:site_name\" content=\"Go Local\" \/>\n<meta property=\"article:publisher\" content=\"https:\/\/www.facebook.com\/profile.php?id=100088263084418\" \/>\n<meta property=\"article:modified_time\" content=\"2022-04-05T21:03:22+00:00\" \/>\n<meta property=\"og:image\" content=\"https:\/\/golocalmobileguide.com\/wp-content\/uploads\/2021\/11\/GL_Logo_blue.png\" \/>\n\t<meta property=\"og:image:width\" content=\"551\" \/>\n\t<meta property=\"og:image:height\" content=\"95\" \/>\n\t<meta property=\"og:image:type\" content=\"image\/png\" \/>\n<meta name=\"twitter:card\" content=\"summary_large_image\" \/>\n<meta name=\"twitter:label1\" content=\"Est. tempo de leitura\" \/>\n\t<meta name=\"twitter:data1\" content=\"6 minutos\" \/>\n<script type=\"application\/ld+json\" class=\"yoast-schema-graph\">{\"@context\":\"https:\/\/schema.org\",\"@graph\":[{\"@type\":\"WebPage\",\"@id\":\"https:\/\/golocalmobileguide.com\/pt_br\/privacy-policy-2\/\",\"url\":\"https:\/\/golocalmobileguide.com\/pt_br\/privacy-policy-2\/\",\"name\":\"Privacy Policy - Go Local\",\"isPartOf\":{\"@id\":\"https:\/\/golocalmobileguide.com\/#website\"},\"datePublished\":\"2022-04-05T20:58:34+00:00\",\"dateModified\":\"2022-04-05T21:03:22+00:00\",\"breadcrumb\":{\"@id\":\"https:\/\/golocalmobileguide.com\/pt_br\/privacy-policy-2\/#breadcrumb\"},\"inLanguage\":\"pt-BR\",\"potentialAction\":[{\"@type\":\"ReadAction\",\"target\":[\"https:\/\/golocalmobileguide.com\/pt_br\/privacy-policy-2\/\"]}]},{\"@type\":\"BreadcrumbList\",\"@id\":\"https:\/\/golocalmobileguide.com\/pt_br\/privacy-policy-2\/#breadcrumb\",\"itemListElement\":[{\"@type\":\"ListItem\",\"position\":1,\"name\":\"Home\",\"item\":\"https:\/\/golocalmobileguide.com\/\"},{\"@type\":\"ListItem\",\"position\":2,\"name\":\"Privacy Policy\"}]},{\"@type\":\"WebSite\",\"@id\":\"https:\/\/golocalmobileguide.com\/#website\",\"url\":\"https:\/\/golocalmobileguide.com\/\",\"name\":\"Go Local\",\"description\":\"Local Area Mobile Guide\",\"publisher\":{\"@id\":\"https:\/\/golocalmobileguide.com\/#organization\"},\"potentialAction\":[{\"@type\":\"SearchAction\",\"target\":{\"@type\":\"EntryPoint\",\"urlTemplate\":\"https:\/\/golocalmobileguide.com\/?s={search_term_string}\"},\"query-input\":{\"@type\":\"PropertyValueSpecification\",\"valueRequired\":true,\"valueName\":\"search_term_string\"}}],\"inLanguage\":\"pt-BR\"},{\"@type\":\"Organization\",\"@id\":\"https:\/\/golocalmobileguide.com\/#organization\",\"name\":\"Go Local Mobile Area Guide\",\"url\":\"https:\/\/golocalmobileguide.com\/\",\"logo\":{\"@type\":\"ImageObject\",\"inLanguage\":\"pt-BR\",\"@id\":\"https:\/\/golocalmobileguide.com\/#\/schema\/logo\/image\/\",\"url\":\"https:\/\/golocalmobileguide.com\/wp-content\/uploads\/2021\/11\/GL_Logo_blue.png\",\"contentUrl\":\"https:\/\/golocalmobileguide.com\/wp-content\/uploads\/2021\/11\/GL_Logo_blue.png\",\"width\":551,\"height\":95,\"caption\":\"Go Local Mobile Area Guide\"},\"image\":{\"@id\":\"https:\/\/golocalmobileguide.com\/#\/schema\/logo\/image\/\"},\"sameAs\":[\"https:\/\/www.facebook.com\/profile.php?id=100088263084418\"]}]}<\/script>\n<!-- \/ Yoast SEO plugin. -->","yoast_head_json":{"title":"Privacy Policy - Go Local","robots":{"index":"index","follow":"follow","max-snippet":"max-snippet:-1","max-image-preview":"max-image-preview:large","max-video-preview":"max-video-preview:-1"},"canonical":"https:\/\/golocalmobileguide.com\/pt_br\/privacy-policy-2\/","og_locale":"pt_BR","og_type":"article","og_title":"Privacy Policy - Go Local","og_description":"Go Local Inc&nbsp;Privacy Policy Privacy Policy Go Local Inc. is committed to protecting the privacy of its customers, and we pledge to protect the security and privacy of your personal information. By viewing this website (https:\/\/golocalmobileguide.com), Go Local Inc. &nbsp;mobile applications, Go Local Inc. &nbsp;loyalty programs, or Go Local Inc. &nbsp;social media (collectively, the \u201cDigital [&hellip;]","og_url":"https:\/\/golocalmobileguide.com\/pt_br\/privacy-policy-2\/","og_site_name":"Go Local","article_publisher":"https:\/\/www.facebook.com\/profile.php?id=100088263084418","article_modified_time":"2022-04-05T21:03:22+00:00","og_image":[{"width":551,"height":95,"url":"https:\/\/golocalmobileguide.com\/wp-content\/uploads\/2021\/11\/GL_Logo_blue.png","type":"image\/png"}],"twitter_card":"summary_large_image","twitter_misc":{"Est. tempo de leitura":"6 minutos"},"schema":{"@context":"https:\/\/schema.org","@graph":[{"@type":"WebPage","@id":"https:\/\/golocalmobileguide.com\/pt_br\/privacy-policy-2\/","url":"https:\/\/golocalmobileguide.com\/pt_br\/privacy-policy-2\/","name":"Privacy Policy - Go Local","isPartOf":{"@id":"https:\/\/golocalmobileguide.com\/#website"},"datePublished":"2022-04-05T20:58:34+00:00","dateModified":"2022-04-05T21:03:22+00:00","breadcrumb":{"@id":"https:\/\/golocalmobileguide.com\/pt_br\/privacy-policy-2\/#breadcrumb"},"inLanguage":"pt-BR","potentialAction":[{"@type":"ReadAction","target":["https:\/\/golocalmobileguide.com\/pt_br\/privacy-policy-2\/"]}]},{"@type":"BreadcrumbList","@id":"https:\/\/golocalmobileguide.com\/pt_br\/privacy-policy-2\/#breadcrumb","itemListElement":[{"@type":"ListItem","position":1,"name":"Home","item":"https:\/\/golocalmobileguide.com\/"},{"@type":"ListItem","position":2,"name":"Privacy Policy"}]},{"@type":"WebSite","@id":"https:\/\/golocalmobileguide.com\/#website","url":"https:\/\/golocalmobileguide.com\/","name":"\u00d3timos locais","description":"Guia m\u00f3vel de \u00e1rea local","publisher":{"@id":"https:\/\/golocalmobileguide.com\/#organization"},"potentialAction":[{"@type":"SearchAction","target":{"@type":"EntryPoint","urlTemplate":"https:\/\/golocalmobileguide.com\/?s={search_term_string}"},"query-input":{"@type":"PropertyValueSpecification","valueRequired":true,"valueName":"search_term_string"}}],"inLanguage":"pt-BR"},{"@type":"Organization","@id":"https:\/\/golocalmobileguide.com\/#organization","name":"Guia de localiza\u00e7\u00e3o para dispositivos m\u00f3veis da Go Local","url":"https:\/\/golocalmobileguide.com\/","logo":{"@type":"ImageObject","inLanguage":"pt-BR","@id":"https:\/\/golocalmobileguide.com\/#\/schema\/logo\/image\/","url":"https:\/\/golocalmobileguide.com\/wp-content\/uploads\/2021\/11\/GL_Logo_blue.png","contentUrl":"https:\/\/golocalmobileguide.com\/wp-content\/uploads\/2021\/11\/GL_Logo_blue.png","width":551,"height":95,"caption":"Go Local Mobile Area Guide"},"image":{"@id":"https:\/\/golocalmobileguide.com\/#\/schema\/logo\/image\/"},"sameAs":["https:\/\/www.facebook.com\/profile.php?id=100088263084418"]}]}},"_links":{"self":[{"href":"https:\/\/golocalmobileguide.com\/pt_br\/wp-json\/wp\/v2\/pages\/21900","targetHints":{"allow":["GET"]}}],"collection":[{"href":"https:\/\/golocalmobileguide.com\/pt_br\/wp-json\/wp\/v2\/pages"}],"about":[{"href":"https:\/\/golocalmobileguide.com\/pt_br\/wp-json\/wp\/v2\/types\/page"}],"author":[{"embeddable":true,"href":"https:\/\/golocalmobileguide.com\/pt_br\/wp-json\/wp\/v2\/users\/6"}],"replies":[{"embeddable":true,"href":"https:\/\/golocalmobileguide.com\/pt_br\/wp-json\/wp\/v2\/comments?post=21900"}],"version-history":[{"count":0,"href":"https:\/\/golocalmobileguide.com\/pt_br\/wp-json\/wp\/v2\/pages\/21900\/revisions"}],"wp:attachment":[{"href":"https:\/\/golocalmobileguide.com\/pt_br\/wp-json\/wp\/v2\/media?parent=21900"}],"curies":[{"name":"wp","href":"https:\/\/api.w.org\/{rel}","templated":true}]}}