{"id":21893,"date":"2022-04-05T20:41:28","date_gmt":"2022-04-05T20:41:28","guid":{"rendered":"https:\/\/golocalmobileguide.com\/?page_id=21893"},"modified":"2022-04-05T20:44:57","modified_gmt":"2022-04-05T20:44:57","slug":"accessibility-statement","status":"publish","type":"page","link":"https:\/\/golocalmobileguide.com\/sv\/accessibility-statement\/","title":{"rendered":"Tillg\u00e4nglighetsf\u00f6rklaring"},"content":{"rendered":"<div data-elementor-type=\"wp-page\" data-elementor-id=\"21893\" class=\"elementor elementor-21893\" data-elementor-post-type=\"page\">\n\t\t\t\t\t\t<section class=\"elementor-section elementor-top-section elementor-element elementor-element-8d56770 elementor-section-boxed elementor-section-height-default elementor-section-height-default\" data-id=\"8d56770\" data-element_type=\"section\" data-settings=\"{&quot;jet_parallax_layout_list&quot;:[{&quot;jet_parallax_layout_image&quot;:{&quot;url&quot;:&quot;&quot;,&quot;id&quot;:&quot;&quot;,&quot;size&quot;:&quot;&quot;},&quot;_id&quot;:&quot;d55bf8f&quot;,&quot;jet_parallax_layout_image_tablet&quot;:{&quot;url&quot;:&quot;&quot;,&quot;id&quot;:&quot;&quot;,&quot;size&quot;:&quot;&quot;},&quot;jet_parallax_layout_image_mobile&quot;:{&quot;url&quot;:&quot;&quot;,&quot;id&quot;:&quot;&quot;,&quot;size&quot;:&quot;&quot;},&quot;jet_parallax_layout_speed&quot;:{&quot;unit&quot;:&quot;%&quot;,&quot;size&quot;:50,&quot;sizes&quot;:[]},&quot;jet_parallax_layout_type&quot;:&quot;scroll&quot;,&quot;jet_parallax_layout_direction&quot;:&quot;1&quot;,&quot;jet_parallax_layout_fx_direction&quot;:null,&quot;jet_parallax_layout_z_index&quot;:&quot;&quot;,&quot;jet_parallax_layout_bg_x&quot;:50,&quot;jet_parallax_layout_bg_x_tablet&quot;:&quot;&quot;,&quot;jet_parallax_layout_bg_x_mobile&quot;:&quot;&quot;,&quot;jet_parallax_layout_bg_y&quot;:50,&quot;jet_parallax_layout_bg_y_tablet&quot;:&quot;&quot;,&quot;jet_parallax_layout_bg_y_mobile&quot;:&quot;&quot;,&quot;jet_parallax_layout_bg_size&quot;:&quot;auto&quot;,&quot;jet_parallax_layout_bg_size_tablet&quot;:&quot;&quot;,&quot;jet_parallax_layout_bg_size_mobile&quot;:&quot;&quot;,&quot;jet_parallax_layout_animation_prop&quot;:&quot;transform&quot;,&quot;jet_parallax_layout_on&quot;:[&quot;desktop&quot;,&quot;tablet&quot;]}],&quot;background_background&quot;:&quot;classic&quot;}\">\n\t\t\t\t\t\t<div class=\"elementor-container elementor-column-gap-default\">\n\t\t\t\t\t<div class=\"elementor-column elementor-col-100 elementor-top-column elementor-element elementor-element-df93461\" data-id=\"df93461\" data-element_type=\"column\">\n\t\t\t<div class=\"elementor-widget-wrap elementor-element-populated\">\n\t\t\t\t\t\t<div class=\"elementor-element elementor-element-2384ccb elementor-widget elementor-widget-heading\" data-id=\"2384ccb\" data-element_type=\"widget\" data-widget_type=\"heading.default\">\n\t\t\t\t<div class=\"elementor-widget-container\">\n\t\t\t\t\t<h2 class=\"elementor-heading-title elementor-size-default\">Go Local Inc tillg\u00e4nglighetsf\u00f6rklaring<\/h2>\t\t\t\t<\/div>\n\t\t\t\t<\/div>\n\t\t\t\t\t<\/div>\n\t\t<\/div>\n\t\t\t\t\t<\/div>\n\t\t<\/section>\n\t\t\t\t<section class=\"elementor-section elementor-top-section elementor-element elementor-element-252cd51 elementor-section-boxed elementor-section-height-default elementor-section-height-default\" data-id=\"252cd51\" data-element_type=\"section\" data-settings=\"{&quot;jet_parallax_layout_list&quot;:[{&quot;jet_parallax_layout_image&quot;:{&quot;url&quot;:&quot;&quot;,&quot;id&quot;:&quot;&quot;,&quot;size&quot;:&quot;&quot;},&quot;_id&quot;:&quot;fe7630d&quot;,&quot;jet_parallax_layout_image_tablet&quot;:{&quot;url&quot;:&quot;&quot;,&quot;id&quot;:&quot;&quot;,&quot;size&quot;:&quot;&quot;},&quot;jet_parallax_layout_image_mobile&quot;:{&quot;url&quot;:&quot;&quot;,&quot;id&quot;:&quot;&quot;,&quot;size&quot;:&quot;&quot;},&quot;jet_parallax_layout_speed&quot;:{&quot;unit&quot;:&quot;%&quot;,&quot;size&quot;:50,&quot;sizes&quot;:[]},&quot;jet_parallax_layout_type&quot;:&quot;scroll&quot;,&quot;jet_parallax_layout_direction&quot;:&quot;1&quot;,&quot;jet_parallax_layout_fx_direction&quot;:null,&quot;jet_parallax_layout_z_index&quot;:&quot;&quot;,&quot;jet_parallax_layout_bg_x&quot;:50,&quot;jet_parallax_layout_bg_x_tablet&quot;:&quot;&quot;,&quot;jet_parallax_layout_bg_x_mobile&quot;:&quot;&quot;,&quot;jet_parallax_layout_bg_y&quot;:50,&quot;jet_parallax_layout_bg_y_tablet&quot;:&quot;&quot;,&quot;jet_parallax_layout_bg_y_mobile&quot;:&quot;&quot;,&quot;jet_parallax_layout_bg_size&quot;:&quot;auto&quot;,&quot;jet_parallax_layout_bg_size_tablet&quot;:&quot;&quot;,&quot;jet_parallax_layout_bg_size_mobile&quot;:&quot;&quot;,&quot;jet_parallax_layout_animation_prop&quot;:&quot;transform&quot;,&quot;jet_parallax_layout_on&quot;:[&quot;desktop&quot;,&quot;tablet&quot;]}]}\">\n\t\t\t\t\t\t<div class=\"elementor-container elementor-column-gap-default\">\n\t\t\t\t\t<div class=\"elementor-column elementor-col-100 elementor-top-column elementor-element elementor-element-9098bfc\" data-id=\"9098bfc\" data-element_type=\"column\">\n\t\t\t<div class=\"elementor-widget-wrap elementor-element-populated\">\n\t\t\t\t\t\t<div class=\"elementor-element elementor-element-c4b6ed7 elementor-widget elementor-widget-text-editor\" data-id=\"c4b6ed7\" data-element_type=\"widget\" data-widget_type=\"text-editor.default\">\n\t\t\t\t<div class=\"elementor-widget-container\">\n\t\t\t\t\t\t\t\t\t<h1><span style=\"color: var( --e-global-color-text ); font-family: var( --e-global-typography-text-font-family ), Sans-serif; font-weight: var( --e-global-typography-text-font-weight ); font-size: 1rem;\">Uppdaterad: april 2022.<\/span><\/h1><h2>Allm\u00e4n<\/h2><p>Go Local Inc str\u00e4var efter att s\u00e4kerst\u00e4lla att dess tj\u00e4nster \u00e4r tillg\u00e4ngliga f\u00f6r personer med funktionsneds\u00e4ttning. Go Local Inc har investerat en betydande m\u00e4ngd resurser f\u00f6r att hj\u00e4lpa till att s\u00e4kerst\u00e4lla att dess webbplats g\u00f6rs enklare att anv\u00e4nda och mer tillg\u00e4nglig f\u00f6r personer med funktionsneds\u00e4ttning, med den starka \u00f6vertygelsen att insatser f\u00f6r tillg\u00e4nglighet till webbplatser hj\u00e4lper alla anv\u00e4ndare och att varje person har r\u00e4tt att leva med v\u00e4rdighet, j\u00e4mlikhet, komfort och oberoende.<\/p><h2>Tillg\u00e4nglighet p\u00e5 golocalmobileguide.com<\/h2><p>golocalmobileguide.com g\u00f6r\u00a0<a title=\"Gratis widget f\u00f6r webbtillg\u00e4nglighet\" href=\"https:\/\/userway.org\">UserWays widget f\u00f6r webbtillg\u00e4nglighet<\/a>\u00a0tillg\u00e4nglig som drivs av en dedikerad tillg\u00e4nglighetsserver. Programvaran g\u00f6r det m\u00f6jligt f\u00f6r golocalmobileguide.com att f\u00f6rb\u00e4ttra sin \u00f6verensst\u00e4mmelse med riktlinjerna f\u00f6r tillg\u00e4nglighet f\u00f6r webbinneh\u00e5ll (WCAG 2.1).<\/p><h2>Aktiverar tillg\u00e4nglighetsmenyn<\/h2><p>Tillg\u00e4nglighetsmenyn golocalmobileguide.com kan aktiveras genom att klicka p\u00e5 ikonen f\u00f6r tillg\u00e4nglighetsmeny som visas i h\u00f6rnet p\u00e5 sidan. Efter att ha aktiverat tillg\u00e4nglighetsmenyn, v\u00e4nta ett \u00f6gonblick tills tillg\u00e4nglighetsmenyn laddas i sin helhet.<\/p><h2>varning<\/h2><p>Go Local Inc forts\u00e4tter sina anstr\u00e4ngningar f\u00f6r att st\u00e4ndigt f\u00f6rb\u00e4ttra tillg\u00e4ngligheten f\u00f6r sin webbplats och tj\u00e4nster i tron att det \u00e4r v\u00e5r kollektiva moraliska skyldighet att till\u00e5ta s\u00f6ml\u00f6s, tillg\u00e4nglig och obehindrad anv\u00e4ndning \u00e4ven f\u00f6r de av oss med funktionsneds\u00e4ttning.<\/p><p>I ett p\u00e5g\u00e5ende f\u00f6rs\u00f6k att kontinuerligt f\u00f6rb\u00e4ttra och \u00e5tg\u00e4rda tillg\u00e4nglighetsproblem, skannar vi ocks\u00e5 regelbundet av golocalmobileguide.com med UserWay&#039;s <a title=\"Gratis webbplatstillg\u00e4nglighetsskanner\" href=\"https:\/\/UserWay.org\/scanner\">Accessibility Scanner<\/a> att identifiera och \u00e5tg\u00e4rda alla m\u00f6jliga tillg\u00e4nglighetshinder p\u00e5 v\u00e5r webbplats. Trots v\u00e5ra anstr\u00e4ngningar att g\u00f6ra alla sidor och inneh\u00e5ll p\u00e5 golocalmobileguide.com fullt tillg\u00e4ngligt, kanske en del inneh\u00e5ll \u00e4nnu inte helt har anpassats till de str\u00e4ngaste tillg\u00e4nglighetsstandarderna. Detta kan bero p\u00e5 att man inte har hittat eller identifierat den mest l\u00e4mpliga tekniska l\u00f6sningen.<\/p><h2>H\u00e4r f\u00f6r dig<\/h2><p>Om du har problem med n\u00e5got inneh\u00e5ll p\u00e5 golocalmobileguide.com eller beh\u00f6ver hj\u00e4lp med n\u00e5gon del av v\u00e5r webbplats, v\u00e4nligen kontakta oss under normala \u00f6ppettider enligt nedan, s\u00e5 hj\u00e4lper vi dig g\u00e4rna.<\/p><h2>Kontakta oss<\/h2><p>Om du vill rapportera ett tillg\u00e4nglighetsproblem, har n\u00e5gra fr\u00e5gor eller beh\u00f6ver hj\u00e4lp, v\u00e4nligen kontakta Go Local Incs kundsupport enligt f\u00f6ljande:<\/p><p>E-post:\u00a0<a href=\"mailto:greatlocations@disartmedia.net\">greatlocations@disartmedia.net<\/a><\/p>\t\t\t\t\t\t\t\t<\/div>\n\t\t\t\t<\/div>\n\t\t\t\t\t<\/div>\n\t\t<\/div>\n\t\t\t\t\t<\/div>\n\t\t<\/section>\n\t\t\t\t<\/div>","protected":false},"excerpt":{"rendered":"<p>Go Local Inc:s tillg\u00e4nglighetspolicy Uppdaterad: april 2022. Allm\u00e4nt Go Local Inc str\u00e4var efter att s\u00e4kerst\u00e4lla att dess tj\u00e4nster \u00e4r tillg\u00e4ngliga f\u00f6r personer med funktionsneds\u00e4ttningar. Go Local Inc har investerat betydande resurser f\u00f6r att s\u00e4kerst\u00e4lla att webbplatsen blir enklare att anv\u00e4nda och mer tillg\u00e4nglig f\u00f6r personer med funktionsneds\u00e4ttningar, med den starka \u00f6vertygelsen att webbplatsens tillg\u00e4nglighetsinsatser hj\u00e4lper alla anv\u00e4ndare [\u2026]<\/p>","protected":false},"author":6,"featured_media":0,"parent":0,"menu_order":0,"comment_status":"closed","ping_status":"closed","template":"","meta":{"footnotes":""},"class_list":["post-21893","page","type-page","status-publish","hentry"],"yoast_head":"<!-- This site is optimized with the Yoast SEO plugin v26.8 - https:\/\/yoast.com\/product\/yoast-seo-wordpress\/ -->\n<title>Accessibility Statement - Go Local<\/title>\n<meta name=\"robots\" content=\"index, follow, max-snippet:-1, max-image-preview:large, max-video-preview:-1\" \/>\n<link rel=\"canonical\" href=\"https:\/\/golocalmobileguide.com\/sv\/accessibility-statement\/\" \/>\n<meta property=\"og:locale\" content=\"sv_SE\" \/>\n<meta property=\"og:type\" content=\"article\" \/>\n<meta property=\"og:title\" content=\"Accessibility Statement - Go Local\" \/>\n<meta property=\"og:description\" content=\"Go Local Inc&nbsp;Accessibility Statement Updated:\u00a0April\u00a02022. General Go Local Inc\u00a0strives to ensure that its services are accessible to people with disabilities.\u00a0Go Local Inc\u00a0has invested a significant amount of resources to help ensure that its website is made easier to use and more accessible for people with disabilities, with the strong belief that\u00a0website accessibility\u00a0efforts assist all users [&hellip;]\" \/>\n<meta property=\"og:url\" content=\"https:\/\/golocalmobileguide.com\/sv\/accessibility-statement\/\" \/>\n<meta property=\"og:site_name\" content=\"Go Local\" \/>\n<meta property=\"article:publisher\" content=\"https:\/\/www.facebook.com\/profile.php?id=100088263084418\" \/>\n<meta property=\"article:modified_time\" content=\"2022-04-05T20:44:57+00:00\" \/>\n<meta property=\"og:image\" content=\"https:\/\/golocalmobileguide.com\/wp-content\/uploads\/2021\/11\/GL_Logo_blue.png\" \/>\n\t<meta property=\"og:image:width\" content=\"551\" \/>\n\t<meta property=\"og:image:height\" content=\"95\" \/>\n\t<meta property=\"og:image:type\" content=\"image\/png\" \/>\n<meta name=\"twitter:card\" content=\"summary_large_image\" \/>\n<meta name=\"twitter:label1\" content=\"Ber\u00e4knad l\u00e4stid\" \/>\n\t<meta name=\"twitter:data1\" content=\"2 minuter\" \/>\n<script type=\"application\/ld+json\" class=\"yoast-schema-graph\">{\"@context\":\"https:\/\/schema.org\",\"@graph\":[{\"@type\":\"WebPage\",\"@id\":\"https:\/\/golocalmobileguide.com\/pt_br\/accessibility-statement\/\",\"url\":\"https:\/\/golocalmobileguide.com\/pt_br\/accessibility-statement\/\",\"name\":\"Accessibility Statement - Go Local\",\"isPartOf\":{\"@id\":\"https:\/\/golocalmobileguide.com\/#website\"},\"datePublished\":\"2022-04-05T20:41:28+00:00\",\"dateModified\":\"2022-04-05T20:44:57+00:00\",\"breadcrumb\":{\"@id\":\"https:\/\/golocalmobileguide.com\/pt_br\/accessibility-statement\/#breadcrumb\"},\"inLanguage\":\"sv-SE\",\"potentialAction\":[{\"@type\":\"ReadAction\",\"target\":[\"https:\/\/golocalmobileguide.com\/pt_br\/accessibility-statement\/\"]}]},{\"@type\":\"BreadcrumbList\",\"@id\":\"https:\/\/golocalmobileguide.com\/pt_br\/accessibility-statement\/#breadcrumb\",\"itemListElement\":[{\"@type\":\"ListItem\",\"position\":1,\"name\":\"Home\",\"item\":\"https:\/\/golocalmobileguide.com\/\"},{\"@type\":\"ListItem\",\"position\":2,\"name\":\"Accessibility Statement\"}]},{\"@type\":\"WebSite\",\"@id\":\"https:\/\/golocalmobileguide.com\/#website\",\"url\":\"https:\/\/golocalmobileguide.com\/\",\"name\":\"Go Local\",\"description\":\"Local Area Mobile Guide\",\"publisher\":{\"@id\":\"https:\/\/golocalmobileguide.com\/#organization\"},\"potentialAction\":[{\"@type\":\"SearchAction\",\"target\":{\"@type\":\"EntryPoint\",\"urlTemplate\":\"https:\/\/golocalmobileguide.com\/?s={search_term_string}\"},\"query-input\":{\"@type\":\"PropertyValueSpecification\",\"valueRequired\":true,\"valueName\":\"search_term_string\"}}],\"inLanguage\":\"sv-SE\"},{\"@type\":\"Organization\",\"@id\":\"https:\/\/golocalmobileguide.com\/#organization\",\"name\":\"Go Local Mobile Area Guide\",\"url\":\"https:\/\/golocalmobileguide.com\/\",\"logo\":{\"@type\":\"ImageObject\",\"inLanguage\":\"sv-SE\",\"@id\":\"https:\/\/golocalmobileguide.com\/#\/schema\/logo\/image\/\",\"url\":\"https:\/\/golocalmobileguide.com\/wp-content\/uploads\/2021\/11\/GL_Logo_blue.png\",\"contentUrl\":\"https:\/\/golocalmobileguide.com\/wp-content\/uploads\/2021\/11\/GL_Logo_blue.png\",\"width\":551,\"height\":95,\"caption\":\"Go Local Mobile Area Guide\"},\"image\":{\"@id\":\"https:\/\/golocalmobileguide.com\/#\/schema\/logo\/image\/\"},\"sameAs\":[\"https:\/\/www.facebook.com\/profile.php?id=100088263084418\"]}]}<\/script>\n<!-- \/ Yoast SEO plugin. -->","yoast_head_json":{"title":"Tillg\u00e4nglighetspolicy - Go Local","robots":{"index":"index","follow":"follow","max-snippet":"max-snippet:-1","max-image-preview":"max-image-preview:large","max-video-preview":"max-video-preview:-1"},"canonical":"https:\/\/golocalmobileguide.com\/sv\/accessibility-statement\/","og_locale":"sv_SE","og_type":"article","og_title":"Accessibility Statement - Go Local","og_description":"Go Local Inc&nbsp;Accessibility Statement Updated:\u00a0April\u00a02022. General Go Local Inc\u00a0strives to ensure that its services are accessible to people with disabilities.\u00a0Go Local Inc\u00a0has invested a significant amount of resources to help ensure that its website is made easier to use and more accessible for people with disabilities, with the strong belief that\u00a0website accessibility\u00a0efforts assist all users [&hellip;]","og_url":"https:\/\/golocalmobileguide.com\/sv\/accessibility-statement\/","og_site_name":"Go Local","article_publisher":"https:\/\/www.facebook.com\/profile.php?id=100088263084418","article_modified_time":"2022-04-05T20:44:57+00:00","og_image":[{"width":551,"height":95,"url":"https:\/\/golocalmobileguide.com\/wp-content\/uploads\/2021\/11\/GL_Logo_blue.png","type":"image\/png"}],"twitter_card":"summary_large_image","twitter_misc":{"Ber\u00e4knad l\u00e4stid":"2 minuter"},"schema":{"@context":"https:\/\/schema.org","@graph":[{"@type":"WebPage","@id":"https:\/\/golocalmobileguide.com\/pt_br\/accessibility-statement\/","url":"https:\/\/golocalmobileguide.com\/pt_br\/accessibility-statement\/","name":"Tillg\u00e4nglighetspolicy - Go Local","isPartOf":{"@id":"https:\/\/golocalmobileguide.com\/#website"},"datePublished":"2022-04-05T20:41:28+00:00","dateModified":"2022-04-05T20:44:57+00:00","breadcrumb":{"@id":"https:\/\/golocalmobileguide.com\/pt_br\/accessibility-statement\/#breadcrumb"},"inLanguage":"sv-SE","potentialAction":[{"@type":"ReadAction","target":["https:\/\/golocalmobileguide.com\/pt_br\/accessibility-statement\/"]}]},{"@type":"BreadcrumbList","@id":"https:\/\/golocalmobileguide.com\/pt_br\/accessibility-statement\/#breadcrumb","itemListElement":[{"@type":"ListItem","position":1,"name":"Home","item":"https:\/\/golocalmobileguide.com\/"},{"@type":"ListItem","position":2,"name":"Accessibility Statement"}]},{"@type":"WebSite","@id":"https:\/\/golocalmobileguide.com\/#website","url":"https:\/\/golocalmobileguide.com\/","name":"Fantastiska platser","description":"Local Area Mobile Guide","publisher":{"@id":"https:\/\/golocalmobileguide.com\/#organization"},"potentialAction":[{"@type":"SearchAction","target":{"@type":"EntryPoint","urlTemplate":"https:\/\/golocalmobileguide.com\/?s={search_term_string}"},"query-input":{"@type":"PropertyValueSpecification","valueRequired":true,"valueName":"search_term_string"}}],"inLanguage":"sv-SE"},{"@type":"Organization","@id":"https:\/\/golocalmobileguide.com\/#organization","name":"Guide till bra platser i Mobile-omr\u00e5det","url":"https:\/\/golocalmobileguide.com\/","logo":{"@type":"ImageObject","inLanguage":"sv-SE","@id":"https:\/\/golocalmobileguide.com\/#\/schema\/logo\/image\/","url":"https:\/\/golocalmobileguide.com\/wp-content\/uploads\/2021\/11\/GL_Logo_blue.png","contentUrl":"https:\/\/golocalmobileguide.com\/wp-content\/uploads\/2021\/11\/GL_Logo_blue.png","width":551,"height":95,"caption":"Go Local Mobile Area Guide"},"image":{"@id":"https:\/\/golocalmobileguide.com\/#\/schema\/logo\/image\/"},"sameAs":["https:\/\/www.facebook.com\/profile.php?id=100088263084418"]}]}},"_links":{"self":[{"href":"https:\/\/golocalmobileguide.com\/sv\/wp-json\/wp\/v2\/pages\/21893","targetHints":{"allow":["GET"]}}],"collection":[{"href":"https:\/\/golocalmobileguide.com\/sv\/wp-json\/wp\/v2\/pages"}],"about":[{"href":"https:\/\/golocalmobileguide.com\/sv\/wp-json\/wp\/v2\/types\/page"}],"author":[{"embeddable":true,"href":"https:\/\/golocalmobileguide.com\/sv\/wp-json\/wp\/v2\/users\/6"}],"replies":[{"embeddable":true,"href":"https:\/\/golocalmobileguide.com\/sv\/wp-json\/wp\/v2\/comments?post=21893"}],"version-history":[{"count":0,"href":"https:\/\/golocalmobileguide.com\/sv\/wp-json\/wp\/v2\/pages\/21893\/revisions"}],"wp:attachment":[{"href":"https:\/\/golocalmobileguide.com\/sv\/wp-json\/wp\/v2\/media?parent=21893"}],"curies":[{"name":"wp","href":"https:\/\/api.w.org\/{rel}","templated":true}]}}