{"id":21900,"date":"2022-04-05T20:58:34","date_gmt":"2022-04-05T20:58:34","guid":{"rendered":"https:\/\/golocalmobileguide.com\/?page_id=21900"},"modified":"2022-04-05T21:03:22","modified_gmt":"2022-04-05T21:03:22","slug":"privacy-policy-2","status":"publish","type":"page","link":"https:\/\/golocalmobileguide.com\/sv\/privacy-policy-2\/","title":{"rendered":"Integritetspolicy"},"content":{"rendered":"<div data-elementor-type=\"wp-page\" data-elementor-id=\"21900\" class=\"elementor elementor-21900\" data-elementor-post-type=\"page\">\n\t\t\t\t\t\t<section class=\"elementor-section elementor-top-section elementor-element elementor-element-8d56770 elementor-section-boxed elementor-section-height-default elementor-section-height-default\" data-id=\"8d56770\" data-element_type=\"section\" data-settings=\"{&quot;jet_parallax_layout_list&quot;:[{&quot;jet_parallax_layout_image&quot;:{&quot;url&quot;:&quot;&quot;,&quot;id&quot;:&quot;&quot;,&quot;size&quot;:&quot;&quot;},&quot;_id&quot;:&quot;d55bf8f&quot;,&quot;jet_parallax_layout_image_tablet&quot;:{&quot;url&quot;:&quot;&quot;,&quot;id&quot;:&quot;&quot;,&quot;size&quot;:&quot;&quot;},&quot;jet_parallax_layout_image_mobile&quot;:{&quot;url&quot;:&quot;&quot;,&quot;id&quot;:&quot;&quot;,&quot;size&quot;:&quot;&quot;},&quot;jet_parallax_layout_speed&quot;:{&quot;unit&quot;:&quot;%&quot;,&quot;size&quot;:50,&quot;sizes&quot;:[]},&quot;jet_parallax_layout_type&quot;:&quot;scroll&quot;,&quot;jet_parallax_layout_direction&quot;:&quot;1&quot;,&quot;jet_parallax_layout_fx_direction&quot;:null,&quot;jet_parallax_layout_z_index&quot;:&quot;&quot;,&quot;jet_parallax_layout_bg_x&quot;:50,&quot;jet_parallax_layout_bg_x_tablet&quot;:&quot;&quot;,&quot;jet_parallax_layout_bg_x_mobile&quot;:&quot;&quot;,&quot;jet_parallax_layout_bg_y&quot;:50,&quot;jet_parallax_layout_bg_y_tablet&quot;:&quot;&quot;,&quot;jet_parallax_layout_bg_y_mobile&quot;:&quot;&quot;,&quot;jet_parallax_layout_bg_size&quot;:&quot;auto&quot;,&quot;jet_parallax_layout_bg_size_tablet&quot;:&quot;&quot;,&quot;jet_parallax_layout_bg_size_mobile&quot;:&quot;&quot;,&quot;jet_parallax_layout_animation_prop&quot;:&quot;transform&quot;,&quot;jet_parallax_layout_on&quot;:[&quot;desktop&quot;,&quot;tablet&quot;]}],&quot;background_background&quot;:&quot;classic&quot;}\">\n\t\t\t\t\t\t<div class=\"elementor-container elementor-column-gap-default\">\n\t\t\t\t\t<div class=\"elementor-column elementor-col-100 elementor-top-column elementor-element elementor-element-df93461\" data-id=\"df93461\" data-element_type=\"column\">\n\t\t\t<div class=\"elementor-widget-wrap elementor-element-populated\">\n\t\t\t\t\t\t<div class=\"elementor-element elementor-element-2384ccb elementor-widget elementor-widget-heading\" data-id=\"2384ccb\" data-element_type=\"widget\" data-widget_type=\"heading.default\">\n\t\t\t\t<div class=\"elementor-widget-container\">\n\t\t\t\t\t<h2 class=\"elementor-heading-title elementor-size-default\">Go Local Inc. Sekretesspolicy<\/h2>\t\t\t\t<\/div>\n\t\t\t\t<\/div>\n\t\t\t\t\t<\/div>\n\t\t<\/div>\n\t\t\t\t\t<\/div>\n\t\t<\/section>\n\t\t\t\t<section class=\"elementor-section elementor-top-section elementor-element elementor-element-252cd51 elementor-section-boxed elementor-section-height-default elementor-section-height-default\" data-id=\"252cd51\" data-element_type=\"section\" data-settings=\"{&quot;jet_parallax_layout_list&quot;:[{&quot;jet_parallax_layout_image&quot;:{&quot;url&quot;:&quot;&quot;,&quot;id&quot;:&quot;&quot;,&quot;size&quot;:&quot;&quot;},&quot;_id&quot;:&quot;fe7630d&quot;,&quot;jet_parallax_layout_image_tablet&quot;:{&quot;url&quot;:&quot;&quot;,&quot;id&quot;:&quot;&quot;,&quot;size&quot;:&quot;&quot;},&quot;jet_parallax_layout_image_mobile&quot;:{&quot;url&quot;:&quot;&quot;,&quot;id&quot;:&quot;&quot;,&quot;size&quot;:&quot;&quot;},&quot;jet_parallax_layout_speed&quot;:{&quot;unit&quot;:&quot;%&quot;,&quot;size&quot;:50,&quot;sizes&quot;:[]},&quot;jet_parallax_layout_type&quot;:&quot;scroll&quot;,&quot;jet_parallax_layout_direction&quot;:&quot;1&quot;,&quot;jet_parallax_layout_fx_direction&quot;:null,&quot;jet_parallax_layout_z_index&quot;:&quot;&quot;,&quot;jet_parallax_layout_bg_x&quot;:50,&quot;jet_parallax_layout_bg_x_tablet&quot;:&quot;&quot;,&quot;jet_parallax_layout_bg_x_mobile&quot;:&quot;&quot;,&quot;jet_parallax_layout_bg_y&quot;:50,&quot;jet_parallax_layout_bg_y_tablet&quot;:&quot;&quot;,&quot;jet_parallax_layout_bg_y_mobile&quot;:&quot;&quot;,&quot;jet_parallax_layout_bg_size&quot;:&quot;auto&quot;,&quot;jet_parallax_layout_bg_size_tablet&quot;:&quot;&quot;,&quot;jet_parallax_layout_bg_size_mobile&quot;:&quot;&quot;,&quot;jet_parallax_layout_animation_prop&quot;:&quot;transform&quot;,&quot;jet_parallax_layout_on&quot;:[&quot;desktop&quot;,&quot;tablet&quot;]}]}\">\n\t\t\t\t\t\t<div class=\"elementor-container elementor-column-gap-default\">\n\t\t\t\t\t<div class=\"elementor-column elementor-col-100 elementor-top-column elementor-element elementor-element-9098bfc\" data-id=\"9098bfc\" data-element_type=\"column\">\n\t\t\t<div class=\"elementor-widget-wrap elementor-element-populated\">\n\t\t\t\t\t\t<div class=\"elementor-element elementor-element-c4b6ed7 elementor-widget elementor-widget-text-editor\" data-id=\"c4b6ed7\" data-element_type=\"widget\" data-widget_type=\"text-editor.default\">\n\t\t\t\t<div class=\"elementor-widget-container\">\n\t\t\t\t\t\t\t\t\t<h2>Integritetspolicy<\/h2>\n<p>Go Local Inc. har \u00e5tagit sig att skydda sina kunders integritet och vi lovar att skydda s\u00e4kerheten och integriteten f\u00f6r din personliga information. Genom att titta p\u00e5 den h\u00e4r webbplatsen (https:\/\/golocalmobileguide.com), Go Local Inc. mobilapplikationer, Go Local Inc. lojalitetsprogram eller Go Local Inc. sociala medier (sammantaget, &quot;Digital Marketing Program&quot;), bekr\u00e4ftar du v\u00e5r information praxis f\u00f6r insamling, anv\u00e4ndning, lagring och avsl\u00f6jande (sammantaget &quot;sekretesspraxis&quot;) och samtycker till villkoren i denna integritetspolicy. F\u00f6r syftet med denna integritetspolicy h\u00e4nvisar &quot;Go Local Inc.&quot;, &quot;vi&quot;, &quot;v\u00e5r&quot; eller &quot;oss&quot; till Go Local Inc., ett Florida-f\u00f6retag, och inkluderar alla v\u00e5ra affiliates (enligt definitionen nedan).<\/p>\n<p>Denna integritetspolicy m\u00e5ste l\u00e4sas tillsammans med Go Local Inc. Anv\u00e4ndarvillkor.<\/p>\n<h3><strong>Typer av information<\/strong><\/h3>\n<p>Du har ingen skyldighet att tillhandah\u00e5lla personlig information till Go Local Inc.. Anv\u00e4ndning av programmet f\u00f6r digital marknadsf\u00f6ring, k\u00f6p\/konsumtion i v\u00e5ra butiker och deltagande i olika initiativ fr\u00e5n Go Local Inc. (inklusive, utan begr\u00e4nsning, eventuella kundbel\u00f6ningsprogram, kampanjer, unders\u00f6kningar, omr\u00f6stningar och utlottningar) kan dock kr\u00e4va avsl\u00f6jande av personlig information. De typer av information du kan l\u00e4mna till Go Local Inc. inkluderar: (i) personligt identifierbar information (&quot;PII&quot;) och (ii) annan icke-identifierbar information (&quot;Icke-PII&quot; och tillsammans med &quot;PII&quot;, &quot;Kundinformation&quot;). . PII \u00e4r information som rimligen skulle kunna anv\u00e4ndas f\u00f6r att identifiera dig, inklusive, utan begr\u00e4nsning, ditt namn, adress, e-postadress(er), telefonnummer, f\u00f6delsedatum, finansiell information (inklusive kredit- och betalkortsinformation), hush\u00e5llsinformation, demografisk information och fotografi. Icke-PII \u00e4r information som inte identifierar dig och kan inkludera statistisk information om anv\u00e4ndningen av programmet f\u00f6r digital marknadsf\u00f6ring.<\/p>\n<h3>Anv\u00e4ndning av information<\/h3>\n<p>Go Local Inc. kan anv\u00e4nda kundinformation, eller n\u00e5gon del d\u00e4rav, f\u00f6r att: (i) slutf\u00f6ra och hantera ink\u00f6p, best\u00e4llningar, returer och byten; (ii) skicka reklam- och marknadsf\u00f6ringskommunikation till dig ang\u00e5ende Go Local Inc. och dess produkter och tj\u00e4nster; (iii) datadelning med v\u00e5ra affiliates och aff\u00e4rspartners; (iv) skicka kuponger, mobilkuponger, nyhetsbrev, e-post och mobilmeddelanden; (v) genomf\u00f6ra forskning och analyser; (vi) administrera t\u00e4vlingar och utlottningar; (vii) skapa personligt anpassat inneh\u00e5ll, erbjudanden, tj\u00e4nster och reklam; (viii) f\u00f6rhindra bedr\u00e4gliga transaktioner och st\u00f6ld; och (ix) f\u00f6lja till\u00e4mplig lag, statlig beg\u00e4ran, domstolsbeslut eller p\u00e5 annat s\u00e4tt skydda r\u00e4ttigheterna, egendomen eller s\u00e4kerheten f\u00f6r Go Local Inc. eller andra. Go Local Inc. kan anv\u00e4nda icke-PII f\u00f6r att analysera trender och sp\u00e5ra navigering inom programmet f\u00f6r digital marknadsf\u00f6ring.<\/p>\n<h3>Sm\u00e5kakor<\/h3>\n<p>Vi kan anv\u00e4nda cookies (en liten, unik identifieringstextfil), webb-beacons (en liten grafik) och andra tekniker f\u00f6r att ta emot och lagra vissa typer av information n\u00e4rhelst du interagerar med programmet f\u00f6r digital marknadsf\u00f6ring via din dator eller din internetaktiverade enhet . Syftet med denna teknik \u00e4r att identifiera dig n\u00e4r du bes\u00f6ker programmet f\u00f6r digital marknadsf\u00f6ring s\u00e5 att vi kan f\u00f6rb\u00e4ttra och anpassa din onlineupplevelse. Du kan st\u00e4lla in din webbl\u00e4sare s\u00e5 att den inte accepterar cookies. Du kan ocks\u00e5 manuellt radera cookies fr\u00e5n din dator. F\u00f6r mer information om hur du inaktiverar cookies b\u00f6r du r\u00e5dg\u00f6ra med leverant\u00f6ren av dina webbl\u00e4sartj\u00e4nster. Om du inaktiverar cookies kanske delar av programmet f\u00f6r digital marknadsf\u00f6ring inte fungerar korrekt.<\/p>\n<p>Vi kan samla in viss teknisk information fr\u00e5n din dator eller internetaktiverade enhet n\u00e4r du bes\u00f6ker v\u00e5ra webbplatser och andra omr\u00e5den inom v\u00e5rt program f\u00f6r digital marknadsf\u00f6ring, inklusive, utan begr\u00e4nsning, din IP-adress (Internet Protocol), din dators operativsystem, webbl\u00e4sartyp och n\u00e5gon h\u00e4nvisande webbadress. Vi anv\u00e4nder denna information f\u00f6r att f\u00f6rb\u00e4ttra din upplevelse under ditt bes\u00f6k p\u00e5 v\u00e5ra webbplatser och andra omr\u00e5den inom v\u00e5rt digitala marknadsf\u00f6ringsprogram och f\u00f6r systemadministration, s\u00e4kerhet och fels\u00f6knings\u00e4ndam\u00e5l.<\/p>\n<p>Vi kan anv\u00e4nda programvara fr\u00e5n tredje part f\u00f6r att tillhandah\u00e5lla annonser i programmet f\u00f6r digital marknadsf\u00f6ring, genomf\u00f6ra e-postmarknadsf\u00f6ringskampanjer och hantera andra interaktiva marknadsf\u00f6ringsinitiativ.<\/p>\n<h3>Sociala media<\/h3>\n<p>Programmet f\u00f6r digital marknadsf\u00f6ring kan inneh\u00e5lla funktioner och widgets f\u00f6r sociala medier, inklusive Facebook, Pinterest, Instagram, Twitter och andra sociala n\u00e4tverk. Sociala mediefunktioner och widgets omfattas av deras egna sekretesspolicyer. Vi uppmuntrar dig att l\u00e4sa varje sociala medief\u00f6retags sekretesspolicy innan du anv\u00e4nder funktionerna eller widgetarna.<\/p>\n<h3>Mobila applikationer<\/h3>\n<p>Mobilapplikationer kan samla in viss information fr\u00e5n dig automatiskt, inklusive, utan begr\u00e4nsning, typen av mobil enhet, Internet Protocol (IP)-adressen f\u00f6r din mobila enhet, ditt mobila operativsystem och platsen f\u00f6r din mobila enhet (f\u00f6rutsatt att du ger tillst\u00e5nd f\u00f6r till\u00e4mpning av lokaliseringstj\u00e4nster). Du kan stoppa insamlingen av information via din mobila enhet genom att avinstallera mobilapplikationerna (eller, f\u00f6r att endast avbryta platsinformationen, kan du justera dina beh\u00f6righetsinst\u00e4llningar i din mobila enhet.<\/p>\n<h3>Barns integritet<\/h3>\n<p>I ett f\u00f6rs\u00f6k att f\u00f6lja Children&#039;s Online Privacy Protection Act ber vi barn under tretton (13) \u00e5r inte att tillhandah\u00e5lla n\u00e5gon PII p\u00e5 programmet f\u00f6r digital marknadsf\u00f6ring. Om du \u00e4r f\u00f6r\u00e4lder eller v\u00e5rdnadshavare till ett barn under tretton (13) och du tror att ditt barn har tillhandah\u00e5llit PII till Go Local Inc., v\u00e4nligen kontakta oss p\u00e5 privacypolicy@greatlocations.com<\/p>\n<h3>Kameror i butik<\/h3>\n<p>Vi kan anv\u00e4nda kameror i butik f\u00f6r s\u00e4kerhets- och drifts\u00e4ndam\u00e5l.<\/p>\n<h3>L\u00e4nkar<\/h3>\n<p>Programmet f\u00f6r digital marknadsf\u00f6ring kan inneh\u00e5lla l\u00e4nkar till andra webbplatser som vi inte kontrollerar. Vi \u00e4r inte ansvariga f\u00f6r sekretesspraxis f\u00f6r n\u00e5gon l\u00e4nkad webbplats. All kundinformation som du tillhandah\u00e5ller n\u00e4r du g\u00e5r in p\u00e5 en tredje parts webbplats \u00e4r f\u00f6rem\u00e5l f\u00f6r den tredje parts integritetspolicy. Vi kontrollerar inte anv\u00e4ndningen av kundinformation som du tillhandah\u00e5ller till tredje part, och vi tar inget ansvar f\u00f6r att du delar information med dem.<\/p>\n<h3>V\u00e4lja bort<\/h3>\n<p>Om du inte vill ta emot n\u00e5gra reklammeddelanden, reklamtelefonsamtal eller reklam-e-post, v\u00e4nligen kontakta oss p\u00e5 privacypolicy@greatlocations.com<\/p>\n<h3>Datas\u00e4kerhet<\/h3>\n<p>Vi uppr\u00e4tth\u00e5ller strikta s\u00e4kerhetsprotokoll, inklusive fysiska, elektroniska och processuella skydds\u00e5tg\u00e4rder, f\u00f6r att skydda kundinformation. Dessa protokoll inkluderar efterlevnad av federala lagar och f\u00f6rordningar och anv\u00e4ndning av Secure Socket Layer (SSL)-kryptering f\u00f6r att f\u00f6rhindra f\u00f6rlust, missbruk, obeh\u00f6rig \u00e5tkomst eller avsl\u00f6jande av din personliga information. \u00c4ven om vi str\u00e4var efter att uppr\u00e4tth\u00e5lla datas\u00e4kerhet, garanterar eller garanterar vi inte dess s\u00e4kerhet.<\/p>\n<h3>Uppdateringar av sekretesspolicy<\/h3>\n<p>Fr\u00e5n tid till annan kan vi \u00e4ndra denna integritetspolicy f\u00f6r att \u00e5terspegla branschinitiativ eller \u00e4ndringar i lagar, teknik, Go Local Inc.s sekretesspraxis eller funktionerna i programmet f\u00f6r digital marknadsf\u00f6ring. Alla \u00e4ndringar och uppdateringar ska tr\u00e4da i kraft n\u00e4r de publiceras. Din fortsatta anv\u00e4ndning av programmet f\u00f6r digital marknadsf\u00f6ring efter att vi publicerat en uppdaterad sekretesspolicy inneb\u00e4r att du accepterar den nya sekretesspolicyn. Du b\u00f6r granska denna integritetspolicy regelbundet f\u00f6r att s\u00e4kerst\u00e4lla att du \u00e4r medveten om eventuella \u00e4ndringar.<\/p>\n<h3>Kontakta oss<\/h3>\n<p>Om du vill kommunicera med Go Local Inc. om denna sekretesspolicy, var god kontakta oss p\u00e5 privacypolicy@greatlocations.com<\/p>\n<p><b>Copyright \u00a9 Go Local Inc. Alla r\u00e4ttigheter reserverade.<\/b><\/p>\t\t\t\t\t\t\t\t<\/div>\n\t\t\t\t<\/div>\n\t\t\t\t\t<\/div>\n\t\t<\/div>\n\t\t\t\t\t<\/div>\n\t\t<\/section>\n\t\t\t\t<\/div>","protected":false},"excerpt":{"rendered":"<p>Go Local Inc:s integritetspolicy Integritetspolicy Go Local Inc. har \u00e5tagit sig att skydda sina kunders integritet och vi lovar att skydda s\u00e4kerheten och integriteten f\u00f6r din personliga information. Genom att bes\u00f6ka denna webbplats (https:\/\/golocalmobileguide.com), Go Local Inc:s mobilapplikationer, Go Local Inc:s lojalitetsprogram eller Go Local Inc:s sociala medier (gemensamt kallade &quot;Digitala [...])<\/p>","protected":false},"author":6,"featured_media":0,"parent":0,"menu_order":0,"comment_status":"closed","ping_status":"closed","template":"","meta":{"footnotes":""},"class_list":["post-21900","page","type-page","status-publish","hentry"],"yoast_head":"<!-- This site is optimized with the Yoast SEO plugin v26.8 - https:\/\/yoast.com\/product\/yoast-seo-wordpress\/ -->\n<title>Privacy Policy - Go Local<\/title>\n<meta name=\"robots\" content=\"index, follow, max-snippet:-1, max-image-preview:large, max-video-preview:-1\" \/>\n<link rel=\"canonical\" href=\"https:\/\/golocalmobileguide.com\/sv\/privacy-policy-2\/\" \/>\n<meta property=\"og:locale\" content=\"sv_SE\" \/>\n<meta property=\"og:type\" content=\"article\" \/>\n<meta property=\"og:title\" content=\"Privacy Policy - Go Local\" \/>\n<meta property=\"og:description\" content=\"Go Local Inc&nbsp;Privacy Policy Privacy Policy Go Local Inc. is committed to protecting the privacy of its customers, and we pledge to protect the security and privacy of your personal information. By viewing this website (https:\/\/golocalmobileguide.com), Go Local Inc. &nbsp;mobile applications, Go Local Inc. &nbsp;loyalty programs, or Go Local Inc. &nbsp;social media (collectively, the \u201cDigital [&hellip;]\" \/>\n<meta property=\"og:url\" content=\"https:\/\/golocalmobileguide.com\/sv\/privacy-policy-2\/\" \/>\n<meta property=\"og:site_name\" content=\"Go Local\" \/>\n<meta property=\"article:publisher\" content=\"https:\/\/www.facebook.com\/profile.php?id=100088263084418\" \/>\n<meta property=\"article:modified_time\" content=\"2022-04-05T21:03:22+00:00\" \/>\n<meta property=\"og:image\" content=\"https:\/\/golocalmobileguide.com\/wp-content\/uploads\/2021\/11\/GL_Logo_blue.png\" \/>\n\t<meta property=\"og:image:width\" content=\"551\" \/>\n\t<meta property=\"og:image:height\" content=\"95\" \/>\n\t<meta property=\"og:image:type\" content=\"image\/png\" \/>\n<meta name=\"twitter:card\" content=\"summary_large_image\" \/>\n<meta name=\"twitter:label1\" content=\"Ber\u00e4knad l\u00e4stid\" \/>\n\t<meta name=\"twitter:data1\" content=\"6 minuter\" \/>\n<script type=\"application\/ld+json\" class=\"yoast-schema-graph\">{\"@context\":\"https:\/\/schema.org\",\"@graph\":[{\"@type\":\"WebPage\",\"@id\":\"https:\/\/golocalmobileguide.com\/pt_br\/privacy-policy-2\/\",\"url\":\"https:\/\/golocalmobileguide.com\/pt_br\/privacy-policy-2\/\",\"name\":\"Privacy Policy - Go Local\",\"isPartOf\":{\"@id\":\"https:\/\/golocalmobileguide.com\/#website\"},\"datePublished\":\"2022-04-05T20:58:34+00:00\",\"dateModified\":\"2022-04-05T21:03:22+00:00\",\"breadcrumb\":{\"@id\":\"https:\/\/golocalmobileguide.com\/pt_br\/privacy-policy-2\/#breadcrumb\"},\"inLanguage\":\"sv-SE\",\"potentialAction\":[{\"@type\":\"ReadAction\",\"target\":[\"https:\/\/golocalmobileguide.com\/pt_br\/privacy-policy-2\/\"]}]},{\"@type\":\"BreadcrumbList\",\"@id\":\"https:\/\/golocalmobileguide.com\/pt_br\/privacy-policy-2\/#breadcrumb\",\"itemListElement\":[{\"@type\":\"ListItem\",\"position\":1,\"name\":\"Home\",\"item\":\"https:\/\/golocalmobileguide.com\/\"},{\"@type\":\"ListItem\",\"position\":2,\"name\":\"Privacy Policy\"}]},{\"@type\":\"WebSite\",\"@id\":\"https:\/\/golocalmobileguide.com\/#website\",\"url\":\"https:\/\/golocalmobileguide.com\/\",\"name\":\"Go Local\",\"description\":\"Local Area Mobile Guide\",\"publisher\":{\"@id\":\"https:\/\/golocalmobileguide.com\/#organization\"},\"potentialAction\":[{\"@type\":\"SearchAction\",\"target\":{\"@type\":\"EntryPoint\",\"urlTemplate\":\"https:\/\/golocalmobileguide.com\/?s={search_term_string}\"},\"query-input\":{\"@type\":\"PropertyValueSpecification\",\"valueRequired\":true,\"valueName\":\"search_term_string\"}}],\"inLanguage\":\"sv-SE\"},{\"@type\":\"Organization\",\"@id\":\"https:\/\/golocalmobileguide.com\/#organization\",\"name\":\"Go Local Mobile Area Guide\",\"url\":\"https:\/\/golocalmobileguide.com\/\",\"logo\":{\"@type\":\"ImageObject\",\"inLanguage\":\"sv-SE\",\"@id\":\"https:\/\/golocalmobileguide.com\/#\/schema\/logo\/image\/\",\"url\":\"https:\/\/golocalmobileguide.com\/wp-content\/uploads\/2021\/11\/GL_Logo_blue.png\",\"contentUrl\":\"https:\/\/golocalmobileguide.com\/wp-content\/uploads\/2021\/11\/GL_Logo_blue.png\",\"width\":551,\"height\":95,\"caption\":\"Go Local Mobile Area Guide\"},\"image\":{\"@id\":\"https:\/\/golocalmobileguide.com\/#\/schema\/logo\/image\/\"},\"sameAs\":[\"https:\/\/www.facebook.com\/profile.php?id=100088263084418\"]}]}<\/script>\n<!-- \/ Yoast SEO plugin. -->","yoast_head_json":{"title":"Privacy Policy - Go Local","robots":{"index":"index","follow":"follow","max-snippet":"max-snippet:-1","max-image-preview":"max-image-preview:large","max-video-preview":"max-video-preview:-1"},"canonical":"https:\/\/golocalmobileguide.com\/sv\/privacy-policy-2\/","og_locale":"sv_SE","og_type":"article","og_title":"Privacy Policy - Go Local","og_description":"Go Local Inc&nbsp;Privacy Policy Privacy Policy Go Local Inc. is committed to protecting the privacy of its customers, and we pledge to protect the security and privacy of your personal information. By viewing this website (https:\/\/golocalmobileguide.com), Go Local Inc. &nbsp;mobile applications, Go Local Inc. &nbsp;loyalty programs, or Go Local Inc. &nbsp;social media (collectively, the \u201cDigital [&hellip;]","og_url":"https:\/\/golocalmobileguide.com\/sv\/privacy-policy-2\/","og_site_name":"Go Local","article_publisher":"https:\/\/www.facebook.com\/profile.php?id=100088263084418","article_modified_time":"2022-04-05T21:03:22+00:00","og_image":[{"width":551,"height":95,"url":"https:\/\/golocalmobileguide.com\/wp-content\/uploads\/2021\/11\/GL_Logo_blue.png","type":"image\/png"}],"twitter_card":"summary_large_image","twitter_misc":{"Ber\u00e4knad l\u00e4stid":"6 minuter"},"schema":{"@context":"https:\/\/schema.org","@graph":[{"@type":"WebPage","@id":"https:\/\/golocalmobileguide.com\/pt_br\/privacy-policy-2\/","url":"https:\/\/golocalmobileguide.com\/pt_br\/privacy-policy-2\/","name":"Privacy Policy - Go Local","isPartOf":{"@id":"https:\/\/golocalmobileguide.com\/#website"},"datePublished":"2022-04-05T20:58:34+00:00","dateModified":"2022-04-05T21:03:22+00:00","breadcrumb":{"@id":"https:\/\/golocalmobileguide.com\/pt_br\/privacy-policy-2\/#breadcrumb"},"inLanguage":"sv-SE","potentialAction":[{"@type":"ReadAction","target":["https:\/\/golocalmobileguide.com\/pt_br\/privacy-policy-2\/"]}]},{"@type":"BreadcrumbList","@id":"https:\/\/golocalmobileguide.com\/pt_br\/privacy-policy-2\/#breadcrumb","itemListElement":[{"@type":"ListItem","position":1,"name":"Home","item":"https:\/\/golocalmobileguide.com\/"},{"@type":"ListItem","position":2,"name":"Privacy Policy"}]},{"@type":"WebSite","@id":"https:\/\/golocalmobileguide.com\/#website","url":"https:\/\/golocalmobileguide.com\/","name":"Fantastiska platser","description":"Local Area Mobile Guide","publisher":{"@id":"https:\/\/golocalmobileguide.com\/#organization"},"potentialAction":[{"@type":"SearchAction","target":{"@type":"EntryPoint","urlTemplate":"https:\/\/golocalmobileguide.com\/?s={search_term_string}"},"query-input":{"@type":"PropertyValueSpecification","valueRequired":true,"valueName":"search_term_string"}}],"inLanguage":"sv-SE"},{"@type":"Organization","@id":"https:\/\/golocalmobileguide.com\/#organization","name":"Guide till bra platser i Mobile-omr\u00e5det","url":"https:\/\/golocalmobileguide.com\/","logo":{"@type":"ImageObject","inLanguage":"sv-SE","@id":"https:\/\/golocalmobileguide.com\/#\/schema\/logo\/image\/","url":"https:\/\/golocalmobileguide.com\/wp-content\/uploads\/2021\/11\/GL_Logo_blue.png","contentUrl":"https:\/\/golocalmobileguide.com\/wp-content\/uploads\/2021\/11\/GL_Logo_blue.png","width":551,"height":95,"caption":"Go Local Mobile Area Guide"},"image":{"@id":"https:\/\/golocalmobileguide.com\/#\/schema\/logo\/image\/"},"sameAs":["https:\/\/www.facebook.com\/profile.php?id=100088263084418"]}]}},"_links":{"self":[{"href":"https:\/\/golocalmobileguide.com\/sv\/wp-json\/wp\/v2\/pages\/21900","targetHints":{"allow":["GET"]}}],"collection":[{"href":"https:\/\/golocalmobileguide.com\/sv\/wp-json\/wp\/v2\/pages"}],"about":[{"href":"https:\/\/golocalmobileguide.com\/sv\/wp-json\/wp\/v2\/types\/page"}],"author":[{"embeddable":true,"href":"https:\/\/golocalmobileguide.com\/sv\/wp-json\/wp\/v2\/users\/6"}],"replies":[{"embeddable":true,"href":"https:\/\/golocalmobileguide.com\/sv\/wp-json\/wp\/v2\/comments?post=21900"}],"version-history":[{"count":0,"href":"https:\/\/golocalmobileguide.com\/sv\/wp-json\/wp\/v2\/pages\/21900\/revisions"}],"wp:attachment":[{"href":"https:\/\/golocalmobileguide.com\/sv\/wp-json\/wp\/v2\/media?parent=21900"}],"curies":[{"name":"wp","href":"https:\/\/api.w.org\/{rel}","templated":true}]}}